{"id":1401,"date":"2023-04-25T20:36:24","date_gmt":"2023-04-25T20:36:24","guid":{"rendered":"https:\/\/nacor.ca\/conditions-dadmissibilite-provinciales\/"},"modified":"2023-04-30T17:40:16","modified_gmt":"2023-04-30T17:40:16","slug":"conditions-dadmissibilite-provinciales","status":"publish","type":"page","link":"https:\/\/nacor.ca\/fr\/examens-nationaux\/conditions-dadmissibilite-provinciales\/","title":{"rendered":"Conditions d&rsquo;admissibilit\u00e9 provinciales"},"content":{"rendered":"\n<p><strong>Certaines provinces exigent que le candidat s&rsquo;inscrive avant de pouvoir passer les examens nationaux :<\/strong><\/p>\n<div class=\"lightweight-accordion\"><details><summary class=\"lightweight-accordion-title\"><h3><strong>Alberta<\/strong><\/h3><\/summary><div class=\"lightweight-accordion-body\">\n\n<div class=\"wp-block-columns is-layout-flex wp-container-core-columns-is-layout-9d6595d7 wp-block-columns-is-layout-flex\">\n<div class=\"wp-block-column is-layout-flow wp-block-column-is-layout-flow\">\n<p class=\"has-text-align-left\">Les candidats qui souhaitent s&rsquo;inscrire en Alberta doivent d&rsquo;abord \u00eatre inscrits en tant que <strong>\n  <em>opticien provisoire<\/em>\n<\/strong> aupr\u00e8s du College of Opticians of Alberta (COA). Pour de plus amples informations sur l&rsquo;inscription en tant qu&rsquo;opticien provisoire, visitez le site web de l&rsquo;ACO ou envoyez un courriel \u00e0 l&rsquo;adresse suivante <strong>\n  <a href=\"mailto:info@albertaopticians.ca\" target=\"_blank\" rel=\"noreferrer noopener\">info@albertaopticians.ca<\/a>\n<\/strong>.<\/p>\n<\/div>\n\n\n\n<div class=\"wp-block-column text-align:center is-layout-flow wp-block-column-is-layout-flow\">\n<div style=\"height:32px\" aria-hidden=\"true\" class=\"wp-block-spacer\"><\/div>\n\n\n<p><center><a  class=\"x-btn x-btn-real x-btn-rounded x-btn-large\"  href=\"https:\/\/albertaopticians.ca\/applicants-provisional-optician\/\"  target=\"_blank\" rel=\"noopener noreferrer\"   data-options=\"thumbnail: ''\">Visit the COA Website<\/a><\/center><\/p>\n<\/div>\n<\/div>\n\n<\/div><\/details><\/div><div class=\"lightweight-accordion\"><details><summary class=\"lightweight-accordion-title\"><h3><strong>Saskatchewan<\/strong><\/h3><\/summary><div class=\"lightweight-accordion-body\">\n\n<div style=\"height:32px\" aria-hidden=\"true\" class=\"wp-block-spacer\"><\/div>\n\n\n\n<div class=\"wp-block-columns is-layout-flex wp-container-core-columns-is-layout-9d6595d7 wp-block-columns-is-layout-flex\">\n<div class=\"wp-block-column is-layout-flow wp-block-column-is-layout-flow\">\n<p>Les candidats qui souhaitent s&rsquo;inscrire en Saskatchewan doivent \u00eatre inscrits en tant que <strong><em>Opticien restreint<\/em> <\/strong>ou<strong> <em>praticien de lentilles de contact restreint<\/em><\/strong> aupr\u00e8s du Saskatchewan College of Opticians (SCO). Pour de plus amples informations sur l&rsquo;inscription en tant qu&rsquo;opticien ou praticien de lentilles de contact soumis \u00e0 des restrictions, veuillez consulter le site web du SCO ou contacter le SCO par courrier \u00e9lectronique \u00e0 l&rsquo;adresse suivante <strong>\n  <a href=\"mailto:office@scoptic.ca\" target=\"_blank\" rel=\"noreferrer noopener\">office@scoptic.ca<\/a>\n<\/strong>.<\/p>\n<\/div>\n\n\n\n<div class=\"wp-block-column is-layout-flow wp-block-column-is-layout-flow\">\n<div style=\"height:32px\" aria-hidden=\"true\" class=\"wp-block-spacer\"><\/div>\n\n\n<p><center><a  class=\"x-btn x-btn-real x-btn-rounded x-btn-large\"  href=\"https:\/\/scoptic.ca\/\"  target=\"_blank\" rel=\"noopener noreferrer\"   data-options=\"thumbnail: ''\">Visit the SCO Website<\/a><\/center><\/p>\n<\/div>\n<\/div>\n\n<\/div><\/details><\/div><div class=\"lightweight-accordion\"><details><summary class=\"lightweight-accordion-title\"><h3><strong>Ontario<\/strong><\/h3><\/summary><div class=\"lightweight-accordion-body\">\n\n<div class=\"wp-block-columns is-layout-flex wp-container-core-columns-is-layout-9d6595d7 wp-block-columns-is-layout-flex\">\n<div class=\"wp-block-column is-layout-flow wp-block-column-is-layout-flow\">\n<p>Les candidats qui souhaitent s&rsquo;inscrire en Ontario doivent \u00eatre inscrits en tant qu&rsquo;opticien stagiaire. <strong>\n  <em>Opticien stagiaire<\/em>\n<\/strong> aupr\u00e8s de l&rsquo;Ordre des opticiens de l&rsquo;Ontario (OO). Pour de plus amples informations sur l&rsquo;inscription en tant que stagiaire, veuillez consulter le site web du COO ou envoyer un courriel \u00e0 l&rsquo;adresse suivante <strong>\n  <a href=\"mailto:registration@collegeofopticians.ca\" target=\"_blank\" rel=\"noreferrer noopener\">registration@collegeofopticians.ca<\/a>\n<\/strong>.  <\/p>\n<\/div>\n\n\n\n<div class=\"wp-block-column text-align:center is-layout-flow wp-block-column-is-layout-flow\">\n<div style=\"height:32px\" aria-hidden=\"true\" class=\"wp-block-spacer\"><\/div>\n\n\n<p><center><a  class=\"x-btn x-btn-real x-btn-rounded x-btn-large\"  href=\"https:\/\/collegeofopticians.ca\/\"  target=\"_blank\" rel=\"noopener noreferrer\"   data-options=\"thumbnail: ''\">Visit the COO Website<\/a><\/center><\/p>\n<\/div>\n<\/div>\n\n<\/div><\/details><\/div><div class=\"lightweight-accordion\"><details><summary class=\"lightweight-accordion-title\"><h3><strong>Nouveau-Brunswick<\/strong><\/h3><\/summary><div class=\"lightweight-accordion-body\">\n\n<div class=\"wp-block-columns is-layout-flex wp-container-core-columns-is-layout-9d6595d7 wp-block-columns-is-layout-flex\">\n<div class=\"wp-block-column is-layout-flow wp-block-column-is-layout-flow\">\n<p>Les candidats qui demandent \u00e0 \u00eatre enregistr\u00e9s au Nouveau-Brunswick doivent \u00eatre enregistr\u00e9s en tant que <strong>\n  <em>apprenti<\/em>\n<\/strong>,<strong> <\/strong>ou, s&rsquo;il s&rsquo;agit d&rsquo;un Qu\u00e9b\u00e9cois, en tant que <strong>\n  <em>pr\u00e9-candidat<\/em>\n<\/strong> aupr\u00e8s de l&rsquo;Association des opticiens du Nouveau-Brunswick (AONB). Pour plus d&rsquo;informations sur l&rsquo;inscription en tant que pr\u00e9-candidat ou apprenti, visitez le site Web de l&rsquo;OANB ou contactez l&rsquo;OANB par courriel \u00e0 l&rsquo;adresse suivante <strong>\n  <a href=\"mailto:nbgdo@nbnet.nb.ca\" target=\"_blank\" rel=\"noreferrer noopener\">nbgdo@nbnet.nb.ca<\/a>\n<\/strong>.<\/p>\n<\/div>\n\n\n\n<div class=\"wp-block-column is-layout-flow wp-block-column-is-layout-flow\">\n<div style=\"height:32px\" aria-hidden=\"true\" class=\"wp-block-spacer\"><\/div>\n\n\n<p><center><a  class=\"x-btn x-btn-real x-btn-rounded x-btn-large\"  href=\"https:\/\/opticiansnb.com\/\"  target=\"_blank\" rel=\"noopener noreferrer\"   data-options=\"thumbnail: ''\">Visit the OANB Website<\/a><\/center><\/p>\n<\/div>\n<\/div>\n\n<\/div><\/details><\/div>\n<p><\/p>\n","protected":false},"excerpt":{"rendered":"<p>Certaines provinces exigent que le candidat s&rsquo;inscrive avant de pouvoir passer les examens nationaux :<\/p>\n","protected":false},"author":2,"featured_media":0,"parent":1418,"menu_order":0,"comment_status":"closed","ping_status":"closed","template":"","meta":{"footnotes":""},"class_list":["post-1401","page","type-page","status-publish","hentry","no-post-thumbnail"],"yoast_head":"<!-- This site is optimized with the Yoast SEO plugin v27.5 - https:\/\/yoast.com\/product\/yoast-seo-wordpress\/ -->\n<title>Conditions d&#039;admissibilit\u00e9 provinciales - NACOR<\/title>\n<meta name=\"robots\" content=\"index, follow, max-snippet:-1, max-image-preview:large, max-video-preview:-1\" \/>\n<link rel=\"canonical\" href=\"https:\/\/nacor.ca\/fr\/examens-nationaux\/conditions-dadmissibilite-provinciales\/\" \/>\n<meta property=\"og:locale\" content=\"fr_FR\" \/>\n<meta property=\"og:type\" content=\"article\" \/>\n<meta property=\"og:title\" content=\"Conditions d&#039;admissibilit\u00e9 provinciales - NACOR\" \/>\n<meta property=\"og:description\" content=\"Certaines provinces exigent que le candidat s&rsquo;inscrive avant de pouvoir passer les examens nationaux :\" \/>\n<meta property=\"og:url\" content=\"https:\/\/nacor.ca\/fr\/examens-nationaux\/conditions-dadmissibilite-provinciales\/\" \/>\n<meta property=\"og:site_name\" content=\"NACOR\" \/>\n<meta property=\"article:modified_time\" content=\"2023-04-30T17:40:16+00:00\" \/>\n<meta name=\"twitter:card\" content=\"summary_large_image\" \/>\n<meta name=\"twitter:label1\" content=\"Dur\u00e9e de lecture estim\u00e9e\" \/>\n\t<meta name=\"twitter:data1\" content=\"2 minutes\" \/>\n<script type=\"application\/ld+json\" class=\"yoast-schema-graph\">{\"@context\":\"https:\\\/\\\/schema.org\",\"@graph\":[{\"@type\":\"WebPage\",\"@id\":\"https:\\\/\\\/nacor.ca\\\/fr\\\/examens-nationaux\\\/conditions-dadmissibilite-provinciales\\\/\",\"url\":\"https:\\\/\\\/nacor.ca\\\/fr\\\/examens-nationaux\\\/conditions-dadmissibilite-provinciales\\\/\",\"name\":\"Conditions d'admissibilit\u00e9 provinciales - NACOR\",\"isPartOf\":{\"@id\":\"https:\\\/\\\/nacor.ca\\\/fr\\\/#website\"},\"datePublished\":\"2023-04-25T20:36:24+00:00\",\"dateModified\":\"2023-04-30T17:40:16+00:00\",\"breadcrumb\":{\"@id\":\"https:\\\/\\\/nacor.ca\\\/fr\\\/examens-nationaux\\\/conditions-dadmissibilite-provinciales\\\/#breadcrumb\"},\"inLanguage\":\"fr-FR\",\"potentialAction\":[{\"@type\":\"ReadAction\",\"target\":[\"https:\\\/\\\/nacor.ca\\\/fr\\\/examens-nationaux\\\/conditions-dadmissibilite-provinciales\\\/\"]}]},{\"@type\":\"BreadcrumbList\",\"@id\":\"https:\\\/\\\/nacor.ca\\\/fr\\\/examens-nationaux\\\/conditions-dadmissibilite-provinciales\\\/#breadcrumb\",\"itemListElement\":[{\"@type\":\"ListItem\",\"position\":1,\"name\":\"Home\",\"item\":\"https:\\\/\\\/nacor.ca\\\/fr\\\/page-daccueil\\\/\"},{\"@type\":\"ListItem\",\"position\":2,\"name\":\"Examens nationaux\",\"item\":\"https:\\\/\\\/nacor.ca\\\/fr\\\/examens-nationaux\\\/\"},{\"@type\":\"ListItem\",\"position\":3,\"name\":\"Conditions d&#8217;admissibilit\u00e9 provinciales\"}]},{\"@type\":\"WebSite\",\"@id\":\"https:\\\/\\\/nacor.ca\\\/fr\\\/#website\",\"url\":\"https:\\\/\\\/nacor.ca\\\/fr\\\/\",\"name\":\"NACOR\",\"description\":\"Alliance nationale des opticiens de r\u00e9glementation du Canada\",\"publisher\":{\"@id\":\"https:\\\/\\\/nacor.ca\\\/fr\\\/#organization\"},\"potentialAction\":[{\"@type\":\"SearchAction\",\"target\":{\"@type\":\"EntryPoint\",\"urlTemplate\":\"https:\\\/\\\/nacor.ca\\\/fr\\\/?s={search_term_string}\"},\"query-input\":{\"@type\":\"PropertyValueSpecification\",\"valueRequired\":true,\"valueName\":\"search_term_string\"}}],\"inLanguage\":\"fr-FR\"},{\"@type\":\"Organization\",\"@id\":\"https:\\\/\\\/nacor.ca\\\/fr\\\/#organization\",\"name\":\"NACOR (National Alliance of Canadian Optician Regulators)\",\"url\":\"https:\\\/\\\/nacor.ca\\\/fr\\\/\",\"logo\":{\"@type\":\"ImageObject\",\"inLanguage\":\"fr-FR\",\"@id\":\"https:\\\/\\\/nacor.ca\\\/fr\\\/#\\\/schema\\\/logo\\\/image\\\/\",\"url\":\"https:\\\/\\\/nacor.ca\\\/wp-content\\\/uploads\\\/2020\\\/03\\\/NACOR-icon.png\",\"contentUrl\":\"https:\\\/\\\/nacor.ca\\\/wp-content\\\/uploads\\\/2020\\\/03\\\/NACOR-icon.png\",\"width\":300,\"height\":300,\"caption\":\"NACOR (National Alliance of Canadian Optician Regulators)\"},\"image\":{\"@id\":\"https:\\\/\\\/nacor.ca\\\/fr\\\/#\\\/schema\\\/logo\\\/image\\\/\"}}]}<\/script>\n<!-- \/ Yoast SEO plugin. -->","yoast_head_json":{"title":"Conditions d'admissibilit\u00e9 provinciales - NACOR","robots":{"index":"index","follow":"follow","max-snippet":"max-snippet:-1","max-image-preview":"max-image-preview:large","max-video-preview":"max-video-preview:-1"},"canonical":"https:\/\/nacor.ca\/fr\/examens-nationaux\/conditions-dadmissibilite-provinciales\/","og_locale":"fr_FR","og_type":"article","og_title":"Conditions d'admissibilit\u00e9 provinciales - NACOR","og_description":"Certaines provinces exigent que le candidat s&rsquo;inscrive avant de pouvoir passer les examens nationaux :","og_url":"https:\/\/nacor.ca\/fr\/examens-nationaux\/conditions-dadmissibilite-provinciales\/","og_site_name":"NACOR","article_modified_time":"2023-04-30T17:40:16+00:00","twitter_card":"summary_large_image","twitter_misc":{"Dur\u00e9e de lecture estim\u00e9e":"2 minutes"},"schema":{"@context":"https:\/\/schema.org","@graph":[{"@type":"WebPage","@id":"https:\/\/nacor.ca\/fr\/examens-nationaux\/conditions-dadmissibilite-provinciales\/","url":"https:\/\/nacor.ca\/fr\/examens-nationaux\/conditions-dadmissibilite-provinciales\/","name":"Conditions d'admissibilit\u00e9 provinciales - NACOR","isPartOf":{"@id":"https:\/\/nacor.ca\/fr\/#website"},"datePublished":"2023-04-25T20:36:24+00:00","dateModified":"2023-04-30T17:40:16+00:00","breadcrumb":{"@id":"https:\/\/nacor.ca\/fr\/examens-nationaux\/conditions-dadmissibilite-provinciales\/#breadcrumb"},"inLanguage":"fr-FR","potentialAction":[{"@type":"ReadAction","target":["https:\/\/nacor.ca\/fr\/examens-nationaux\/conditions-dadmissibilite-provinciales\/"]}]},{"@type":"BreadcrumbList","@id":"https:\/\/nacor.ca\/fr\/examens-nationaux\/conditions-dadmissibilite-provinciales\/#breadcrumb","itemListElement":[{"@type":"ListItem","position":1,"name":"Home","item":"https:\/\/nacor.ca\/fr\/page-daccueil\/"},{"@type":"ListItem","position":2,"name":"Examens nationaux","item":"https:\/\/nacor.ca\/fr\/examens-nationaux\/"},{"@type":"ListItem","position":3,"name":"Conditions d&#8217;admissibilit\u00e9 provinciales"}]},{"@type":"WebSite","@id":"https:\/\/nacor.ca\/fr\/#website","url":"https:\/\/nacor.ca\/fr\/","name":"NACOR","description":"Alliance nationale des opticiens de r\u00e9glementation du Canada","publisher":{"@id":"https:\/\/nacor.ca\/fr\/#organization"},"potentialAction":[{"@type":"SearchAction","target":{"@type":"EntryPoint","urlTemplate":"https:\/\/nacor.ca\/fr\/?s={search_term_string}"},"query-input":{"@type":"PropertyValueSpecification","valueRequired":true,"valueName":"search_term_string"}}],"inLanguage":"fr-FR"},{"@type":"Organization","@id":"https:\/\/nacor.ca\/fr\/#organization","name":"NACOR (National Alliance of Canadian Optician Regulators)","url":"https:\/\/nacor.ca\/fr\/","logo":{"@type":"ImageObject","inLanguage":"fr-FR","@id":"https:\/\/nacor.ca\/fr\/#\/schema\/logo\/image\/","url":"https:\/\/nacor.ca\/wp-content\/uploads\/2020\/03\/NACOR-icon.png","contentUrl":"https:\/\/nacor.ca\/wp-content\/uploads\/2020\/03\/NACOR-icon.png","width":300,"height":300,"caption":"NACOR (National Alliance of Canadian Optician Regulators)"},"image":{"@id":"https:\/\/nacor.ca\/fr\/#\/schema\/logo\/image\/"}}]}},"_links":{"self":[{"href":"https:\/\/nacor.ca\/fr\/wp-json\/wp\/v2\/pages\/1401","targetHints":{"allow":["GET"]}}],"collection":[{"href":"https:\/\/nacor.ca\/fr\/wp-json\/wp\/v2\/pages"}],"about":[{"href":"https:\/\/nacor.ca\/fr\/wp-json\/wp\/v2\/types\/page"}],"author":[{"embeddable":true,"href":"https:\/\/nacor.ca\/fr\/wp-json\/wp\/v2\/users\/2"}],"replies":[{"embeddable":true,"href":"https:\/\/nacor.ca\/fr\/wp-json\/wp\/v2\/comments?post=1401"}],"version-history":[{"count":11,"href":"https:\/\/nacor.ca\/fr\/wp-json\/wp\/v2\/pages\/1401\/revisions"}],"predecessor-version":[{"id":1454,"href":"https:\/\/nacor.ca\/fr\/wp-json\/wp\/v2\/pages\/1401\/revisions\/1454"}],"up":[{"embeddable":true,"href":"https:\/\/nacor.ca\/fr\/wp-json\/wp\/v2\/pages\/1418"}],"wp:attachment":[{"href":"https:\/\/nacor.ca\/fr\/wp-json\/wp\/v2\/media?parent=1401"}],"curies":[{"name":"wp","href":"https:\/\/api.w.org\/{rel}","templated":true}]}}