{"id":1405,"date":"2023-04-25T20:36:24","date_gmt":"2023-04-25T20:36:24","guid":{"rendered":"https:\/\/nacor.ca\/comment-devenir-opticien\/"},"modified":"2025-03-06T16:30:29","modified_gmt":"2025-03-06T22:30:29","slug":"comment-devenir-opticien","status":"publish","type":"page","link":"https:\/\/nacor.ca\/fr\/comment-devenir-opticien\/","title":{"rendered":"Comment devenir opticien"},"content":{"rendered":"\n<h6 class=\"wp-block-heading has-text-align-center\"><strong>AUGMENTATION DE LA REDEVANCE POUR LA RECONNAISSANCE DES ACQUIS (PLAR)<\/strong><\/h6>\n\n<p class=\"has-text-align-center\"><em>\u00c0 partir du 1er avril 2025, les frais de RA augmenteront<\/em><\/p>\n\n<p class=\"has-text-color has-medium-font-size\" style=\"color:#880808\">Il existe <strong>DEUX<\/strong> fa\u00e7ons de devenir opticien au Canada :<\/p>\n\n<div style=\"height:43px\" aria-hidden=\"true\" class=\"wp-block-spacer\"><\/div>\n\n<div class=\"wp-block-columns is-layout-flex wp-container-core-columns-is-layout-9d6595d7 wp-block-columns-is-layout-flex\">\n<div class=\"wp-block-column is-vertically-aligned-center is-layout-flow wp-block-column-is-layout-flow\">\n<div class=\"wp-block-media-text alignwide is-stacked-on-mobile is-vertically-aligned-center\" style=\"grid-template-columns:20% auto\"><figure class=\"wp-block-media-text__media\"><img loading=\"lazy\" decoding=\"async\" width=\"512\" height=\"512\" src=\"https:\/\/nacor.ca\/wp-content\/uploads\/2022\/09\/diploma-1.png\" alt=\"\" class=\"wp-image-1035 size-full\" srcset=\"https:\/\/nacor.ca\/wp-content\/uploads\/2022\/09\/diploma-1.png 512w, https:\/\/nacor.ca\/wp-content\/uploads\/2022\/09\/diploma-1-300x300.png 300w, https:\/\/nacor.ca\/wp-content\/uploads\/2022\/09\/diploma-1-150x150.png 150w, https:\/\/nacor.ca\/wp-content\/uploads\/2022\/09\/diploma-1-100x100.png 100w\" sizes=\"auto, (max-width: 512px) 100vw, 512px\" \/><\/figure><div class=\"wp-block-media-text__content\">\n<p class=\"has-vivid-red-color has-text-color\"><strong><a href=\"https:\/\/nacor.ca\/fr\/accreditation-du-programme\/\">Dipl\u00f4m\u00e9 d&rsquo;un programme d&rsquo;optique canadien accr\u00e9dit\u00e9<\/a><\/strong><\/p>\n<\/div><\/div>\n<\/div>\n\n\n\n<div class=\"wp-block-column is-vertically-aligned-center is-layout-flow wp-block-column-is-layout-flow\">\n<div class=\"wp-block-media-text alignwide is-stacked-on-mobile is-vertically-aligned-center has-vivid-red-color has-text-color\" style=\"grid-template-columns:20% auto\"><figure class=\"wp-block-media-text__media\"><img loading=\"lazy\" decoding=\"async\" width=\"512\" height=\"512\" src=\"https:\/\/nacor.ca\/wp-content\/uploads\/2022\/09\/list.png\" alt=\"\" class=\"wp-image-1037 size-full\" srcset=\"https:\/\/nacor.ca\/wp-content\/uploads\/2022\/09\/list.png 512w, https:\/\/nacor.ca\/wp-content\/uploads\/2022\/09\/list-300x300.png 300w, https:\/\/nacor.ca\/wp-content\/uploads\/2022\/09\/list-150x150.png 150w, https:\/\/nacor.ca\/wp-content\/uploads\/2022\/09\/list-100x100.png 100w\" sizes=\"auto, (max-width: 512px) 100vw, 512px\" \/><\/figure><div class=\"wp-block-media-text__content\">\n<p><strong><a href=\"https:\/\/nacor.ca\/fr\/quest-ce-que-la-ra\/\">Compl\u00e9ter le processus d&rsquo;\u00e9valuation et de reconnaissance des acquis (ERA)<\/a><\/strong><\/p>\n<\/div><\/div>\n<\/div>\n<\/div>\n\n<p>Les dipl\u00f4m\u00e9s des programmes d&rsquo;optique canadiens <strong>ET<\/strong> les candidats \u00e0 la RA doivent <strong>tous deux<\/strong> r\u00e9ussir les <a href=\"https:\/\/nacor.ca\/national-examination\/about-the-examination\/\">\n  <strong>examen(s) national(aux) en sciences optiques<\/strong>\n<\/a> pour \u00eatre admissibles \u00e0 l&rsquo;enregistrement en tant qu&rsquo;opticien dans leur province. <a href=\"https:\/\/nacor.ca\/about\/education-training\/canadian-opticianry\/\">\n  <strong>l&rsquo;inscription en tant qu&rsquo;opticien dans leur province<\/strong>\n<\/a>.<\/p>\n\n<p>Quel que soit le chemin que vous empruntez (dipl\u00f4m\u00e9 ou candidat \u00e0 la RA), il y a plusieurs \u00e9tapes \u00e0 franchir pour obtenir une licence&#8230;<\/p>\n<a  class=\"x-btn x-btn-real x-btn-rounded x-btn-large\"  href=\"https:\/\/nacor.ca\/step-by-step-plar-process\/\"     data-options=\"thumbnail: ''\">Learn more about the step-by-step process of becoming an optician in Canada<\/a>\n\n<div style=\"height:43px\" aria-hidden=\"true\" class=\"wp-block-spacer\"><\/div>\n\n<p style=\"font-size:10px\"><em>Les images des ic\u00f4nes ci-dessus sont cr\u00e9dit\u00e9es \u00e0<a href=\"https:\/\/www.flaticon.com\/free-icons\/\" target=\"_blank\" rel=\"noreferrer noopener nofollow\">\u00ab\u00a0Smashicons &#8211; Flaticon<\/a>\u00ab\u00a0.<\/em><\/p>\n","protected":false},"excerpt":{"rendered":"<p>AUGMENTATION DE LA REDEVANCE POUR LA RECONNAISSANCE DES ACQUIS (PLAR) \u00c0 partir du 1er avril 2025, les frais de RA augmenteront Il existe DEUX fa\u00e7ons de devenir opticien au Canada : Dipl\u00f4m\u00e9 d&rsquo;un programme d&rsquo;optique canadien accr\u00e9dit\u00e9 Compl\u00e9ter le processus d&rsquo;\u00e9valuation et de reconnaissance des acquis (ERA) Les dipl\u00f4m\u00e9s des programmes d&rsquo;optique canadiens ET les candidats \u00e0 la RA doivent &#8230; <a href=\"https:\/\/nacor.ca\/fr\/comment-devenir-opticien\/\" class=\"more-link\">Read More<\/a><\/p>\n","protected":false},"author":2,"featured_media":0,"parent":0,"menu_order":0,"comment_status":"closed","ping_status":"closed","template":"","meta":{"footnotes":""},"class_list":["post-1405","page","type-page","status-publish","hentry","no-post-thumbnail"],"yoast_head":"<!-- This site is optimized with the Yoast SEO plugin v27.5 - https:\/\/yoast.com\/product\/yoast-seo-wordpress\/ -->\n<title>Comment devenir opticien - NACOR.<\/title>\n<meta name=\"description\" content=\"Vous pouvez devenir opticien au Canada en obtenant un dipl\u00f4me d&#039;un programme accr\u00e9dit\u00e9 ou en compl\u00e9tant un programme de RA. NACOR administre les examens pour les deux.\" \/>\n<meta name=\"robots\" content=\"index, follow, max-snippet:-1, max-image-preview:large, max-video-preview:-1\" \/>\n<link rel=\"canonical\" href=\"https:\/\/nacor.ca\/fr\/comment-devenir-opticien\/\" \/>\n<meta property=\"og:locale\" content=\"fr_FR\" \/>\n<meta property=\"og:type\" content=\"article\" \/>\n<meta property=\"og:title\" content=\"Comment devenir opticien - NACOR.\" \/>\n<meta property=\"og:description\" content=\"Vous pouvez devenir opticien au Canada en obtenant un dipl\u00f4me d&#039;un programme accr\u00e9dit\u00e9 ou en compl\u00e9tant un programme de RA. NACOR administre les examens pour les deux.\" \/>\n<meta property=\"og:url\" content=\"https:\/\/nacor.ca\/fr\/comment-devenir-opticien\/\" \/>\n<meta property=\"og:site_name\" content=\"NACOR\" \/>\n<meta property=\"article:modified_time\" content=\"2025-03-06T22:30:29+00:00\" \/>\n<meta property=\"og:image\" content=\"https:\/\/nacor.ca\/wp-content\/uploads\/2022\/09\/diploma-1.png\" \/>\n\t<meta property=\"og:image:width\" content=\"512\" \/>\n\t<meta property=\"og:image:height\" content=\"512\" \/>\n\t<meta property=\"og:image:type\" content=\"image\/png\" \/>\n<meta name=\"twitter:card\" content=\"summary_large_image\" \/>\n<meta name=\"twitter:label1\" content=\"Dur\u00e9e de lecture estim\u00e9e\" \/>\n\t<meta name=\"twitter:data1\" content=\"1 minute\" \/>\n<script type=\"application\/ld+json\" class=\"yoast-schema-graph\">{\"@context\":\"https:\\\/\\\/schema.org\",\"@graph\":[{\"@type\":\"WebPage\",\"@id\":\"https:\\\/\\\/nacor.ca\\\/fr\\\/comment-devenir-opticien\\\/\",\"url\":\"https:\\\/\\\/nacor.ca\\\/fr\\\/comment-devenir-opticien\\\/\",\"name\":\"Comment devenir opticien - NACOR.\",\"isPartOf\":{\"@id\":\"https:\\\/\\\/nacor.ca\\\/fr\\\/#website\"},\"primaryImageOfPage\":{\"@id\":\"https:\\\/\\\/nacor.ca\\\/fr\\\/comment-devenir-opticien\\\/#primaryimage\"},\"image\":{\"@id\":\"https:\\\/\\\/nacor.ca\\\/fr\\\/comment-devenir-opticien\\\/#primaryimage\"},\"thumbnailUrl\":\"https:\\\/\\\/nacor.ca\\\/wp-content\\\/uploads\\\/2022\\\/09\\\/diploma-1.png\",\"datePublished\":\"2023-04-25T20:36:24+00:00\",\"dateModified\":\"2025-03-06T22:30:29+00:00\",\"description\":\"Vous pouvez devenir opticien au Canada en obtenant un dipl\u00f4me d'un programme accr\u00e9dit\u00e9 ou en compl\u00e9tant un programme de RA. NACOR administre les examens pour les deux.\",\"breadcrumb\":{\"@id\":\"https:\\\/\\\/nacor.ca\\\/fr\\\/comment-devenir-opticien\\\/#breadcrumb\"},\"inLanguage\":\"fr-FR\",\"potentialAction\":[{\"@type\":\"ReadAction\",\"target\":[\"https:\\\/\\\/nacor.ca\\\/fr\\\/comment-devenir-opticien\\\/\"]}]},{\"@type\":\"ImageObject\",\"inLanguage\":\"fr-FR\",\"@id\":\"https:\\\/\\\/nacor.ca\\\/fr\\\/comment-devenir-opticien\\\/#primaryimage\",\"url\":\"https:\\\/\\\/nacor.ca\\\/wp-content\\\/uploads\\\/2022\\\/09\\\/diploma-1.png\",\"contentUrl\":\"https:\\\/\\\/nacor.ca\\\/wp-content\\\/uploads\\\/2022\\\/09\\\/diploma-1.png\"},{\"@type\":\"BreadcrumbList\",\"@id\":\"https:\\\/\\\/nacor.ca\\\/fr\\\/comment-devenir-opticien\\\/#breadcrumb\",\"itemListElement\":[{\"@type\":\"ListItem\",\"position\":1,\"name\":\"Home\",\"item\":\"https:\\\/\\\/nacor.ca\\\/fr\\\/page-daccueil\\\/\"},{\"@type\":\"ListItem\",\"position\":2,\"name\":\"Comment devenir opticien\"}]},{\"@type\":\"WebSite\",\"@id\":\"https:\\\/\\\/nacor.ca\\\/fr\\\/#website\",\"url\":\"https:\\\/\\\/nacor.ca\\\/fr\\\/\",\"name\":\"NACOR\",\"description\":\"Alliance nationale des opticiens de r\u00e9glementation du Canada\",\"publisher\":{\"@id\":\"https:\\\/\\\/nacor.ca\\\/fr\\\/#organization\"},\"potentialAction\":[{\"@type\":\"SearchAction\",\"target\":{\"@type\":\"EntryPoint\",\"urlTemplate\":\"https:\\\/\\\/nacor.ca\\\/fr\\\/?s={search_term_string}\"},\"query-input\":{\"@type\":\"PropertyValueSpecification\",\"valueRequired\":true,\"valueName\":\"search_term_string\"}}],\"inLanguage\":\"fr-FR\"},{\"@type\":\"Organization\",\"@id\":\"https:\\\/\\\/nacor.ca\\\/fr\\\/#organization\",\"name\":\"NACOR (National Alliance of Canadian Optician Regulators)\",\"url\":\"https:\\\/\\\/nacor.ca\\\/fr\\\/\",\"logo\":{\"@type\":\"ImageObject\",\"inLanguage\":\"fr-FR\",\"@id\":\"https:\\\/\\\/nacor.ca\\\/fr\\\/#\\\/schema\\\/logo\\\/image\\\/\",\"url\":\"https:\\\/\\\/nacor.ca\\\/wp-content\\\/uploads\\\/2020\\\/03\\\/NACOR-icon.png\",\"contentUrl\":\"https:\\\/\\\/nacor.ca\\\/wp-content\\\/uploads\\\/2020\\\/03\\\/NACOR-icon.png\",\"width\":300,\"height\":300,\"caption\":\"NACOR (National Alliance of Canadian Optician Regulators)\"},\"image\":{\"@id\":\"https:\\\/\\\/nacor.ca\\\/fr\\\/#\\\/schema\\\/logo\\\/image\\\/\"}}]}<\/script>\n<!-- \/ Yoast SEO plugin. -->","yoast_head_json":{"title":"Comment devenir opticien - NACOR.","description":"Vous pouvez devenir opticien au Canada en obtenant un dipl\u00f4me d'un programme accr\u00e9dit\u00e9 ou en compl\u00e9tant un programme de RA. NACOR administre les examens pour les deux.","robots":{"index":"index","follow":"follow","max-snippet":"max-snippet:-1","max-image-preview":"max-image-preview:large","max-video-preview":"max-video-preview:-1"},"canonical":"https:\/\/nacor.ca\/fr\/comment-devenir-opticien\/","og_locale":"fr_FR","og_type":"article","og_title":"Comment devenir opticien - NACOR.","og_description":"Vous pouvez devenir opticien au Canada en obtenant un dipl\u00f4me d'un programme accr\u00e9dit\u00e9 ou en compl\u00e9tant un programme de RA. NACOR administre les examens pour les deux.","og_url":"https:\/\/nacor.ca\/fr\/comment-devenir-opticien\/","og_site_name":"NACOR","article_modified_time":"2025-03-06T22:30:29+00:00","og_image":[{"width":512,"height":512,"url":"https:\/\/nacor.ca\/wp-content\/uploads\/2022\/09\/diploma-1.png","type":"image\/png"}],"twitter_card":"summary_large_image","twitter_misc":{"Dur\u00e9e de lecture estim\u00e9e":"1 minute"},"schema":{"@context":"https:\/\/schema.org","@graph":[{"@type":"WebPage","@id":"https:\/\/nacor.ca\/fr\/comment-devenir-opticien\/","url":"https:\/\/nacor.ca\/fr\/comment-devenir-opticien\/","name":"Comment devenir opticien - NACOR.","isPartOf":{"@id":"https:\/\/nacor.ca\/fr\/#website"},"primaryImageOfPage":{"@id":"https:\/\/nacor.ca\/fr\/comment-devenir-opticien\/#primaryimage"},"image":{"@id":"https:\/\/nacor.ca\/fr\/comment-devenir-opticien\/#primaryimage"},"thumbnailUrl":"https:\/\/nacor.ca\/wp-content\/uploads\/2022\/09\/diploma-1.png","datePublished":"2023-04-25T20:36:24+00:00","dateModified":"2025-03-06T22:30:29+00:00","description":"Vous pouvez devenir opticien au Canada en obtenant un dipl\u00f4me d'un programme accr\u00e9dit\u00e9 ou en compl\u00e9tant un programme de RA. NACOR administre les examens pour les deux.","breadcrumb":{"@id":"https:\/\/nacor.ca\/fr\/comment-devenir-opticien\/#breadcrumb"},"inLanguage":"fr-FR","potentialAction":[{"@type":"ReadAction","target":["https:\/\/nacor.ca\/fr\/comment-devenir-opticien\/"]}]},{"@type":"ImageObject","inLanguage":"fr-FR","@id":"https:\/\/nacor.ca\/fr\/comment-devenir-opticien\/#primaryimage","url":"https:\/\/nacor.ca\/wp-content\/uploads\/2022\/09\/diploma-1.png","contentUrl":"https:\/\/nacor.ca\/wp-content\/uploads\/2022\/09\/diploma-1.png"},{"@type":"BreadcrumbList","@id":"https:\/\/nacor.ca\/fr\/comment-devenir-opticien\/#breadcrumb","itemListElement":[{"@type":"ListItem","position":1,"name":"Home","item":"https:\/\/nacor.ca\/fr\/page-daccueil\/"},{"@type":"ListItem","position":2,"name":"Comment devenir opticien"}]},{"@type":"WebSite","@id":"https:\/\/nacor.ca\/fr\/#website","url":"https:\/\/nacor.ca\/fr\/","name":"NACOR","description":"Alliance nationale des opticiens de r\u00e9glementation du Canada","publisher":{"@id":"https:\/\/nacor.ca\/fr\/#organization"},"potentialAction":[{"@type":"SearchAction","target":{"@type":"EntryPoint","urlTemplate":"https:\/\/nacor.ca\/fr\/?s={search_term_string}"},"query-input":{"@type":"PropertyValueSpecification","valueRequired":true,"valueName":"search_term_string"}}],"inLanguage":"fr-FR"},{"@type":"Organization","@id":"https:\/\/nacor.ca\/fr\/#organization","name":"NACOR (National Alliance of Canadian Optician Regulators)","url":"https:\/\/nacor.ca\/fr\/","logo":{"@type":"ImageObject","inLanguage":"fr-FR","@id":"https:\/\/nacor.ca\/fr\/#\/schema\/logo\/image\/","url":"https:\/\/nacor.ca\/wp-content\/uploads\/2020\/03\/NACOR-icon.png","contentUrl":"https:\/\/nacor.ca\/wp-content\/uploads\/2020\/03\/NACOR-icon.png","width":300,"height":300,"caption":"NACOR (National Alliance of Canadian Optician Regulators)"},"image":{"@id":"https:\/\/nacor.ca\/fr\/#\/schema\/logo\/image\/"}}]}},"_links":{"self":[{"href":"https:\/\/nacor.ca\/fr\/wp-json\/wp\/v2\/pages\/1405","targetHints":{"allow":["GET"]}}],"collection":[{"href":"https:\/\/nacor.ca\/fr\/wp-json\/wp\/v2\/pages"}],"about":[{"href":"https:\/\/nacor.ca\/fr\/wp-json\/wp\/v2\/types\/page"}],"author":[{"embeddable":true,"href":"https:\/\/nacor.ca\/fr\/wp-json\/wp\/v2\/users\/2"}],"replies":[{"embeddable":true,"href":"https:\/\/nacor.ca\/fr\/wp-json\/wp\/v2\/comments?post=1405"}],"version-history":[{"count":4,"href":"https:\/\/nacor.ca\/fr\/wp-json\/wp\/v2\/pages\/1405\/revisions"}],"predecessor-version":[{"id":2201,"href":"https:\/\/nacor.ca\/fr\/wp-json\/wp\/v2\/pages\/1405\/revisions\/2201"}],"wp:attachment":[{"href":"https:\/\/nacor.ca\/fr\/wp-json\/wp\/v2\/media?parent=1405"}],"curies":[{"name":"wp","href":"https:\/\/api.w.org\/{rel}","templated":true}]}}