{"id":1410,"date":"2023-04-25T20:36:25","date_gmt":"2023-04-25T20:36:25","guid":{"rendered":"https:\/\/nacor.ca\/questions-frequemment-posees\/"},"modified":"2025-12-18T10:14:56","modified_gmt":"2025-12-18T16:14:56","slug":"questions-frequemment-posees","status":"publish","type":"page","link":"https:\/\/nacor.ca\/fr\/examens-nationaux\/questions-frequemment-posees\/","title":{"rendered":"Questions fr\u00e9quemment pos\u00e9es"},"content":{"rendered":"<div class=\"lightweight-accordion\"><details><summary class=\"lightweight-accordion-title\"><h3><strong>Dois-je attendre d&rsquo;avoir termin\u00e9 mes \u00e9tudes pour poser ma candidature \u00e0 NACOR ?<\/strong><\/h3><\/summary><div class=\"lightweight-accordion-body\">\n\n<p>Non, nous encourageons les \u00e9tudiants \u00e0 s&rsquo;inscrire rapidement au NACOR afin de s&rsquo;assurer une place pour le(s) examen(s). Vous n&rsquo;avez pas besoin d&rsquo;attendre d&rsquo;avoir obtenu votre dipl\u00f4me ou d&rsquo;avoir rempli toutes les conditions d&rsquo;\u00e9ligibilit\u00e9 de votre \u00e9tablissement d&rsquo;enseignement sup\u00e9rieur.  <\/p>\n\n\n\n<div class=\"wp-block-columns is-layout-flex wp-container-core-columns-is-layout-9d6595d7 wp-block-columns-is-layout-flex\">\n<div class=\"wp-block-column is-layout-flow wp-block-column-is-layout-flow\" style=\"flex-basis:33%\"><\/div>\n\n\n\n<div class=\"wp-block-column is-layout-flow wp-block-column-is-layout-flow\" style=\"flex-basis:33%\"><p><a  class=\"x-btn x-btn-real x-btn-rounded x-btn-medium\"  href=\"https:\/\/nacor.ca\/national-examination\/application-form\/\"     data-options=\"thumbnail: ''\">Click here for the application form<\/a><\/p>\n<\/div>\n\n\n\n<div class=\"wp-block-column is-layout-flow wp-block-column-is-layout-flow\" style=\"flex-basis:33%\"><\/div>\n<\/div>\n\n<\/div><\/details><\/div><div class=\"lightweight-accordion\"><details><summary class=\"lightweight-accordion-title\"><h3><strong><strong>Je b\u00e9n\u00e9ficie d&rsquo;am\u00e9nagements \u00e0 l&rsquo;\u00e9cole, puis-je b\u00e9n\u00e9ficier d&rsquo;am\u00e9nagements pour le(s) examen(s) ?<\/strong><\/strong><\/h3><\/summary><div class=\"lightweight-accordion-body\">\n\n<p>NACOR peut \u00eatre en mesure de mettre en place des am\u00e9nagements raisonnables et appropri\u00e9s pour les candidats qui ont des besoins av\u00e9r\u00e9s, dans la limite d&rsquo;une contrainte excessive. Si vous pensez qu&rsquo;il existe des circonstances qui pourraient raisonnablement affecter n\u00e9gativement votre r\u00e9sultat \u00e0 l&rsquo;examen ou vous placer dans une situation d\u00e9savantageuse par rapport \u00e0 d&rsquo;autres candidats en ce qui concerne votre capacit\u00e9 \u00e0 d\u00e9montrer votre comp\u00e9tence, vous pouvez demander des am\u00e9nagements.<\/p>\n\n\n\n<div class=\"wp-block-columns is-layout-flex wp-container-core-columns-is-layout-9d6595d7 wp-block-columns-is-layout-flex\">\n<div class=\"wp-block-column is-layout-flow wp-block-column-is-layout-flow\"><\/div>\n\n\n\n<div class=\"wp-block-column is-layout-flow wp-block-column-is-layout-flow\"><p><a  class=\"x-btn x-btn-real x-btn-rounded x-btn-medium\"  href=\"https:\/\/nacor.ca\/national-examination\/exam-accommodations\/\"     data-options=\"thumbnail: ''\">Click here for more information<\/a><\/p>\n<\/div>\n\n\n\n<div class=\"wp-block-column is-layout-flow wp-block-column-is-layout-flow\"><\/div>\n<\/div>\n\n<\/div><\/details><\/div><div class=\"lightweight-accordion\"><details><summary class=\"lightweight-accordion-title\"><h3><strong><strong><strong><strong>Puis-je apporter mes propres outils et \u00e9quipements aux examens ?<\/strong><\/strong><\/strong><\/strong><\/h3><\/summary><div class=\"lightweight-accordion-body\">\n\n<p class=\"has-text-align-left\">Les candidats peuvent apporter leur propre \u00e9quipement \u00e0 l&rsquo;examen. Le candidat est responsable de l&rsquo;exactitude de l&rsquo;\u00e9talonnage de son propre \u00e9quipement et doit pr\u00e9senter l&rsquo;\u00e9quipement au mod\u00e9rateur de l&rsquo;examen au moment de l&rsquo;inscription au(x) examen(s) \u00e0 autoriser par NACOR. Les appareils automatis\u00e9s ne sont pas autoris\u00e9s lors des examens. Le NACOR n&rsquo;assume aucune responsabilit\u00e9 pour l&rsquo;\u00e9quipement d&rsquo;un candidat.   <\/p>\n\n\n\n<p class=\"has-text-align-center\"><br\/><em><strong>Note<\/strong>: Tous les candidats doivent apporter leurs propres stylos, crayons et une calculatrice non programmable et ces articles doivent \u00eatre apport\u00e9s dans un sac en plastique transparent. Les notes d&rsquo;\u00e9tude, les appareils \u00e9lectroniques, les traducteurs, les aides \u00e0 l&rsquo;\u00e9tude, etc. ne seront pas admis dans la zone d&rsquo;examen. <\/em><\/p>\n\n<\/div><\/details><\/div><div class=\"lightweight-accordion\"><details><summary class=\"lightweight-accordion-title\"><h3><strong><strong><strong><strong><strong>Que dois-je porter pour les examens ?<\/strong><\/strong><\/strong><\/strong><\/strong><\/h3><\/summary><div class=\"lightweight-accordion-body\">\n\n<p>Les examens nationaux pour les opticiens canadiens sont des examens professionnels et les candidats doivent s&rsquo;abstenir de s&rsquo;habiller de fa\u00e7on d\u00e9contract\u00e9e lors des examens. Un candidat qui ne s&rsquo;habille pas de fa\u00e7on professionnelle peut \u00eatre exclu de l&rsquo;examen. Les jeans et les v\u00eatements de loisir ne sont pas consid\u00e9r\u00e9s comme des v\u00eatements professionnels. Les blouses sont autoris\u00e9es.   <\/p>\n\n<\/div><\/details><\/div><div class=\"lightweight-accordion\"><details><summary class=\"lightweight-accordion-title\"><h3><strong><strong><strong><strong><strong><strong>Comment puis-je savoir ce qui est test\u00e9 dans chaque section des examens ?<\/strong><\/strong><\/strong><\/strong><\/strong><\/strong><\/h3><\/summary><div class=\"lightweight-accordion-body\">\n\n<p>L&rsquo;examen pour les lunettes comprend cinq sections : Th\u00e9orie de base de la distribution et de la finition des lentilles, Neutralisation des lentilles, Mesure, V\u00e9rification et Service.  <\/p>\n\n\n\n<p>L&rsquo;examen pour les lentilles de contact comprend cinq sections : Th\u00e9orie des lentilles de contact, k\u00e9ratom\u00e9trie, v\u00e9rification et conception des lentilles, insertion et retrait, et \u00e9valuation des comp\u00e9tences en mati\u00e8re de lentilles de contact.<\/p>\n\n\n\n<p>NACOR fournit aux candidats un aper\u00e7u des examens pour les lunettes et les lentilles de contact. Chaque plan comprend un bref aper\u00e7u de chaque section de l&rsquo;examen, ainsi que le temps imparti et le pourcentage de l&rsquo;examen couvert par chaque section. <\/p>\n\n\n\n<div class=\"wp-block-columns is-layout-flex wp-container-core-columns-is-layout-9d6595d7 wp-block-columns-is-layout-flex\">\n<div class=\"wp-block-column is-layout-flow wp-block-column-is-layout-flow\"><\/div>\n\n\n\n<div class=\"wp-block-column is-layout-flow wp-block-column-is-layout-flow\"><p><a  class=\"x-btn x-btn-real x-btn-rounded x-btn-medium\"  href=\"https:\/\/nacor.ca\/national-examination\/exam-outlines\/\"     data-options=\"thumbnail: ''\">Click here for exam outlines<\/a><\/p>\n<\/div>\n\n\n\n<div class=\"wp-block-column is-layout-flow wp-block-column-is-layout-flow\"><\/div>\n<\/div>\n\n<\/div><\/details><\/div><div class=\"lightweight-accordion\"><details><summary class=\"lightweight-accordion-title\"><h3><strong><strong><strong><strong><strong><strong><strong>Quelle est la dur\u00e9e des examens ?<\/strong><\/strong><\/strong><\/strong><\/strong><\/strong><\/strong><\/h3><\/summary><div class=\"lightweight-accordion-body\">\n\n<p>L&rsquo;examen des lunettes dure environ 5 heures.  <\/p>\n\n\n\n<p>L&rsquo;examen des lentilles de contact dure environ 4 heures.  <\/p>\n\n\n\n<p>La plupart des centres d&rsquo;examen organisent l&rsquo;examen des lunettes le samedi matin et apr\u00e8s-midi, et l&rsquo;examen des lentilles de contact le dimanche matin et apr\u00e8s-midi. Si n\u00e9cessaire, les parties th\u00e9oriques des deux examens peuvent \u00eatre organis\u00e9es le vendredi pr\u00e9c\u00e9dent pour gagner du temps, et les parties pratiques pour les lunettes et les lentilles de contact peuvent \u00eatre organis\u00e9es simultan\u00e9ment le samedi et le dimanche.<\/p>\n\n\n\n<div class=\"wp-block-columns is-layout-flex wp-container-core-columns-is-layout-9d6595d7 wp-block-columns-is-layout-flex\">\n<div class=\"wp-block-column is-layout-flow wp-block-column-is-layout-flow\"><\/div>\n\n\n\n<div class=\"wp-block-column is-layout-flow wp-block-column-is-layout-flow\"><p><a  class=\"x-btn x-btn-real x-btn-rounded x-btn-medium\"  href=\"https:\/\/nacor.ca\/national-examination\/dates-and-locations\/\/\"     data-options=\"thumbnail: ''\">Exam Dates and Venues<\/a><\/p>\n<\/div>\n\n\n\n<div class=\"wp-block-column is-layout-flow wp-block-column-is-layout-flow\"><\/div>\n<\/div>\n\n<\/div><\/details><\/div><div class=\"lightweight-accordion\"><details><summary class=\"lightweight-accordion-title\"><h3><strong><strong><strong><strong><strong><strong><strong><strong>Que dois-je faire si j&rsquo;ai des probl\u00e8mes pendant l&rsquo;examen ? \u00c0 qui dois-je m&rsquo;adresser ?<\/strong><\/strong><\/strong><\/strong><\/strong><\/strong><\/strong><\/strong><\/h3><\/summary><div class=\"lightweight-accordion-body\">\n\n<p class=\"has-text-align-center\"><em>Les candidats doivent porter toute question ou pr\u00e9occupation \u00e0 l&rsquo;attention d&rsquo;un examinateur ou d&rsquo;un repr\u00e9sentant du NACOR d\u00e8s que le probl\u00e8me se pose. Nous ferons de notre mieux pour aider les candidats dans la mesure du possible.  <strong>Toute question ou pr\u00e9occupation port\u00e9e \u00e0 l&rsquo;attention de NACOR apr\u00e8s la fin de l&rsquo;examen ne peut \u00eatre trait\u00e9e.<\/strong><\/em><\/p>\n\n\n\n<p>Les examinateurs sont l\u00e0 pour vous aider, pour r\u00e9pondre \u00e0 vos questions et pour vous aider \u00e0 comprendre les t\u00e2ches \u00e0 accomplir. Dans cette optique, si vous avez des questions, n&rsquo;h\u00e9sitez pas \u00e0 les poser imm\u00e9diatement \u00e0 un examinateur. Si, \u00e0 tout moment, vous avez besoin d&rsquo;\u00e9claircissements suppl\u00e9mentaires ou si vous ne vous sentez pas \u00e0 l&rsquo;aise pour parler \u00e0 un examinateur d&rsquo;une question particuli\u00e8re, il y a un mod\u00e9rateur \u00e0 chaque session d&rsquo;examen. Le mod\u00e9rateur est l\u00e0 en tant que repr\u00e9sentant de NACOR pour veiller \u00e0 ce que les examens se d\u00e9roulent de la m\u00eame mani\u00e8re dans chaque lieu et pour apporter un soutien aux candidats. Si vous avez des inqui\u00e9tudes pendant l&rsquo;examen, qu&rsquo;elles soient grandes ou petites, vous devez en discuter avec le mod\u00e9rateur lors de la session d&rsquo;examen, car c&rsquo;est \u00e0 ce moment-l\u00e0 que l&rsquo;on peut vous aider.  <\/p>\n\n<\/div><\/details><\/div><div class=\"lightweight-accordion\"><details><summary class=\"lightweight-accordion-title\"><h3><strong><strong><strong><strong><strong><strong><strong><strong><strong>Pourrai-je me familiariser avec le mat\u00e9riel utilis\u00e9 pour l&rsquo;examen avant la date de l&rsquo;examen ?<\/strong><\/strong><\/strong><\/strong><\/strong><\/strong><\/strong><\/strong><\/strong><\/h3><\/summary><div class=\"lightweight-accordion-body\">\n\n<p>Les lieux d&rsquo;examen ne sont pas ouverts aux candidats avant les examens pr\u00e9vus. Tous les candidats ont le temps, au d\u00e9but de chaque section de l&rsquo;examen des lunettes et des lentilles de contact, de se familiariser avec l&rsquo;\u00e9quipement avant que leur chronom\u00e8tre ne soit mis en marche.<\/p>\n\n<\/div><\/details><\/div><div class=\"lightweight-accordion\"><details><summary class=\"lightweight-accordion-title\"><h3><strong><strong><strong><strong><strong><strong><strong><strong><strong><strong><strong>Combien de temps faut-il pour obtenir mes notes ?<\/strong><\/strong><\/strong><\/strong><\/strong><\/strong><\/strong><\/strong><\/strong><\/strong><\/strong><\/h3><\/summary><div class=\"lightweight-accordion-body\">\n\n<p>Les notes d&rsquo;examen sont communiqu\u00e9es dans les 8 semaines suivant la date de l&rsquo;examen. Vos r\u00e9sultats seront envoy\u00e9s directement \u00e0 l&rsquo;adresse \u00e9lectronique que vous avez fournie \u00e0 NACOR.  <\/p>\n\n\n\n<div class=\"wp-block-columns is-layout-flex wp-container-core-columns-is-layout-9d6595d7 wp-block-columns-is-layout-flex\"><\/div>\n\n<\/div><\/details><\/div><div class=\"lightweight-accordion\"><details><summary class=\"lightweight-accordion-title\"><h3><strong><strong><strong><strong><strong><strong><strong><strong><strong><strong><strong><strong>Recevrai-je un relev\u00e9 de notes ?<\/strong><\/strong><\/strong><\/strong><\/strong><\/strong><\/strong><\/strong><\/strong><\/strong><\/strong><\/strong><\/h3><\/summary><div class=\"lightweight-accordion-body\">\n\n<p>Non, les marques vous sont envoy\u00e9es directement par courrier \u00e9lectronique et une copie des marques est transmise \u00e0 l&rsquo;autorit\u00e9 r\u00e9glementaire provinciale que vous avez indiqu\u00e9e dans votre demande et aupr\u00e8s de laquelle vous d\u00e9poserez votre demande d&rsquo;enregistrement.  <\/p>\n\n\n\n<div class=\"wp-block-columns is-layout-flex wp-container-core-columns-is-layout-9d6595d7 wp-block-columns-is-layout-flex\">\n<div class=\"wp-block-column is-layout-flow wp-block-column-is-layout-flow\"><\/div>\n\n\n\n<div class=\"wp-block-column is-layout-flow wp-block-column-is-layout-flow\"><p><a  class=\"x-btn x-btn-real x-btn-rounded x-btn-medium\"  href=\"https:\/\/nacor.ca\/national-examination\/notification-of-results\/\"     data-options=\"thumbnail: ''\">Learn more about the notification of results here<\/a><\/p>\n<\/div>\n\n\n\n<div class=\"wp-block-column is-layout-flow wp-block-column-is-layout-flow\"><\/div>\n<\/div>\n\n<\/div><\/details><\/div><div class=\"lightweight-accordion\"><details><summary class=\"lightweight-accordion-title\"><h3><strong><strong><strong><strong><strong><strong><strong><strong><strong><strong><strong><strong><strong>J&rsquo;ai \u00e9chou\u00e9 d&rsquo;une note \u00e0 mon examen. Puis-je faire r\u00e9viser ma note ?<\/strong><\/strong><\/strong><\/strong><\/strong><\/strong><\/strong><\/strong><\/strong><\/strong><\/strong><\/strong><\/strong><\/h3><\/summary><div class=\"lightweight-accordion-body\">\n\n<p>Tous les examens sont corrig\u00e9s \u00e0 la main par le personnel du NACOR. Les examens dont la note est inf\u00e9rieure \u00e0 la note de passage sont revus et corrig\u00e9s avant que les notes ne soient communiqu\u00e9es au candidat. <\/p>\n\n\n\n<p>Les personnes qui n&rsquo;ont pas r\u00e9ussi l&rsquo;examen peuvent b\u00e9n\u00e9ficier d&rsquo;une r\u00e9vision de l&rsquo;examen \u00e9crit. L&rsquo;objectif de l&rsquo;examen est de d\u00e9terminer les points faibles afin de vous aider \u00e0 vous pr\u00e9parer \u00e0 repasser l&rsquo;examen. Les examens ne sont pas recorrig\u00e9s pendant l&rsquo;examen.  <\/p>\n\n\n\n<div class=\"wp-block-columns is-layout-flex wp-container-core-columns-is-layout-9d6595d7 wp-block-columns-is-layout-flex\">\n<div class=\"wp-block-column is-layout-flow wp-block-column-is-layout-flow\"><\/div>\n\n\n\n<div class=\"wp-block-column is-layout-flow wp-block-column-is-layout-flow\"><p><a  class=\"x-btn x-btn-real x-btn-rounded x-btn-medium\"  href=\"https:\/\/nacor.ca\/exam-review-services\/\"     data-options=\"thumbnail: ''\">Learn more about the Exam Review Services here<\/a><\/p>\n<\/div>\n\n\n\n<div class=\"wp-block-column is-layout-flow wp-block-column-is-layout-flow\"><\/div>\n<\/div>\n\n<\/div><\/details><\/div><div class=\"lightweight-accordion\"><details><summary class=\"lightweight-accordion-title\"><h3><strong><strong><strong><strong><strong><strong><strong><strong><strong><strong><strong><strong><strong><strong>Si j&rsquo;\u00e9choue \u00e0 une partie de l&rsquo;examen, dois-je repasser l&rsquo;ensemble de l&rsquo;examen ?<\/strong><\/strong><\/strong><\/strong><\/strong><\/strong><\/strong><\/strong><\/strong><\/strong><\/strong><\/strong><\/strong><\/strong><\/h3><\/summary><div class=\"lightweight-accordion-body\">\n\n<p>Vous pouvez r\u00e9ussir l&rsquo;examen m\u00eame si vous n&rsquo;avez pas obtenu de bons r\u00e9sultats dans une section. Quelle que soit votre performance dans une section, si vous obtenez la note globale, vous serez re\u00e7u.  Si vous n&rsquo;obtenez pas la note globale de r\u00e9ussite \u00e0 l&rsquo;examen des lunettes ou des lentilles de contact, vous devez repasser l&rsquo;ensemble de l&rsquo;examen des lunettes ou des lentilles de contact.  <\/p>\n\n<\/div><\/details><\/div><div class=\"lightweight-accordion\"><details><summary class=\"lightweight-accordion-title\"><h3><strong><strong><strong><strong><strong><strong><strong><strong><strong><strong><strong><strong><strong><strong><strong>Combien de fois puis-je passer chaque examen ?<\/strong><\/strong><\/strong><\/strong><\/strong><\/strong><\/strong><\/strong><\/strong><\/strong><\/strong><\/strong><\/strong><\/strong><\/strong><\/h3><\/summary><div class=\"lightweight-accordion-body\">\n\n<p>Un candidat a le droit de se pr\u00e9senter trois fois au maximum \u00e0 chaque examen. Apr\u00e8s la troisi\u00e8me tentative et chaque tentative suivante infructueuse, le candidat doit se conformer \u00e0 un plan de mise \u00e0 niveau approuv\u00e9, tel que sp\u00e9cifi\u00e9 par l&rsquo;autorit\u00e9 de r\u00e9glementation de sa province, avant que toute autre contestation de l&rsquo;examen ne soit autoris\u00e9e. <\/p>\n\n<\/div><\/details><\/div><div class=\"lightweight-accordion\"><details><summary class=\"lightweight-accordion-title\"><h3><strong><strong><strong><strong><strong><strong><strong><strong><strong><strong><strong><strong><strong><strong><strong><strong>Suis-je titulaire d&rsquo;une licence apr\u00e8s avoir r\u00e9ussi l&rsquo;examen ?<\/strong><\/strong><\/strong><\/strong><\/strong><\/strong><\/strong><\/strong><\/strong><\/strong><\/strong><\/strong><\/strong><\/strong><\/strong><\/strong><\/h3><\/summary><div class=\"lightweight-accordion-body\">\n\n<p>La r\u00e9ussite \u00e0 l&rsquo;examen ne signifie pas que vous \u00eates automatiquement autoris\u00e9 \u00e0 exercer. Apr\u00e8s la publication des marques, vous devrez contacter l&rsquo;organisme de r\u00e9glementation de votre province pour proc\u00e9der \u00e0 l&rsquo;enregistrement en tant qu&rsquo;opticien.<\/p>\n\n\n\n<div class=\"wp-block-columns is-layout-flex wp-container-core-columns-is-layout-9d6595d7 wp-block-columns-is-layout-flex\">\n<div class=\"wp-block-column is-layout-flow wp-block-column-is-layout-flow\"><\/div>\n\n\n\n<div class=\"wp-block-column is-layout-flow wp-block-column-is-layout-flow\"><p><a  class=\"x-btn x-btn-real x-btn-rounded x-btn-medium\"  href=\"https:\/\/nacor.ca\/members\/\"     data-options=\"thumbnail: ''\">Provincial Regulators<\/a><\/p>\n<\/div>\n\n\n\n<div class=\"wp-block-column is-layout-flow wp-block-column-is-layout-flow\"><\/div>\n<\/div>\n\n<\/div><\/details><\/div>","protected":false},"excerpt":{"rendered":"","protected":false},"author":2,"featured_media":0,"parent":1418,"menu_order":0,"comment_status":"closed","ping_status":"closed","template":"","meta":{"footnotes":""},"class_list":["post-1410","page","type-page","status-publish","hentry","no-post-thumbnail"],"yoast_head":"<!-- This site is optimized with the Yoast SEO plugin v27.4 - https:\/\/yoast.com\/product\/yoast-seo-wordpress\/ -->\n<title>Questions fr\u00e9quemment pos\u00e9es - NACOR<\/title>\n<meta name=\"robots\" content=\"index, follow, max-snippet:-1, max-image-preview:large, max-video-preview:-1\" \/>\n<link rel=\"canonical\" href=\"https:\/\/nacor.ca\/fr\/examens-nationaux\/questions-frequemment-posees\/\" \/>\n<meta property=\"og:locale\" content=\"fr_FR\" \/>\n<meta property=\"og:type\" content=\"article\" \/>\n<meta property=\"og:title\" content=\"Questions fr\u00e9quemment pos\u00e9es - NACOR\" \/>\n<meta property=\"og:url\" content=\"https:\/\/nacor.ca\/fr\/examens-nationaux\/questions-frequemment-posees\/\" \/>\n<meta property=\"og:site_name\" content=\"NACOR\" \/>\n<meta property=\"article:modified_time\" content=\"2025-12-18T16:14:56+00:00\" \/>\n<meta name=\"twitter:card\" content=\"summary_large_image\" \/>\n<meta name=\"twitter:label1\" content=\"Dur\u00e9e de lecture estim\u00e9e\" \/>\n\t<meta name=\"twitter:data1\" content=\"6 minutes\" \/>\n<script type=\"application\/ld+json\" class=\"yoast-schema-graph\">{\"@context\":\"https:\\\/\\\/schema.org\",\"@graph\":[{\"@type\":\"WebPage\",\"@id\":\"https:\\\/\\\/nacor.ca\\\/fr\\\/examens-nationaux\\\/questions-frequemment-posees\\\/\",\"url\":\"https:\\\/\\\/nacor.ca\\\/fr\\\/examens-nationaux\\\/questions-frequemment-posees\\\/\",\"name\":\"Questions fr\u00e9quemment pos\u00e9es - NACOR\",\"isPartOf\":{\"@id\":\"https:\\\/\\\/nacor.ca\\\/fr\\\/#website\"},\"datePublished\":\"2023-04-25T20:36:25+00:00\",\"dateModified\":\"2025-12-18T16:14:56+00:00\",\"breadcrumb\":{\"@id\":\"https:\\\/\\\/nacor.ca\\\/fr\\\/examens-nationaux\\\/questions-frequemment-posees\\\/#breadcrumb\"},\"inLanguage\":\"fr-FR\",\"potentialAction\":[{\"@type\":\"ReadAction\",\"target\":[\"https:\\\/\\\/nacor.ca\\\/fr\\\/examens-nationaux\\\/questions-frequemment-posees\\\/\"]}]},{\"@type\":\"BreadcrumbList\",\"@id\":\"https:\\\/\\\/nacor.ca\\\/fr\\\/examens-nationaux\\\/questions-frequemment-posees\\\/#breadcrumb\",\"itemListElement\":[{\"@type\":\"ListItem\",\"position\":1,\"name\":\"Home\",\"item\":\"https:\\\/\\\/nacor.ca\\\/fr\\\/page-daccueil\\\/\"},{\"@type\":\"ListItem\",\"position\":2,\"name\":\"Examens nationaux\",\"item\":\"https:\\\/\\\/nacor.ca\\\/fr\\\/examens-nationaux\\\/\"},{\"@type\":\"ListItem\",\"position\":3,\"name\":\"Questions fr\u00e9quemment pos\u00e9es\"}]},{\"@type\":\"WebSite\",\"@id\":\"https:\\\/\\\/nacor.ca\\\/fr\\\/#website\",\"url\":\"https:\\\/\\\/nacor.ca\\\/fr\\\/\",\"name\":\"NACOR\",\"description\":\"Alliance nationale des opticiens de r\u00e9glementation du Canada\",\"publisher\":{\"@id\":\"https:\\\/\\\/nacor.ca\\\/fr\\\/#organization\"},\"potentialAction\":[{\"@type\":\"SearchAction\",\"target\":{\"@type\":\"EntryPoint\",\"urlTemplate\":\"https:\\\/\\\/nacor.ca\\\/fr\\\/?s={search_term_string}\"},\"query-input\":{\"@type\":\"PropertyValueSpecification\",\"valueRequired\":true,\"valueName\":\"search_term_string\"}}],\"inLanguage\":\"fr-FR\"},{\"@type\":\"Organization\",\"@id\":\"https:\\\/\\\/nacor.ca\\\/fr\\\/#organization\",\"name\":\"NACOR (National Alliance of Canadian Optician Regulators)\",\"url\":\"https:\\\/\\\/nacor.ca\\\/fr\\\/\",\"logo\":{\"@type\":\"ImageObject\",\"inLanguage\":\"fr-FR\",\"@id\":\"https:\\\/\\\/nacor.ca\\\/fr\\\/#\\\/schema\\\/logo\\\/image\\\/\",\"url\":\"https:\\\/\\\/nacor.ca\\\/wp-content\\\/uploads\\\/2020\\\/03\\\/NACOR-icon.png\",\"contentUrl\":\"https:\\\/\\\/nacor.ca\\\/wp-content\\\/uploads\\\/2020\\\/03\\\/NACOR-icon.png\",\"width\":300,\"height\":300,\"caption\":\"NACOR (National Alliance of Canadian Optician Regulators)\"},\"image\":{\"@id\":\"https:\\\/\\\/nacor.ca\\\/fr\\\/#\\\/schema\\\/logo\\\/image\\\/\"}}]}<\/script>\n<!-- \/ Yoast SEO plugin. -->","yoast_head_json":{"title":"Questions fr\u00e9quemment pos\u00e9es - NACOR","robots":{"index":"index","follow":"follow","max-snippet":"max-snippet:-1","max-image-preview":"max-image-preview:large","max-video-preview":"max-video-preview:-1"},"canonical":"https:\/\/nacor.ca\/fr\/examens-nationaux\/questions-frequemment-posees\/","og_locale":"fr_FR","og_type":"article","og_title":"Questions fr\u00e9quemment pos\u00e9es - NACOR","og_url":"https:\/\/nacor.ca\/fr\/examens-nationaux\/questions-frequemment-posees\/","og_site_name":"NACOR","article_modified_time":"2025-12-18T16:14:56+00:00","twitter_card":"summary_large_image","twitter_misc":{"Dur\u00e9e de lecture estim\u00e9e":"6 minutes"},"schema":{"@context":"https:\/\/schema.org","@graph":[{"@type":"WebPage","@id":"https:\/\/nacor.ca\/fr\/examens-nationaux\/questions-frequemment-posees\/","url":"https:\/\/nacor.ca\/fr\/examens-nationaux\/questions-frequemment-posees\/","name":"Questions fr\u00e9quemment pos\u00e9es - NACOR","isPartOf":{"@id":"https:\/\/nacor.ca\/fr\/#website"},"datePublished":"2023-04-25T20:36:25+00:00","dateModified":"2025-12-18T16:14:56+00:00","breadcrumb":{"@id":"https:\/\/nacor.ca\/fr\/examens-nationaux\/questions-frequemment-posees\/#breadcrumb"},"inLanguage":"fr-FR","potentialAction":[{"@type":"ReadAction","target":["https:\/\/nacor.ca\/fr\/examens-nationaux\/questions-frequemment-posees\/"]}]},{"@type":"BreadcrumbList","@id":"https:\/\/nacor.ca\/fr\/examens-nationaux\/questions-frequemment-posees\/#breadcrumb","itemListElement":[{"@type":"ListItem","position":1,"name":"Home","item":"https:\/\/nacor.ca\/fr\/page-daccueil\/"},{"@type":"ListItem","position":2,"name":"Examens nationaux","item":"https:\/\/nacor.ca\/fr\/examens-nationaux\/"},{"@type":"ListItem","position":3,"name":"Questions fr\u00e9quemment pos\u00e9es"}]},{"@type":"WebSite","@id":"https:\/\/nacor.ca\/fr\/#website","url":"https:\/\/nacor.ca\/fr\/","name":"NACOR","description":"Alliance nationale des opticiens de r\u00e9glementation du Canada","publisher":{"@id":"https:\/\/nacor.ca\/fr\/#organization"},"potentialAction":[{"@type":"SearchAction","target":{"@type":"EntryPoint","urlTemplate":"https:\/\/nacor.ca\/fr\/?s={search_term_string}"},"query-input":{"@type":"PropertyValueSpecification","valueRequired":true,"valueName":"search_term_string"}}],"inLanguage":"fr-FR"},{"@type":"Organization","@id":"https:\/\/nacor.ca\/fr\/#organization","name":"NACOR (National Alliance of Canadian Optician Regulators)","url":"https:\/\/nacor.ca\/fr\/","logo":{"@type":"ImageObject","inLanguage":"fr-FR","@id":"https:\/\/nacor.ca\/fr\/#\/schema\/logo\/image\/","url":"https:\/\/nacor.ca\/wp-content\/uploads\/2020\/03\/NACOR-icon.png","contentUrl":"https:\/\/nacor.ca\/wp-content\/uploads\/2020\/03\/NACOR-icon.png","width":300,"height":300,"caption":"NACOR (National Alliance of Canadian Optician Regulators)"},"image":{"@id":"https:\/\/nacor.ca\/fr\/#\/schema\/logo\/image\/"}}]}},"_links":{"self":[{"href":"https:\/\/nacor.ca\/fr\/wp-json\/wp\/v2\/pages\/1410","targetHints":{"allow":["GET"]}}],"collection":[{"href":"https:\/\/nacor.ca\/fr\/wp-json\/wp\/v2\/pages"}],"about":[{"href":"https:\/\/nacor.ca\/fr\/wp-json\/wp\/v2\/types\/page"}],"author":[{"embeddable":true,"href":"https:\/\/nacor.ca\/fr\/wp-json\/wp\/v2\/users\/2"}],"replies":[{"embeddable":true,"href":"https:\/\/nacor.ca\/fr\/wp-json\/wp\/v2\/comments?post=1410"}],"version-history":[{"count":8,"href":"https:\/\/nacor.ca\/fr\/wp-json\/wp\/v2\/pages\/1410\/revisions"}],"predecessor-version":[{"id":2369,"href":"https:\/\/nacor.ca\/fr\/wp-json\/wp\/v2\/pages\/1410\/revisions\/2369"}],"up":[{"embeddable":true,"href":"https:\/\/nacor.ca\/fr\/wp-json\/wp\/v2\/pages\/1418"}],"wp:attachment":[{"href":"https:\/\/nacor.ca\/fr\/wp-json\/wp\/v2\/media?parent=1410"}],"curies":[{"name":"wp","href":"https:\/\/api.w.org\/{rel}","templated":true}]}}