{"id":1414,"date":"2023-04-25T20:36:26","date_gmt":"2023-04-25T20:36:26","guid":{"rendered":"https:\/\/nacor.ca\/application-dapres-test-pour-le-pontage-de-la-ra\/"},"modified":"2026-01-15T14:53:05","modified_gmt":"2026-01-15T20:53:05","slug":"application-dapres-test-pour-le-pontage-de-la-ra","status":"publish","type":"page","link":"https:\/\/nacor.ca\/fr\/application-dapres-test-pour-le-pontage-de-la-ra\/","title":{"rendered":"Application d&rsquo;apr\u00e8s test pour le pontage de la RA"},"content":{"rendered":"<div id=\"cs-content\" class=\"cs-content\"><\/div>\n","protected":false},"excerpt":{"rendered":"<p>Application d&rsquo;apr\u00e8s test pour le pontage de la RA Si vous devez suivre le programme de formation d&rsquo;appoint de l&rsquo;Ordre des opticiens de l&rsquo;Ontario, NE REMPLISSEZ PAS LE PR\u00c9SENT FORMULAIRE. Veuillez envoyer un courriel \u00e0 general@nacor.ca pour obtenir le formulaire de demande d&rsquo;inscription au programme de recyclage. Informations personnellesNom complet(N\u00e9cessaire) Pr\u00e9nom Initiale du deuxi\u00e8me pr\u00e9nom Nom Maiden Adresse postale(N\u00e9cessaire) Suite\/appartement &#8230; <a href=\"https:\/\/nacor.ca\/fr\/application-dapres-test-pour-le-pontage-de-la-ra\/\" class=\"more-link\">Read More<\/a><\/p>\n","protected":false},"author":1,"featured_media":0,"parent":0,"menu_order":0,"comment_status":"closed","ping_status":"closed","template":"template-blank-4.php","meta":{"footnotes":""},"class_list":["post-1414","page","type-page","status-publish","hentry","no-post-thumbnail"],"yoast_head":"<!-- This site is optimized with the Yoast SEO plugin v27.5 - https:\/\/yoast.com\/product\/yoast-seo-wordpress\/ -->\n<title>Application d&#039;apr\u00e8s test pour le pontage de la RA - NACOR<\/title>\n<meta name=\"robots\" content=\"index, follow, max-snippet:-1, max-image-preview:large, max-video-preview:-1\" \/>\n<link rel=\"canonical\" href=\"https:\/\/nacor.ca\/fr\/application-dapres-test-pour-le-pontage-de-la-ra\/\" \/>\n<meta property=\"og:locale\" content=\"fr_FR\" \/>\n<meta property=\"og:type\" content=\"article\" \/>\n<meta property=\"og:title\" content=\"Application d&#039;apr\u00e8s test pour le pontage de la RA - NACOR\" \/>\n<meta property=\"og:description\" content=\"Application d&rsquo;apr\u00e8s test pour le pontage de la RA Si vous devez suivre le programme de formation d&#039;appoint de l&#039;Ordre des opticiens de l&#039;Ontario, NE REMPLISSEZ PAS LE PR\u00c9SENT FORMULAIRE. Veuillez envoyer un courriel \u00e0 general@nacor.ca pour obtenir le formulaire de demande d&#039;inscription au programme de recyclage. Informations personnellesNom complet(N\u00e9cessaire) Pr\u00e9nom Initiale du deuxi\u00e8me pr\u00e9nom Nom Maiden Adresse postale(N\u00e9cessaire) Suite\/appartement ... Read More\" \/>\n<meta property=\"og:url\" content=\"https:\/\/nacor.ca\/fr\/application-dapres-test-pour-le-pontage-de-la-ra\/\" \/>\n<meta property=\"og:site_name\" content=\"NACOR\" \/>\n<meta property=\"article:modified_time\" content=\"2026-01-15T20:53:05+00:00\" \/>\n<meta name=\"twitter:card\" content=\"summary_large_image\" \/>\n<meta name=\"twitter:label1\" content=\"Dur\u00e9e de lecture estim\u00e9e\" \/>\n\t<meta name=\"twitter:data1\" content=\"1 minute\" \/>\n<script type=\"application\/ld+json\" class=\"yoast-schema-graph\">{\"@context\":\"https:\\\/\\\/schema.org\",\"@graph\":[{\"@type\":\"WebPage\",\"@id\":\"https:\\\/\\\/nacor.ca\\\/fr\\\/application-dapres-test-pour-le-pontage-de-la-ra\\\/\",\"url\":\"https:\\\/\\\/nacor.ca\\\/fr\\\/application-dapres-test-pour-le-pontage-de-la-ra\\\/\",\"name\":\"Application d'apr\u00e8s test pour le pontage de la RA - NACOR\",\"isPartOf\":{\"@id\":\"https:\\\/\\\/nacor.ca\\\/fr\\\/#website\"},\"datePublished\":\"2023-04-25T20:36:26+00:00\",\"dateModified\":\"2026-01-15T20:53:05+00:00\",\"breadcrumb\":{\"@id\":\"https:\\\/\\\/nacor.ca\\\/fr\\\/application-dapres-test-pour-le-pontage-de-la-ra\\\/#breadcrumb\"},\"inLanguage\":\"fr-FR\",\"potentialAction\":[{\"@type\":\"ReadAction\",\"target\":[\"https:\\\/\\\/nacor.ca\\\/fr\\\/application-dapres-test-pour-le-pontage-de-la-ra\\\/\"]}]},{\"@type\":\"BreadcrumbList\",\"@id\":\"https:\\\/\\\/nacor.ca\\\/fr\\\/application-dapres-test-pour-le-pontage-de-la-ra\\\/#breadcrumb\",\"itemListElement\":[{\"@type\":\"ListItem\",\"position\":1,\"name\":\"Home\",\"item\":\"https:\\\/\\\/nacor.ca\\\/fr\\\/page-daccueil\\\/\"},{\"@type\":\"ListItem\",\"position\":2,\"name\":\"Application d&#8217;apr\u00e8s test pour le pontage de la RA\"}]},{\"@type\":\"WebSite\",\"@id\":\"https:\\\/\\\/nacor.ca\\\/fr\\\/#website\",\"url\":\"https:\\\/\\\/nacor.ca\\\/fr\\\/\",\"name\":\"NACOR\",\"description\":\"Alliance nationale des opticiens de r\u00e9glementation du Canada\",\"publisher\":{\"@id\":\"https:\\\/\\\/nacor.ca\\\/fr\\\/#organization\"},\"potentialAction\":[{\"@type\":\"SearchAction\",\"target\":{\"@type\":\"EntryPoint\",\"urlTemplate\":\"https:\\\/\\\/nacor.ca\\\/fr\\\/?s={search_term_string}\"},\"query-input\":{\"@type\":\"PropertyValueSpecification\",\"valueRequired\":true,\"valueName\":\"search_term_string\"}}],\"inLanguage\":\"fr-FR\"},{\"@type\":\"Organization\",\"@id\":\"https:\\\/\\\/nacor.ca\\\/fr\\\/#organization\",\"name\":\"NACOR (National Alliance of Canadian Optician Regulators)\",\"url\":\"https:\\\/\\\/nacor.ca\\\/fr\\\/\",\"logo\":{\"@type\":\"ImageObject\",\"inLanguage\":\"fr-FR\",\"@id\":\"https:\\\/\\\/nacor.ca\\\/fr\\\/#\\\/schema\\\/logo\\\/image\\\/\",\"url\":\"https:\\\/\\\/nacor.ca\\\/wp-content\\\/uploads\\\/2020\\\/03\\\/NACOR-icon.png\",\"contentUrl\":\"https:\\\/\\\/nacor.ca\\\/wp-content\\\/uploads\\\/2020\\\/03\\\/NACOR-icon.png\",\"width\":300,\"height\":300,\"caption\":\"NACOR (National Alliance of Canadian Optician Regulators)\"},\"image\":{\"@id\":\"https:\\\/\\\/nacor.ca\\\/fr\\\/#\\\/schema\\\/logo\\\/image\\\/\"}}]}<\/script>\n<!-- \/ Yoast SEO plugin. -->","yoast_head_json":{"title":"Application d'apr\u00e8s test pour le pontage de la RA - NACOR","robots":{"index":"index","follow":"follow","max-snippet":"max-snippet:-1","max-image-preview":"max-image-preview:large","max-video-preview":"max-video-preview:-1"},"canonical":"https:\/\/nacor.ca\/fr\/application-dapres-test-pour-le-pontage-de-la-ra\/","og_locale":"fr_FR","og_type":"article","og_title":"Application d'apr\u00e8s test pour le pontage de la RA - NACOR","og_description":"Application d&rsquo;apr\u00e8s test pour le pontage de la RA Si vous devez suivre le programme de formation d'appoint de l'Ordre des opticiens de l'Ontario, NE REMPLISSEZ PAS LE PR\u00c9SENT FORMULAIRE. Veuillez envoyer un courriel \u00e0 general@nacor.ca pour obtenir le formulaire de demande d'inscription au programme de recyclage. Informations personnellesNom complet(N\u00e9cessaire) Pr\u00e9nom Initiale du deuxi\u00e8me pr\u00e9nom Nom Maiden Adresse postale(N\u00e9cessaire) Suite\/appartement ... Read More","og_url":"https:\/\/nacor.ca\/fr\/application-dapres-test-pour-le-pontage-de-la-ra\/","og_site_name":"NACOR","article_modified_time":"2026-01-15T20:53:05+00:00","twitter_card":"summary_large_image","twitter_misc":{"Dur\u00e9e de lecture estim\u00e9e":"1 minute"},"schema":{"@context":"https:\/\/schema.org","@graph":[{"@type":"WebPage","@id":"https:\/\/nacor.ca\/fr\/application-dapres-test-pour-le-pontage-de-la-ra\/","url":"https:\/\/nacor.ca\/fr\/application-dapres-test-pour-le-pontage-de-la-ra\/","name":"Application d'apr\u00e8s test pour le pontage de la RA - NACOR","isPartOf":{"@id":"https:\/\/nacor.ca\/fr\/#website"},"datePublished":"2023-04-25T20:36:26+00:00","dateModified":"2026-01-15T20:53:05+00:00","breadcrumb":{"@id":"https:\/\/nacor.ca\/fr\/application-dapres-test-pour-le-pontage-de-la-ra\/#breadcrumb"},"inLanguage":"fr-FR","potentialAction":[{"@type":"ReadAction","target":["https:\/\/nacor.ca\/fr\/application-dapres-test-pour-le-pontage-de-la-ra\/"]}]},{"@type":"BreadcrumbList","@id":"https:\/\/nacor.ca\/fr\/application-dapres-test-pour-le-pontage-de-la-ra\/#breadcrumb","itemListElement":[{"@type":"ListItem","position":1,"name":"Home","item":"https:\/\/nacor.ca\/fr\/page-daccueil\/"},{"@type":"ListItem","position":2,"name":"Application d&#8217;apr\u00e8s test pour le pontage de la RA"}]},{"@type":"WebSite","@id":"https:\/\/nacor.ca\/fr\/#website","url":"https:\/\/nacor.ca\/fr\/","name":"NACOR","description":"Alliance nationale des opticiens de r\u00e9glementation du Canada","publisher":{"@id":"https:\/\/nacor.ca\/fr\/#organization"},"potentialAction":[{"@type":"SearchAction","target":{"@type":"EntryPoint","urlTemplate":"https:\/\/nacor.ca\/fr\/?s={search_term_string}"},"query-input":{"@type":"PropertyValueSpecification","valueRequired":true,"valueName":"search_term_string"}}],"inLanguage":"fr-FR"},{"@type":"Organization","@id":"https:\/\/nacor.ca\/fr\/#organization","name":"NACOR (National Alliance of Canadian Optician Regulators)","url":"https:\/\/nacor.ca\/fr\/","logo":{"@type":"ImageObject","inLanguage":"fr-FR","@id":"https:\/\/nacor.ca\/fr\/#\/schema\/logo\/image\/","url":"https:\/\/nacor.ca\/wp-content\/uploads\/2020\/03\/NACOR-icon.png","contentUrl":"https:\/\/nacor.ca\/wp-content\/uploads\/2020\/03\/NACOR-icon.png","width":300,"height":300,"caption":"NACOR (National Alliance of Canadian Optician Regulators)"},"image":{"@id":"https:\/\/nacor.ca\/fr\/#\/schema\/logo\/image\/"}}]}},"_links":{"self":[{"href":"https:\/\/nacor.ca\/fr\/wp-json\/wp\/v2\/pages\/1414","targetHints":{"allow":["GET"]}}],"collection":[{"href":"https:\/\/nacor.ca\/fr\/wp-json\/wp\/v2\/pages"}],"about":[{"href":"https:\/\/nacor.ca\/fr\/wp-json\/wp\/v2\/types\/page"}],"author":[{"embeddable":true,"href":"https:\/\/nacor.ca\/fr\/wp-json\/wp\/v2\/users\/1"}],"replies":[{"embeddable":true,"href":"https:\/\/nacor.ca\/fr\/wp-json\/wp\/v2\/comments?post=1414"}],"version-history":[{"count":3,"href":"https:\/\/nacor.ca\/fr\/wp-json\/wp\/v2\/pages\/1414\/revisions"}],"predecessor-version":[{"id":2378,"href":"https:\/\/nacor.ca\/fr\/wp-json\/wp\/v2\/pages\/1414\/revisions\/2378"}],"wp:attachment":[{"href":"https:\/\/nacor.ca\/fr\/wp-json\/wp\/v2\/media?parent=1414"}],"curies":[{"name":"wp","href":"https:\/\/api.w.org\/{rel}","templated":true}]}}