{"id":1418,"date":"2023-04-25T20:36:26","date_gmt":"2023-04-25T20:36:26","guid":{"rendered":"https:\/\/nacor.ca\/examens-nationaux\/"},"modified":"2025-04-01T16:08:44","modified_gmt":"2025-04-01T21:08:44","slug":"examens-nationaux","status":"publish","type":"page","link":"https:\/\/nacor.ca\/fr\/examens-nationaux\/","title":{"rendered":"Examens nationaux"},"content":{"rendered":"\n<div class=\"wp-block-columns is-layout-flex wp-container-core-columns-is-layout-9d6595d7 wp-block-columns-is-layout-flex\">\n<div class=\"wp-block-column is-layout-flow wp-block-column-is-layout-flow\" style=\"flex-basis:65%\">\n<h3 class=\"wp-block-heading has-text-align-center\" style=\"font-size:30px\">Quels sont les examens nationaux pour les opticiens canadiens ?<\/h3>\n\n\n\n<p>Les examens nationaux pour les opticiens canadiens sont administr\u00e9s par NACOR au nom des organismes de r\u00e9glementation provinciaux et sont utilis\u00e9s dans toutes les provinces, \u00e0 l&rsquo;exception du Qu\u00e9bec. Ces examens constituent la derni\u00e8re \u00e9tape pour devenir opticien au Canada. Il existe deux examens nationaux de comp\u00e9tence, l&rsquo;un pour la d\u00e9livrance de lunettes et l&rsquo;autre pour la d\u00e9livrance de lentilles de contact.    <\/p>\n\n\n\n<p><strong>\u00c0 compter du 1er mars 2025<\/strong>, les examens pour les lunettes et les lentilles de contact ont \u00e9t\u00e9 mis \u00e0 jour. Bien que les <a href=\"https:\/\/nacor.ca\/fr\/competences\/\">comp\u00e9tences nationales<\/a> \u00e9valu\u00e9es dans les examens restent inchang\u00e9es, certaines <a href=\"https:\/\/nacor.ca\/fr\/examen-national\/apercu-de-lexamen\/\">sections des examens<\/a> seront modifi\u00e9es. Ces r\u00e9visions visent \u00e0 am\u00e9liorer l&rsquo;exp\u00e9rience globale de l&rsquo;examen et \u00e0 faire en sorte que le syst\u00e8me d&rsquo;\u00e9valuation continue de r\u00e9pondre aux normes les plus \u00e9lev\u00e9es exig\u00e9es par notre profession et les organismes de r\u00e9glementation provinciaux.  <\/p>\n<\/div>\n\n\n\n<div class=\"wp-block-column has-text-color has-background is-layout-flow wp-block-column-is-layout-flow\" style=\"color:#870808;background-color:#abb7c226\">\n<div class=\"wp-block-columns is-layout-flex wp-container-core-columns-is-layout-9d6595d7 wp-block-columns-is-layout-flex\">\n<div class=\"wp-block-column is-layout-flow wp-block-column-is-layout-flow\" style=\"flex-basis:1%\">\n<div style=\"height:100px\" aria-hidden=\"true\" class=\"wp-block-spacer\"><\/div>\n<\/div>\n\n\n\n<div class=\"wp-block-column has-small-font-size is-layout-flow wp-block-column-is-layout-flow\">\n<div style=\"height:7px\" aria-hidden=\"true\" class=\"wp-block-spacer\"><\/div>\n\n\n\n<p class=\"has-text-align-center has-black-color has-text-color has-medium-font-size\"><strong>QU\u00c9BEC<\/strong><\/p>\n\n\n\n<p class=\"has-text-align-center has-text-color has-small-font-size\" style=\"color:#870808\"><strong><em><em><strong>Pour en savoir plus sur la fa\u00e7on de devenir opticien au Qu\u00e9bec, consultez <\/strong><\/em>le site de l&rsquo;Ordre des opticiens d&rsquo;ordonnances du Qu\u00e9bec.<\/em><\/strong><\/p>\n\n\n<a  class=\"x-btn x-btn-real x-btn-rounded x-btn-medium\"  href=\"https:\/\/opticien.qc.ca\/devenir-opticien\/\"  target=\"_blank\" rel=\"noopener noreferrer\"   data-options=\"thumbnail: ''\">Ordre des opticiens d\u2019ordonnances du Qu\u00e9bec<\/a>\n<\/div>\n\n\n\n<div class=\"wp-block-column is-layout-flow wp-block-column-is-layout-flow\" style=\"flex-basis:1%\">\n<div style=\"height:100px\" aria-hidden=\"true\" class=\"wp-block-spacer\"><\/div>\n<\/div>\n<\/div>\n<\/div>\n<\/div>\n\n<div style=\"height:28px\" aria-hidden=\"true\" class=\"wp-block-spacer\"><\/div>\n\n<p class=\"has-text-align-center\" style=\"font-size:30px\"><strong>Vous pouvez vous pr\u00e9senter \u00e0 l&rsquo;examen ou aux examens nationaux si vous avez :<\/strong><\/p>\n\n<div style=\"height:20px\" aria-hidden=\"true\" class=\"wp-block-spacer\"><\/div>\n\n<div class=\"wp-block-columns are-vertically-aligned-center is-layout-flex wp-container-core-columns-is-layout-9d6595d7 wp-block-columns-is-layout-flex\">\n<div class=\"wp-block-column is-vertically-aligned-center is-layout-flow wp-block-column-is-layout-flow\" style=\"flex-basis:40%\"><a  class=\"x-btn x-btn-real x-btn-rounded\"  href=\"https:\/\/nacor.ca\/program-accreditation\/\"     data-options=\"thumbnail: ''\">Graduated from an accredited Canadian optical program<\/a>\n<\/div>\n\n\n\n<div class=\"wp-block-column is-vertically-aligned-center is-layout-flow wp-block-column-is-layout-flow\">\n<p class=\"has-text-align-center has-medium-font-size\"><strong><em>OU<\/em><\/strong><\/p>\n<\/div>\n\n\n\n<div class=\"wp-block-column is-vertically-aligned-center is-layout-flow wp-block-column-is-layout-flow\" style=\"flex-basis:40%\"><a  class=\"x-btn x-btn-real x-btn-rounded x-btn-medium\"  href=\"https:\/\/nacor.ca\/how-to-become-an-optician\/\"     data-options=\"thumbnail: ''\">Completed the prior learning assessment and recognition (PLAR) process<\/a>\n<\/div>\n<\/div>\n\n<p class=\"has-text-align-center has-large-font-size\"><strong><em>ET<\/em><\/strong><\/p>\n\n<div class=\"wp-block-columns is-layout-flex wp-container-core-columns-is-layout-9d6595d7 wp-block-columns-is-layout-flex\">\n<div class=\"wp-block-column is-layout-flow wp-block-column-is-layout-flow\" style=\"flex-basis:20%\"><\/div>\n\n\n\n<div class=\"wp-block-column is-vertically-aligned-center is-layout-flow wp-block-column-is-layout-flow\" style=\"flex-basis:60%\"><a  class=\"x-btn x-btn-real x-btn-rounded x-btn-medium\"  href=\"https:\/\/nacor.ca\/national-examinations\/provincial-eligibility-requirements\/\"     data-options=\"thumbnail: ''\">Completed any additional eligibility requirements of your provincial regulatory office<\/a>\n<\/div>\n\n\n\n<div class=\"wp-block-column is-layout-flow wp-block-column-is-layout-flow\" style=\"flex-basis:20%\"><\/div>\n<\/div>\n\n<p class=\"has-text-align-center\">Vous n&rsquo;avez pas besoin d&rsquo;attendre la confirmation de votre \u00e9cole que vous avez obtenu votre dipl\u00f4me pour vous inscrire. Vous n&rsquo;avez pas besoin d&rsquo;attendre la confirmation de l&rsquo;organisme de r\u00e9glementation de votre province pour vous inscrire. La seule fa\u00e7on d&rsquo;\u00eatre s\u00fbr d&rsquo;\u00eatre inscrit \u00e0 l&rsquo;examen national ou aux examens nationaux est de soumettre votre demande avant la date limite d&rsquo;inscription.    <br\/><\/p>\n\n<div class=\"wp-block-columns is-layout-flex wp-container-core-columns-is-layout-9d6595d7 wp-block-columns-is-layout-flex\">\n<div class=\"wp-block-column is-vertically-aligned-center is-layout-flow wp-block-column-is-layout-flow\" style=\"flex-basis:20%\">\n<p><\/p>\n<\/div>\n\n\n\n<div class=\"wp-block-column is-vertically-aligned-center is-layout-flow wp-block-column-is-layout-flow\" style=\"flex-basis:60%\"><a  class=\"x-btn x-btn-real x-btn-rounded x-btn-jumbo\"  href=\"https:\/\/nacor.ca\/national-examination\/application-form\/\"     data-options=\"thumbnail: ''\"> APPLY NOW<\/a>\n<\/div>\n<\/div>\n\n<div class=\"wp-block-columns is-layout-flex wp-container-core-columns-is-layout-9d6595d7 wp-block-columns-is-layout-flex\">\n<div class=\"wp-block-column is-vertically-aligned-center is-layout-flow wp-block-column-is-layout-flow\" style=\"flex-basis:33.33%\"><\/div>\n<\/div>\n\n<div style=\"height:16px\" aria-hidden=\"true\" class=\"wp-block-spacer\"><\/div>\n","protected":false},"excerpt":{"rendered":"<p>Quels sont les examens nationaux pour les opticiens canadiens ? Les examens nationaux pour les opticiens canadiens sont administr\u00e9s par NACOR au nom des organismes de r\u00e9glementation provinciaux et sont utilis\u00e9s dans toutes les provinces, \u00e0 l&rsquo;exception du Qu\u00e9bec. Ces examens constituent la derni\u00e8re \u00e9tape pour devenir opticien au Canada. Il existe deux examens nationaux de comp\u00e9tence, l&rsquo;un pour la &#8230; <a href=\"https:\/\/nacor.ca\/fr\/examens-nationaux\/\" class=\"more-link\">Read More<\/a><\/p>\n","protected":false},"author":2,"featured_media":0,"parent":0,"menu_order":0,"comment_status":"closed","ping_status":"closed","template":"","meta":{"footnotes":""},"class_list":["post-1418","page","type-page","status-publish","hentry","no-post-thumbnail"],"yoast_head":"<!-- This site is optimized with the Yoast SEO plugin v27.4 - https:\/\/yoast.com\/product\/yoast-seo-wordpress\/ -->\n<title>Examens nationaux - NACOR<\/title>\n<meta name=\"robots\" content=\"index, follow, max-snippet:-1, max-image-preview:large, max-video-preview:-1\" \/>\n<link rel=\"canonical\" href=\"https:\/\/nacor.ca\/fr\/examens-nationaux\/\" \/>\n<meta property=\"og:locale\" content=\"fr_FR\" \/>\n<meta property=\"og:type\" content=\"article\" \/>\n<meta property=\"og:title\" content=\"Examens nationaux - NACOR\" \/>\n<meta property=\"og:description\" content=\"Quels sont les examens nationaux pour les opticiens canadiens ? Les examens nationaux pour les opticiens canadiens sont administr\u00e9s par NACOR au nom des organismes de r\u00e9glementation provinciaux et sont utilis\u00e9s dans toutes les provinces, \u00e0 l&rsquo;exception du Qu\u00e9bec. Ces examens constituent la derni\u00e8re \u00e9tape pour devenir opticien au Canada. Il existe deux examens nationaux de comp\u00e9tence, l&rsquo;un pour la ... Read More\" \/>\n<meta property=\"og:url\" content=\"https:\/\/nacor.ca\/fr\/examens-nationaux\/\" \/>\n<meta property=\"og:site_name\" content=\"NACOR\" \/>\n<meta property=\"article:modified_time\" content=\"2025-04-01T21:08:44+00:00\" \/>\n<meta name=\"twitter:card\" content=\"summary_large_image\" \/>\n<meta name=\"twitter:label1\" content=\"Dur\u00e9e de lecture estim\u00e9e\" \/>\n\t<meta name=\"twitter:data1\" content=\"2 minutes\" \/>\n<script type=\"application\/ld+json\" class=\"yoast-schema-graph\">{\"@context\":\"https:\\\/\\\/schema.org\",\"@graph\":[{\"@type\":\"WebPage\",\"@id\":\"https:\\\/\\\/nacor.ca\\\/fr\\\/examens-nationaux\\\/\",\"url\":\"https:\\\/\\\/nacor.ca\\\/fr\\\/examens-nationaux\\\/\",\"name\":\"Examens nationaux - NACOR\",\"isPartOf\":{\"@id\":\"https:\\\/\\\/nacor.ca\\\/fr\\\/#website\"},\"datePublished\":\"2023-04-25T20:36:26+00:00\",\"dateModified\":\"2025-04-01T21:08:44+00:00\",\"breadcrumb\":{\"@id\":\"https:\\\/\\\/nacor.ca\\\/fr\\\/examens-nationaux\\\/#breadcrumb\"},\"inLanguage\":\"fr-FR\",\"potentialAction\":[{\"@type\":\"ReadAction\",\"target\":[\"https:\\\/\\\/nacor.ca\\\/fr\\\/examens-nationaux\\\/\"]}]},{\"@type\":\"BreadcrumbList\",\"@id\":\"https:\\\/\\\/nacor.ca\\\/fr\\\/examens-nationaux\\\/#breadcrumb\",\"itemListElement\":[{\"@type\":\"ListItem\",\"position\":1,\"name\":\"Home\",\"item\":\"https:\\\/\\\/nacor.ca\\\/fr\\\/page-daccueil\\\/\"},{\"@type\":\"ListItem\",\"position\":2,\"name\":\"Examens nationaux\"}]},{\"@type\":\"WebSite\",\"@id\":\"https:\\\/\\\/nacor.ca\\\/fr\\\/#website\",\"url\":\"https:\\\/\\\/nacor.ca\\\/fr\\\/\",\"name\":\"NACOR\",\"description\":\"Alliance nationale des opticiens de r\u00e9glementation du Canada\",\"publisher\":{\"@id\":\"https:\\\/\\\/nacor.ca\\\/fr\\\/#organization\"},\"potentialAction\":[{\"@type\":\"SearchAction\",\"target\":{\"@type\":\"EntryPoint\",\"urlTemplate\":\"https:\\\/\\\/nacor.ca\\\/fr\\\/?s={search_term_string}\"},\"query-input\":{\"@type\":\"PropertyValueSpecification\",\"valueRequired\":true,\"valueName\":\"search_term_string\"}}],\"inLanguage\":\"fr-FR\"},{\"@type\":\"Organization\",\"@id\":\"https:\\\/\\\/nacor.ca\\\/fr\\\/#organization\",\"name\":\"NACOR (National Alliance of Canadian Optician Regulators)\",\"url\":\"https:\\\/\\\/nacor.ca\\\/fr\\\/\",\"logo\":{\"@type\":\"ImageObject\",\"inLanguage\":\"fr-FR\",\"@id\":\"https:\\\/\\\/nacor.ca\\\/fr\\\/#\\\/schema\\\/logo\\\/image\\\/\",\"url\":\"https:\\\/\\\/nacor.ca\\\/wp-content\\\/uploads\\\/2020\\\/03\\\/NACOR-icon.png\",\"contentUrl\":\"https:\\\/\\\/nacor.ca\\\/wp-content\\\/uploads\\\/2020\\\/03\\\/NACOR-icon.png\",\"width\":300,\"height\":300,\"caption\":\"NACOR (National Alliance of Canadian Optician Regulators)\"},\"image\":{\"@id\":\"https:\\\/\\\/nacor.ca\\\/fr\\\/#\\\/schema\\\/logo\\\/image\\\/\"}}]}<\/script>\n<!-- \/ Yoast SEO plugin. -->","yoast_head_json":{"title":"Examens nationaux - NACOR","robots":{"index":"index","follow":"follow","max-snippet":"max-snippet:-1","max-image-preview":"max-image-preview:large","max-video-preview":"max-video-preview:-1"},"canonical":"https:\/\/nacor.ca\/fr\/examens-nationaux\/","og_locale":"fr_FR","og_type":"article","og_title":"Examens nationaux - NACOR","og_description":"Quels sont les examens nationaux pour les opticiens canadiens ? Les examens nationaux pour les opticiens canadiens sont administr\u00e9s par NACOR au nom des organismes de r\u00e9glementation provinciaux et sont utilis\u00e9s dans toutes les provinces, \u00e0 l&rsquo;exception du Qu\u00e9bec. Ces examens constituent la derni\u00e8re \u00e9tape pour devenir opticien au Canada. Il existe deux examens nationaux de comp\u00e9tence, l&rsquo;un pour la ... Read More","og_url":"https:\/\/nacor.ca\/fr\/examens-nationaux\/","og_site_name":"NACOR","article_modified_time":"2025-04-01T21:08:44+00:00","twitter_card":"summary_large_image","twitter_misc":{"Dur\u00e9e de lecture estim\u00e9e":"2 minutes"},"schema":{"@context":"https:\/\/schema.org","@graph":[{"@type":"WebPage","@id":"https:\/\/nacor.ca\/fr\/examens-nationaux\/","url":"https:\/\/nacor.ca\/fr\/examens-nationaux\/","name":"Examens nationaux - NACOR","isPartOf":{"@id":"https:\/\/nacor.ca\/fr\/#website"},"datePublished":"2023-04-25T20:36:26+00:00","dateModified":"2025-04-01T21:08:44+00:00","breadcrumb":{"@id":"https:\/\/nacor.ca\/fr\/examens-nationaux\/#breadcrumb"},"inLanguage":"fr-FR","potentialAction":[{"@type":"ReadAction","target":["https:\/\/nacor.ca\/fr\/examens-nationaux\/"]}]},{"@type":"BreadcrumbList","@id":"https:\/\/nacor.ca\/fr\/examens-nationaux\/#breadcrumb","itemListElement":[{"@type":"ListItem","position":1,"name":"Home","item":"https:\/\/nacor.ca\/fr\/page-daccueil\/"},{"@type":"ListItem","position":2,"name":"Examens nationaux"}]},{"@type":"WebSite","@id":"https:\/\/nacor.ca\/fr\/#website","url":"https:\/\/nacor.ca\/fr\/","name":"NACOR","description":"Alliance nationale des opticiens de r\u00e9glementation du Canada","publisher":{"@id":"https:\/\/nacor.ca\/fr\/#organization"},"potentialAction":[{"@type":"SearchAction","target":{"@type":"EntryPoint","urlTemplate":"https:\/\/nacor.ca\/fr\/?s={search_term_string}"},"query-input":{"@type":"PropertyValueSpecification","valueRequired":true,"valueName":"search_term_string"}}],"inLanguage":"fr-FR"},{"@type":"Organization","@id":"https:\/\/nacor.ca\/fr\/#organization","name":"NACOR (National Alliance of Canadian Optician Regulators)","url":"https:\/\/nacor.ca\/fr\/","logo":{"@type":"ImageObject","inLanguage":"fr-FR","@id":"https:\/\/nacor.ca\/fr\/#\/schema\/logo\/image\/","url":"https:\/\/nacor.ca\/wp-content\/uploads\/2020\/03\/NACOR-icon.png","contentUrl":"https:\/\/nacor.ca\/wp-content\/uploads\/2020\/03\/NACOR-icon.png","width":300,"height":300,"caption":"NACOR (National Alliance of Canadian Optician Regulators)"},"image":{"@id":"https:\/\/nacor.ca\/fr\/#\/schema\/logo\/image\/"}}]}},"_links":{"self":[{"href":"https:\/\/nacor.ca\/fr\/wp-json\/wp\/v2\/pages\/1418","targetHints":{"allow":["GET"]}}],"collection":[{"href":"https:\/\/nacor.ca\/fr\/wp-json\/wp\/v2\/pages"}],"about":[{"href":"https:\/\/nacor.ca\/fr\/wp-json\/wp\/v2\/types\/page"}],"author":[{"embeddable":true,"href":"https:\/\/nacor.ca\/fr\/wp-json\/wp\/v2\/users\/2"}],"replies":[{"embeddable":true,"href":"https:\/\/nacor.ca\/fr\/wp-json\/wp\/v2\/comments?post=1418"}],"version-history":[{"count":20,"href":"https:\/\/nacor.ca\/fr\/wp-json\/wp\/v2\/pages\/1418\/revisions"}],"predecessor-version":[{"id":2255,"href":"https:\/\/nacor.ca\/fr\/wp-json\/wp\/v2\/pages\/1418\/revisions\/2255"}],"wp:attachment":[{"href":"https:\/\/nacor.ca\/fr\/wp-json\/wp\/v2\/media?parent=1418"}],"curies":[{"name":"wp","href":"https:\/\/api.w.org\/{rel}","templated":true}]}}