{"id":1419,"date":"2023-04-25T20:36:26","date_gmt":"2023-04-25T20:36:26","guid":{"rendered":"https:\/\/nacor.ca\/comment-devenir-opticien\/questions-frequemment-posees\/"},"modified":"2026-03-18T10:22:02","modified_gmt":"2026-03-18T15:22:02","slug":"questions-frequemment-posees","status":"publish","type":"page","link":"https:\/\/nacor.ca\/fr\/comment-devenir-opticien\/questions-frequemment-posees\/","title":{"rendered":"Questions fr\u00e9quemment pos\u00e9es"},"content":{"rendered":"\n<p class=\"has-text-align-center\">Notre programme d&rsquo;\u00e9valuation et de reconnaissance des acquis (ERA) a \u00e9t\u00e9 r\u00e9cemment mis \u00e0 jour. Nous sommes actuellement en train de r\u00e9viser nos documents (y compris les formulaires de candidature), nos ressources et les pages web correspondantes afin de refl\u00e9ter ces changements. Pendant la p\u00e9riode de transition, nous reconnaissons que les candidats peuvent trouver des informations incoh\u00e9rentes concernant le processus. Nous vous remercions de votre patience pendant la r\u00e9alisation de ces mises \u00e0 jour.   <\/p>\n\n<p class=\"has-text-align-center\"><strong>Si vous avez des questions ou des pr\u00e9occupations, veuillez envoyer un courriel \u00e0 <a href=\"mailto:info@nacor.ca\">info@nacor.ca<\/a>.<\/strong><\/p>\n<div class=\"lightweight-accordion has-text-color\"><details><summary class=\"lightweight-accordion-title\" style=\"color:#000000;\"><span><strong>Je suis un opticien ou un optom\u00e9triste de formation internationale. Puis-je suivre un programme de RA pour obtenir une licence d&rsquo;opticien au Canada ?<\/strong><\/span><\/summary><div class=\"lightweight-accordion-body\">\n\n<h2 class=\"wp-block-heading has-white-color has-text-color\" style=\"font-size:5px\">Question :  <strong>Je suis un opticien ou un optom\u00e9triste de formation internationale. Puis-je suivre un programme de RA pour obtenir une licence d&rsquo;opticien au Canada ?<\/strong><\/h2>\n\n\n\n<p>Oui, les professionnels de l&rsquo;optique form\u00e9s \u00e0 l&rsquo;\u00e9tranger peuvent demander la RA. Vous devez tout de m\u00eame suivre le cours de <a href=\"https:\/\/nacor.ca\/fr\/processus-de-ra-etape-par-etape\/\">\n  <strong>CGA<\/strong>\n<\/a> et suivre les cours de <a href=\"https:\/\/nacor.ca\/fr\/ressources\/cours-du-module-de-transition\/\">\n  <strong>passerelle<\/strong>\n<\/a>.<\/p>\n\n<\/div><\/details><\/div><div class=\"lightweight-accordion has-text-color\"><details><summary class=\"lightweight-accordion-title\" style=\"color:#000000;\"><span><strong>Comment puis-je \u00e9tudier la RA ?<\/strong><\/span><\/summary><div class=\"lightweight-accordion-body\">\n\n<h2 class=\"wp-block-heading has-white-color has-text-color\" style=\"font-size:5px\">Question : Comment puis-je \u00e9tudier la RA ?<\/h2>\n\n\n\n<p>L&rsquo;objectif de la RA est d&rsquo;\u00e9valuer votre niveau actuel de comp\u00e9tences et de connaissances afin de d\u00e9terminer les domaines dans lesquels vous devez vous am\u00e9liorer.  <\/p>\n\n\n\n<p>Si vous avez des lacunes dans vos connaissances et vos comp\u00e9tences, des modules de transition vous seront attribu\u00e9s pour vous mettre \u00e0 niveau. Les <a href=\"https:\/\/nacor.ca\/fr\/ressources\/cours-du-module-de-transition\/\"><strong>sont disponibles sur le site web de NACOR et peuvent \u00eatre utilis\u00e9s comme mat\u00e9riel d&rsquo;\u00e9tude pour l&rsquo;ERA.<\/strong><\/a>.<\/p>\n\n\n\n<p>Visitez la page <a href=\"https:\/\/becomeanoptician.com\/how-to-become-an-optician\/become-a-canadian-optician\/evaluating-your-skills\/\" target=\"_blank\" rel=\"noreferrer noopener\">\n  <strong>\u00c9valuer ses comp\u00e9tences<\/strong>\n<\/a> sur la page <a href=\"https:\/\/becomeanoptician.com\/\" target=\"_blank\" rel=\"noreferrer noopener\">\n  <strong>Devenir opticien<\/strong>\n<\/a> pour estimer votre niveau actuel.<\/p>\n\n<\/div><\/details><\/div><div class=\"lightweight-accordion has-text-color\"><details><summary class=\"lightweight-accordion-title\" style=\"color:#000000;\"><span><strong>Que se passe-t-il si j&rsquo;\u00e9choue \u00e0 la RA ?<\/strong><\/span><\/summary><div class=\"lightweight-accordion-body\">\n\n<h2 class=\"wp-block-heading has-white-color has-text-color\" style=\"font-size:5px\">Question : Que se passe-t-il si j&rsquo;\u00e9choue \u00e0 la RA ?<\/h2>\n\n\n\n<p>L&rsquo;\u00c9RA n&rsquo;est pas un examen que l&rsquo;on r\u00e9ussit ou que l&rsquo;on \u00e9choue ; l&rsquo;\u00c9RA d\u00e9termine plut\u00f4t si vos comp\u00e9tences et vos connaissances sont \u00e9gales ou sup\u00e9rieures \u00e0 celles d&rsquo;un dipl\u00f4m\u00e9 canadien r\u00e9cent pour ce qui est des comp\u00e9tences requises pour \u00eatre opticien au Canada. Si vous obtenez la note <strong>At<\/strong> dans tous ces domaines de comp\u00e9tence, vous pouvez vous pr\u00e9senter \u00e0 l&rsquo;examen national. Si vous obtenez une note <strong>inf\u00e9rieure<\/strong> dans l&rsquo;un des domaines de comp\u00e9tences, vous devrez suivre une formation d&rsquo;appoint avant de pouvoir vous pr\u00e9senter \u00e0 l&rsquo;examen national. <\/p>\n\n\n\n<p><a href=\"https:\/\/nacor.ca\/fr\/cours-du-module-de-passage\/\"><strong>Les modules de transition sont disponibles sur le site web de NACOR.<\/strong><\/a><\/p>\n\n<\/div><\/details><\/div><div class=\"lightweight-accordion has-text-color\"><details><summary class=\"lightweight-accordion-title\" style=\"color:#000000;\"><span><strong>Combien de temps ai-je pour compl\u00e9ter les modules de transition si on m&rsquo;en a attribu\u00e9 ?<\/strong><\/span><\/summary><div class=\"lightweight-accordion-body\">\n\n<h2 class=\"wp-block-heading has-white-color has-text-color\" style=\"font-size:5px\">Question : De combien de temps est-ce que je dispose pour compl\u00e9ter les modules de transition si on m&rsquo;en a attribu\u00e9 quelques-uns ?<\/h2>\n\n\n\n<p>Vous disposez d&rsquo;<strong>un an<\/strong> pour compl\u00e9ter les modules de transition \u00e0 partir de la date \u00e0 laquelle ils vous ont \u00e9t\u00e9 attribu\u00e9s.<\/p>\n\n<\/div><\/details><\/div><div class=\"lightweight-accordion has-text-color\"><details><summary class=\"lightweight-accordion-title\" style=\"color:#000000;\"><span><strong>Une fois que j&rsquo;ai termin\u00e9 la RA, combien de temps me reste-t-il pour me pr\u00e9senter \u00e0 l&rsquo;examen (aux examens) national(aux) ?<\/strong><\/span><\/summary><div class=\"lightweight-accordion-body\">\n\n<h2 class=\"wp-block-heading has-white-color has-text-color\" style=\"font-size:5px\">Question : Combien de temps dois-je attendre avant de me pr\u00e9senter \u00e0 l&rsquo;examen national apr\u00e8s avoir suivi la proc\u00e9dure de RA ?<\/h2>\n\n\n\n<p>Les candidats \u00e0 la RA doivent r\u00e9ussir l&rsquo;examen NACOR <em>et<\/em> demander leur inscription <strong>dans les trois ans<\/strong> qui suivent la fin de la formation d&rsquo;appoint qui leur a \u00e9t\u00e9 attribu\u00e9e.<\/p>\n\n<\/div><\/details><\/div><div class=\"lightweight-accordion has-text-color\"><details><summary class=\"lightweight-accordion-title\" style=\"color:#000000;\"><span><strong>O\u00f9 puis-je obtenir plus d&rsquo;informations sur la fa\u00e7on de devenir opticien au Canada ?<\/strong><\/span><\/summary><div class=\"lightweight-accordion-body\">\n\n<h2 class=\"wp-block-heading has-white-color has-text-color\" style=\"font-size:5px\">Question : O\u00f9 puis-je obtenir plus d&rsquo;informations sur la fa\u00e7on de devenir opticien au Canada ?<\/h2>\n\n\n\n<p>Visitez le site <strong><a href=\"https:\/\/becomeanoptician.com\/\" target=\"_blank\" rel=\"noreferrer noopener\">Devenez opticien<\/a> <\/strong>pour plus d&rsquo;informations.<\/p>\n\n<\/div><\/details><\/div><div class=\"lightweight-accordion has-text-color\"><details><summary class=\"lightweight-accordion-title\" style=\"color:#000000;\"><span><strong>De quoi ai-je besoin pour passer le CGA ?<\/strong><\/span><\/summary><div class=\"lightweight-accordion-body\">\n\n<h2 class=\"wp-block-heading has-white-color has-text-color\" style=\"font-size:5px\">Question : De quoi ai-je besoin pour passer le CGA ?<\/h2>\n\n\n\n<p>Le CGA est compl\u00e9t\u00e9 en ligne et est une \u00e9valuation supervis\u00e9e. Pour compl\u00e9ter le CGA, vous avez besoin d&rsquo;un ordinateur \u00e9quip\u00e9 d&rsquo;une cam\u00e9ra et d&rsquo;un microphone, ainsi que d&rsquo;une bonne connexion internet.<\/p>\n\n<\/div><\/details><\/div><div class=\"lightweight-accordion has-text-color\"><details><summary class=\"lightweight-accordion-title\" style=\"color:#000000;\"><span><strong>Puis-je effectuer une partie de la proc\u00e9dure d&rsquo;ERA depuis l&rsquo;\u00e9tranger ?<\/strong><\/span><\/summary><div class=\"lightweight-accordion-body\">\n\n<h2 class=\"wp-block-heading has-white-color has-text-color\" style=\"font-size:5px\">Question : Puis-je accomplir une partie de la proc\u00e9dure d&rsquo;ERA pendant que je suis encore dans mon pays d&rsquo;origine ?<\/h2>\n\n\n\n<p>Oui, vous pouvez effectuer l&rsquo;examen des documents <a href=\"https:\/\/nacor.ca\/fr\/processus-de-ra-etape-par-etape\/\"><strong>examen des documents et CGA<\/strong><\/a> depuis l&rsquo;\u00e9tranger.<\/p>\n\n<\/div><\/details><\/div><div class=\"lightweight-accordion has-text-color\"><details><summary class=\"lightweight-accordion-title\" style=\"color:#000000;\"><span><strong>Apr\u00e8s avoir suivi la proc\u00e9dure de RA, dois-je passer le(s) examen(s) national(aux) avant de pouvoir obtenir une licence ?<\/strong><\/span><\/summary><div class=\"lightweight-accordion-body\">\n\n<h2 class=\"wp-block-heading has-white-color has-text-color\" style=\"font-size:5px\">Question : Une fois que j&rsquo;ai termin\u00e9 ma formation \u00e0 la RA, dois-je passer les examens nationaux avant de pouvoir obtenir une licence ?<\/h2>\n\n\n\n<p>Oui, la r\u00e9ussite de l&rsquo;examen <strong><a href=\"https:\/\/nacor.ca\/fr\/examen-national\/\">examen national<\/a><\/strong>(est exig\u00e9e dans toutes les provinces canadiennes, \u00e0 l&rsquo;exception du Qu\u00e9bec.<\/p>\n\n\n\n<p>Pour obtenir des informations sur les modalit\u00e9s d&rsquo;obtention d&rsquo;une licence au Qu\u00e9bec, veuillez contacter l&rsquo;<strong><a href=\"https:\/\/opticien.qc.ca\/\" target=\"_blank\" rel=\"noreferrer noopener\">Ordre des opticiens d&rsquo;ordonnances du Qu\u00e9bec<\/a><\/strong>.<\/p>\n\n<\/div><\/details><\/div><div class=\"lightweight-accordion has-text-color\"><details><summary class=\"lightweight-accordion-title\" style=\"color:#000000;\"><span><strong>Puis-je passer le(s) examen(s) national(aux) depuis l&rsquo;\u00e9tranger ?<\/strong><\/span><\/summary><div class=\"lightweight-accordion-body\">\n\n<h2 class=\"wp-block-heading has-white-color has-text-color\" style=\"font-size:5px\">Question : Puis-je passer les examens nationaux dans mon pays d&rsquo;origine ?<\/h2>\n\n\n\n<p>Non, les examens nationaux sont des examens pratiques et les candidats doivent s&rsquo;y pr\u00e9senter en personne. Pour plus d&rsquo;informations sur les lieux des examens nationaux, consultez la page <a href=\"https:\/\/nacor.ca\/national-examination\/dates-and-venues\/\"><strong>dates et lieux<\/strong><\/a> page. <\/p>\n\n<\/div><\/details><\/div>\n<p><\/p>\n","protected":false},"excerpt":{"rendered":"<p>Notre programme d&rsquo;\u00e9valuation et de reconnaissance des acquis (ERA) a \u00e9t\u00e9 r\u00e9cemment mis \u00e0 jour. Nous sommes actuellement en train de r\u00e9viser nos documents (y compris les formulaires de candidature), nos ressources et les pages web correspondantes afin de refl\u00e9ter ces changements. Pendant la p\u00e9riode de transition, nous reconnaissons que les candidats peuvent trouver des informations incoh\u00e9rentes concernant le processus. &#8230; <a href=\"https:\/\/nacor.ca\/fr\/comment-devenir-opticien\/questions-frequemment-posees\/\" class=\"more-link\">Read More<\/a><\/p>\n","protected":false},"author":2,"featured_media":0,"parent":1405,"menu_order":0,"comment_status":"closed","ping_status":"closed","template":"","meta":{"footnotes":""},"class_list":["post-1419","page","type-page","status-publish","hentry","no-post-thumbnail"],"yoast_head":"<!-- This site is optimized with the Yoast SEO plugin v27.4 - https:\/\/yoast.com\/product\/yoast-seo-wordpress\/ -->\n<title>Questions fr\u00e9quemment pos\u00e9es - NACOR<\/title>\n<meta name=\"robots\" content=\"index, follow, max-snippet:-1, max-image-preview:large, max-video-preview:-1\" \/>\n<link rel=\"canonical\" href=\"https:\/\/nacor.ca\/fr\/comment-devenir-opticien\/questions-frequemment-posees\/\" \/>\n<meta property=\"og:locale\" content=\"fr_FR\" \/>\n<meta property=\"og:type\" content=\"article\" \/>\n<meta property=\"og:title\" content=\"Questions fr\u00e9quemment pos\u00e9es - NACOR\" \/>\n<meta property=\"og:description\" content=\"Notre programme d&rsquo;\u00e9valuation et de reconnaissance des acquis (ERA) a \u00e9t\u00e9 r\u00e9cemment mis \u00e0 jour. Nous sommes actuellement en train de r\u00e9viser nos documents (y compris les formulaires de candidature), nos ressources et les pages web correspondantes afin de refl\u00e9ter ces changements. Pendant la p\u00e9riode de transition, nous reconnaissons que les candidats peuvent trouver des informations incoh\u00e9rentes concernant le processus. ... Read More\" \/>\n<meta property=\"og:url\" content=\"https:\/\/nacor.ca\/fr\/comment-devenir-opticien\/questions-frequemment-posees\/\" \/>\n<meta property=\"og:site_name\" content=\"NACOR\" \/>\n<meta property=\"article:modified_time\" content=\"2026-03-18T15:22:02+00:00\" \/>\n<meta name=\"twitter:card\" content=\"summary_large_image\" \/>\n<meta name=\"twitter:label1\" content=\"Dur\u00e9e de lecture estim\u00e9e\" \/>\n\t<meta name=\"twitter:data1\" content=\"3 minutes\" \/>\n<script type=\"application\/ld+json\" class=\"yoast-schema-graph\">{\"@context\":\"https:\\\/\\\/schema.org\",\"@graph\":[{\"@type\":\"WebPage\",\"@id\":\"https:\\\/\\\/nacor.ca\\\/fr\\\/comment-devenir-opticien\\\/questions-frequemment-posees\\\/\",\"url\":\"https:\\\/\\\/nacor.ca\\\/fr\\\/comment-devenir-opticien\\\/questions-frequemment-posees\\\/\",\"name\":\"Questions fr\u00e9quemment pos\u00e9es - NACOR\",\"isPartOf\":{\"@id\":\"https:\\\/\\\/nacor.ca\\\/fr\\\/#website\"},\"datePublished\":\"2023-04-25T20:36:26+00:00\",\"dateModified\":\"2026-03-18T15:22:02+00:00\",\"breadcrumb\":{\"@id\":\"https:\\\/\\\/nacor.ca\\\/fr\\\/comment-devenir-opticien\\\/questions-frequemment-posees\\\/#breadcrumb\"},\"inLanguage\":\"fr-FR\",\"potentialAction\":[{\"@type\":\"ReadAction\",\"target\":[\"https:\\\/\\\/nacor.ca\\\/fr\\\/comment-devenir-opticien\\\/questions-frequemment-posees\\\/\"]}]},{\"@type\":\"BreadcrumbList\",\"@id\":\"https:\\\/\\\/nacor.ca\\\/fr\\\/comment-devenir-opticien\\\/questions-frequemment-posees\\\/#breadcrumb\",\"itemListElement\":[{\"@type\":\"ListItem\",\"position\":1,\"name\":\"Home\",\"item\":\"https:\\\/\\\/nacor.ca\\\/fr\\\/page-daccueil\\\/\"},{\"@type\":\"ListItem\",\"position\":2,\"name\":\"Comment devenir opticien\",\"item\":\"https:\\\/\\\/nacor.ca\\\/fr\\\/comment-devenir-opticien\\\/\"},{\"@type\":\"ListItem\",\"position\":3,\"name\":\"Questions fr\u00e9quemment pos\u00e9es\"}]},{\"@type\":\"WebSite\",\"@id\":\"https:\\\/\\\/nacor.ca\\\/fr\\\/#website\",\"url\":\"https:\\\/\\\/nacor.ca\\\/fr\\\/\",\"name\":\"NACOR\",\"description\":\"Alliance nationale des opticiens de r\u00e9glementation du Canada\",\"publisher\":{\"@id\":\"https:\\\/\\\/nacor.ca\\\/fr\\\/#organization\"},\"potentialAction\":[{\"@type\":\"SearchAction\",\"target\":{\"@type\":\"EntryPoint\",\"urlTemplate\":\"https:\\\/\\\/nacor.ca\\\/fr\\\/?s={search_term_string}\"},\"query-input\":{\"@type\":\"PropertyValueSpecification\",\"valueRequired\":true,\"valueName\":\"search_term_string\"}}],\"inLanguage\":\"fr-FR\"},{\"@type\":\"Organization\",\"@id\":\"https:\\\/\\\/nacor.ca\\\/fr\\\/#organization\",\"name\":\"NACOR (National Alliance of Canadian Optician Regulators)\",\"url\":\"https:\\\/\\\/nacor.ca\\\/fr\\\/\",\"logo\":{\"@type\":\"ImageObject\",\"inLanguage\":\"fr-FR\",\"@id\":\"https:\\\/\\\/nacor.ca\\\/fr\\\/#\\\/schema\\\/logo\\\/image\\\/\",\"url\":\"https:\\\/\\\/nacor.ca\\\/wp-content\\\/uploads\\\/2020\\\/03\\\/NACOR-icon.png\",\"contentUrl\":\"https:\\\/\\\/nacor.ca\\\/wp-content\\\/uploads\\\/2020\\\/03\\\/NACOR-icon.png\",\"width\":300,\"height\":300,\"caption\":\"NACOR (National Alliance of Canadian Optician Regulators)\"},\"image\":{\"@id\":\"https:\\\/\\\/nacor.ca\\\/fr\\\/#\\\/schema\\\/logo\\\/image\\\/\"}}]}<\/script>\n<!-- \/ Yoast SEO plugin. -->","yoast_head_json":{"title":"Questions fr\u00e9quemment pos\u00e9es - NACOR","robots":{"index":"index","follow":"follow","max-snippet":"max-snippet:-1","max-image-preview":"max-image-preview:large","max-video-preview":"max-video-preview:-1"},"canonical":"https:\/\/nacor.ca\/fr\/comment-devenir-opticien\/questions-frequemment-posees\/","og_locale":"fr_FR","og_type":"article","og_title":"Questions fr\u00e9quemment pos\u00e9es - NACOR","og_description":"Notre programme d&rsquo;\u00e9valuation et de reconnaissance des acquis (ERA) a \u00e9t\u00e9 r\u00e9cemment mis \u00e0 jour. Nous sommes actuellement en train de r\u00e9viser nos documents (y compris les formulaires de candidature), nos ressources et les pages web correspondantes afin de refl\u00e9ter ces changements. Pendant la p\u00e9riode de transition, nous reconnaissons que les candidats peuvent trouver des informations incoh\u00e9rentes concernant le processus. ... Read More","og_url":"https:\/\/nacor.ca\/fr\/comment-devenir-opticien\/questions-frequemment-posees\/","og_site_name":"NACOR","article_modified_time":"2026-03-18T15:22:02+00:00","twitter_card":"summary_large_image","twitter_misc":{"Dur\u00e9e de lecture estim\u00e9e":"3 minutes"},"schema":{"@context":"https:\/\/schema.org","@graph":[{"@type":"WebPage","@id":"https:\/\/nacor.ca\/fr\/comment-devenir-opticien\/questions-frequemment-posees\/","url":"https:\/\/nacor.ca\/fr\/comment-devenir-opticien\/questions-frequemment-posees\/","name":"Questions fr\u00e9quemment pos\u00e9es - NACOR","isPartOf":{"@id":"https:\/\/nacor.ca\/fr\/#website"},"datePublished":"2023-04-25T20:36:26+00:00","dateModified":"2026-03-18T15:22:02+00:00","breadcrumb":{"@id":"https:\/\/nacor.ca\/fr\/comment-devenir-opticien\/questions-frequemment-posees\/#breadcrumb"},"inLanguage":"fr-FR","potentialAction":[{"@type":"ReadAction","target":["https:\/\/nacor.ca\/fr\/comment-devenir-opticien\/questions-frequemment-posees\/"]}]},{"@type":"BreadcrumbList","@id":"https:\/\/nacor.ca\/fr\/comment-devenir-opticien\/questions-frequemment-posees\/#breadcrumb","itemListElement":[{"@type":"ListItem","position":1,"name":"Home","item":"https:\/\/nacor.ca\/fr\/page-daccueil\/"},{"@type":"ListItem","position":2,"name":"Comment devenir opticien","item":"https:\/\/nacor.ca\/fr\/comment-devenir-opticien\/"},{"@type":"ListItem","position":3,"name":"Questions fr\u00e9quemment pos\u00e9es"}]},{"@type":"WebSite","@id":"https:\/\/nacor.ca\/fr\/#website","url":"https:\/\/nacor.ca\/fr\/","name":"NACOR","description":"Alliance nationale des opticiens de r\u00e9glementation du Canada","publisher":{"@id":"https:\/\/nacor.ca\/fr\/#organization"},"potentialAction":[{"@type":"SearchAction","target":{"@type":"EntryPoint","urlTemplate":"https:\/\/nacor.ca\/fr\/?s={search_term_string}"},"query-input":{"@type":"PropertyValueSpecification","valueRequired":true,"valueName":"search_term_string"}}],"inLanguage":"fr-FR"},{"@type":"Organization","@id":"https:\/\/nacor.ca\/fr\/#organization","name":"NACOR (National Alliance of Canadian Optician Regulators)","url":"https:\/\/nacor.ca\/fr\/","logo":{"@type":"ImageObject","inLanguage":"fr-FR","@id":"https:\/\/nacor.ca\/fr\/#\/schema\/logo\/image\/","url":"https:\/\/nacor.ca\/wp-content\/uploads\/2020\/03\/NACOR-icon.png","contentUrl":"https:\/\/nacor.ca\/wp-content\/uploads\/2020\/03\/NACOR-icon.png","width":300,"height":300,"caption":"NACOR (National Alliance of Canadian Optician Regulators)"},"image":{"@id":"https:\/\/nacor.ca\/fr\/#\/schema\/logo\/image\/"}}]}},"_links":{"self":[{"href":"https:\/\/nacor.ca\/fr\/wp-json\/wp\/v2\/pages\/1419","targetHints":{"allow":["GET"]}}],"collection":[{"href":"https:\/\/nacor.ca\/fr\/wp-json\/wp\/v2\/pages"}],"about":[{"href":"https:\/\/nacor.ca\/fr\/wp-json\/wp\/v2\/types\/page"}],"author":[{"embeddable":true,"href":"https:\/\/nacor.ca\/fr\/wp-json\/wp\/v2\/users\/2"}],"replies":[{"embeddable":true,"href":"https:\/\/nacor.ca\/fr\/wp-json\/wp\/v2\/comments?post=1419"}],"version-history":[{"count":5,"href":"https:\/\/nacor.ca\/fr\/wp-json\/wp\/v2\/pages\/1419\/revisions"}],"predecessor-version":[{"id":2458,"href":"https:\/\/nacor.ca\/fr\/wp-json\/wp\/v2\/pages\/1419\/revisions\/2458"}],"up":[{"embeddable":true,"href":"https:\/\/nacor.ca\/fr\/wp-json\/wp\/v2\/pages\/1405"}],"wp:attachment":[{"href":"https:\/\/nacor.ca\/fr\/wp-json\/wp\/v2\/media?parent=1419"}],"curies":[{"name":"wp","href":"https:\/\/api.w.org\/{rel}","templated":true}]}}