{"id":1466,"date":"2023-05-05T16:52:23","date_gmt":"2023-05-05T16:52:23","guid":{"rendered":"https:\/\/nacor.ca\/quest-ce-que-la-ra\/"},"modified":"2026-01-20T12:49:56","modified_gmt":"2026-01-20T18:49:56","slug":"quest-ce-que-la-ra","status":"publish","type":"page","link":"https:\/\/nacor.ca\/fr\/quest-ce-que-la-ra\/","title":{"rendered":"Qu&rsquo;est-ce que la RA ?"},"content":{"rendered":"\n<h2 class=\"wp-block-heading\">\u00c9valuation et reconnaissance des acquis (ERA)<\/h2>\n\n<p>PLAR signifie Prior <strong>Learning Assessment and Recognition (\u00e9valuation et reconnaissance des acquis<\/strong>). La RA \u00e9value le niveau de comp\u00e9tence des candidats qui ne disposent pas d&rsquo;une formation reconnue et accr\u00e9dit\u00e9e. Pour r\u00e9ussir les examens nationaux, les candidats doivent avoir les m\u00eames connaissances et comp\u00e9tences que les jeunes dipl\u00f4m\u00e9s.  <\/p>\n\n<p>Le processus de RA comprend une \u00e9valuation des comp\u00e9tences et des modules de transition ; les personnes qui ont besoin d&rsquo;une formation suppl\u00e9mentaire se voient attribuer des cours ax\u00e9s sur les comp\u00e9tences qu&rsquo;elles doivent am\u00e9liorer.<\/p>\n\n<h2 class=\"wp-block-heading\">Programmes accr\u00e9dit\u00e9s vs RA<\/h2>\n\n<p>Dans les <a href=\"https:\/\/nacor.ca\/fr\/accreditation-du-programme\/\">\n  <strong>programmes canadiens accr\u00e9dit\u00e9s en optique<\/strong>\n<\/a>les \u00e9tudiants acqui\u00e8rent les comp\u00e9tences d\u00e9crites dans les <strong>\n  <a href=\"https:\/\/nacor.ca\/fr\/competences\/\">Comp\u00e9tences nationales pour les opticiens canadiens<\/a>\n<\/strong>. Les dipl\u00f4m\u00e9s de ces programmes peuvent se pr\u00e9senter aux examens nationaux.  <\/p>\n\n<p>Les candidats form\u00e9s \u00e0 l&rsquo;\u00e9tranger et ceux qui ont une exp\u00e9rience dans le domaine de l&rsquo;optique peuvent poss\u00e9der certaines des comp\u00e9tences requises, m\u00eame s&rsquo;ils n&rsquo;ont pas suivi de programme accr\u00e9dit\u00e9. Un programme de formation complet n&rsquo;est peut-\u00eatre pas n\u00e9cessaire pour ces demandeurs ; ils peuvent se concentrer sur l&rsquo;am\u00e9lioration de comp\u00e9tences sp\u00e9cifiques. Dans le cadre de la RA, les candidats passent une \u00e9valuation des comp\u00e9tences appel\u00e9e \u00ab\u00a0<strong>\n  <a href=\"https:\/\/nacor.ca\/step-by-step-plar-process\/step3\">Analyse des \u00e9carts de comp\u00e9tences (AEC)<\/a>\n<\/strong>.\u00a0\u00bb Si l&rsquo;\u00e9valuation r\u00e9v\u00e8le des domaines n\u00e9cessitant une am\u00e9lioration, les candidats doivent suivre des cours de \u00ab\u00a0transition\u00a0\u00bb pour ces comp\u00e9tences. En ciblant sp\u00e9cifiquement ces domaines, les cours de transition permettent aux candidats \u00e0 la RA d&rsquo;acqu\u00e9rir les m\u00eames connaissances que les jeunes dipl\u00f4m\u00e9s.  <\/p>\n\n<p>Les candidats \u00e0 la RA <strong>doivent<\/strong> suivre <strong>toutes les \u00e9tapes<\/strong> du processus de RA avant de pouvoir se pr\u00e9senter \u00e0 l&rsquo;examen national de sciences optiques.<\/p>\n\n<h2 class=\"wp-block-heading\">Les examens nationaux<\/h2>\n\n<p>L&rsquo;<a href=\"https:\/\/nacor.ca\/fr\/examen-national\/a-propos-des-examens\/\">examen national<\/a> est l&rsquo;\u00e9tape suivante apr\u00e8s avoir suivi le processus de RA ou un programme accr\u00e9dit\u00e9. Les dipl\u00f4m\u00e9s d&rsquo;un programme accr\u00e9dit\u00e9 et les candidats \u00e0 la RA doivent r\u00e9ussir l&rsquo;examen national pour s&rsquo;inscrire aupr\u00e8s de l&rsquo;organisme de r\u00e9glementation de leur province.  Toutes les provinces (\u00e0 l&rsquo;exception du Qu\u00e9bec) utilisent le(s) examen(s) national(aux) comme test de comp\u00e9tences pratiques pour prouver la comp\u00e9tence. Il existe deux examens distincts, l&rsquo;un pour les lunettes et l&rsquo;autre pour les lentilles de contact ; certaines provinces exigent que les personnes inscrites passent les deux examens, tandis que d&rsquo;autres n&rsquo;exigent que l&rsquo;examen pour les lunettes.<\/p>\n\n<p><\/p>\n","protected":false},"excerpt":{"rendered":"<p>\u00c9valuation et reconnaissance des acquis (ERA) PLAR signifie Prior Learning Assessment and Recognition (\u00e9valuation et reconnaissance des acquis). La RA \u00e9value le niveau de comp\u00e9tence des candidats qui ne disposent pas d&rsquo;une formation reconnue et accr\u00e9dit\u00e9e. Pour r\u00e9ussir les examens nationaux, les candidats doivent avoir les m\u00eames connaissances et comp\u00e9tences que les jeunes dipl\u00f4m\u00e9s. Le processus de RA comprend une &#8230; <a href=\"https:\/\/nacor.ca\/fr\/quest-ce-que-la-ra\/\" class=\"more-link\">Read More<\/a><\/p>\n","protected":false},"author":2,"featured_media":0,"parent":0,"menu_order":0,"comment_status":"closed","ping_status":"closed","template":"","meta":{"footnotes":""},"class_list":["post-1466","page","type-page","status-publish","hentry","no-post-thumbnail"],"yoast_head":"<!-- This site is optimized with the Yoast SEO plugin v27.5 - https:\/\/yoast.com\/product\/yoast-seo-wordpress\/ -->\n<title>Qu&#039;est-ce que la RA ? - NACOR<\/title>\n<meta name=\"description\" content=\"L&#039;\u00e9valuation et la reconnaissance des acquis (ERA) est un processus qui permet aux personnes ayant de l&#039;exp\u00e9rience de devenir opticiens sans avoir suivi de formation agr\u00e9\u00e9e.\" \/>\n<meta name=\"robots\" content=\"index, follow, max-snippet:-1, max-image-preview:large, max-video-preview:-1\" \/>\n<link rel=\"canonical\" href=\"https:\/\/nacor.ca\/fr\/quest-ce-que-la-ra\/\" \/>\n<meta property=\"og:locale\" content=\"fr_FR\" \/>\n<meta property=\"og:type\" content=\"article\" \/>\n<meta property=\"og:title\" content=\"Qu&#039;est-ce que la RA ? - NACOR\" \/>\n<meta property=\"og:description\" content=\"L&#039;\u00e9valuation et la reconnaissance des acquis (ERA) est un processus qui permet aux personnes ayant de l&#039;exp\u00e9rience de devenir opticiens sans avoir suivi de formation agr\u00e9\u00e9e.\" \/>\n<meta property=\"og:url\" content=\"https:\/\/nacor.ca\/fr\/quest-ce-que-la-ra\/\" \/>\n<meta property=\"og:site_name\" content=\"NACOR\" \/>\n<meta property=\"article:modified_time\" content=\"2026-01-20T18:49:56+00:00\" \/>\n<meta name=\"twitter:card\" content=\"summary_large_image\" \/>\n<meta name=\"twitter:label1\" content=\"Dur\u00e9e de lecture estim\u00e9e\" \/>\n\t<meta name=\"twitter:data1\" content=\"2 minutes\" \/>\n<script type=\"application\/ld+json\" class=\"yoast-schema-graph\">{\"@context\":\"https:\\\/\\\/schema.org\",\"@graph\":[{\"@type\":\"WebPage\",\"@id\":\"https:\\\/\\\/nacor.ca\\\/fr\\\/quest-ce-que-la-ra\\\/\",\"url\":\"https:\\\/\\\/nacor.ca\\\/fr\\\/quest-ce-que-la-ra\\\/\",\"name\":\"Qu'est-ce que la RA ? - NACOR\",\"isPartOf\":{\"@id\":\"https:\\\/\\\/nacor.ca\\\/fr\\\/#website\"},\"datePublished\":\"2023-05-05T16:52:23+00:00\",\"dateModified\":\"2026-01-20T18:49:56+00:00\",\"description\":\"L'\u00e9valuation et la reconnaissance des acquis (ERA) est un processus qui permet aux personnes ayant de l'exp\u00e9rience de devenir opticiens sans avoir suivi de formation agr\u00e9\u00e9e.\",\"breadcrumb\":{\"@id\":\"https:\\\/\\\/nacor.ca\\\/fr\\\/quest-ce-que-la-ra\\\/#breadcrumb\"},\"inLanguage\":\"fr-FR\",\"potentialAction\":[{\"@type\":\"ReadAction\",\"target\":[\"https:\\\/\\\/nacor.ca\\\/fr\\\/quest-ce-que-la-ra\\\/\"]}]},{\"@type\":\"BreadcrumbList\",\"@id\":\"https:\\\/\\\/nacor.ca\\\/fr\\\/quest-ce-que-la-ra\\\/#breadcrumb\",\"itemListElement\":[{\"@type\":\"ListItem\",\"position\":1,\"name\":\"Home\",\"item\":\"https:\\\/\\\/nacor.ca\\\/fr\\\/page-daccueil\\\/\"},{\"@type\":\"ListItem\",\"position\":2,\"name\":\"Qu&#8217;est-ce que la RA ?\"}]},{\"@type\":\"WebSite\",\"@id\":\"https:\\\/\\\/nacor.ca\\\/fr\\\/#website\",\"url\":\"https:\\\/\\\/nacor.ca\\\/fr\\\/\",\"name\":\"NACOR\",\"description\":\"Alliance nationale des opticiens de r\u00e9glementation du Canada\",\"publisher\":{\"@id\":\"https:\\\/\\\/nacor.ca\\\/fr\\\/#organization\"},\"potentialAction\":[{\"@type\":\"SearchAction\",\"target\":{\"@type\":\"EntryPoint\",\"urlTemplate\":\"https:\\\/\\\/nacor.ca\\\/fr\\\/?s={search_term_string}\"},\"query-input\":{\"@type\":\"PropertyValueSpecification\",\"valueRequired\":true,\"valueName\":\"search_term_string\"}}],\"inLanguage\":\"fr-FR\"},{\"@type\":\"Organization\",\"@id\":\"https:\\\/\\\/nacor.ca\\\/fr\\\/#organization\",\"name\":\"NACOR (National Alliance of Canadian Optician Regulators)\",\"url\":\"https:\\\/\\\/nacor.ca\\\/fr\\\/\",\"logo\":{\"@type\":\"ImageObject\",\"inLanguage\":\"fr-FR\",\"@id\":\"https:\\\/\\\/nacor.ca\\\/fr\\\/#\\\/schema\\\/logo\\\/image\\\/\",\"url\":\"https:\\\/\\\/nacor.ca\\\/wp-content\\\/uploads\\\/2020\\\/03\\\/NACOR-icon.png\",\"contentUrl\":\"https:\\\/\\\/nacor.ca\\\/wp-content\\\/uploads\\\/2020\\\/03\\\/NACOR-icon.png\",\"width\":300,\"height\":300,\"caption\":\"NACOR (National Alliance of Canadian Optician Regulators)\"},\"image\":{\"@id\":\"https:\\\/\\\/nacor.ca\\\/fr\\\/#\\\/schema\\\/logo\\\/image\\\/\"}}]}<\/script>\n<!-- \/ Yoast SEO plugin. -->","yoast_head_json":{"title":"Qu'est-ce que la RA ? - NACOR","description":"L'\u00e9valuation et la reconnaissance des acquis (ERA) est un processus qui permet aux personnes ayant de l'exp\u00e9rience de devenir opticiens sans avoir suivi de formation agr\u00e9\u00e9e.","robots":{"index":"index","follow":"follow","max-snippet":"max-snippet:-1","max-image-preview":"max-image-preview:large","max-video-preview":"max-video-preview:-1"},"canonical":"https:\/\/nacor.ca\/fr\/quest-ce-que-la-ra\/","og_locale":"fr_FR","og_type":"article","og_title":"Qu'est-ce que la RA ? - NACOR","og_description":"L'\u00e9valuation et la reconnaissance des acquis (ERA) est un processus qui permet aux personnes ayant de l'exp\u00e9rience de devenir opticiens sans avoir suivi de formation agr\u00e9\u00e9e.","og_url":"https:\/\/nacor.ca\/fr\/quest-ce-que-la-ra\/","og_site_name":"NACOR","article_modified_time":"2026-01-20T18:49:56+00:00","twitter_card":"summary_large_image","twitter_misc":{"Dur\u00e9e de lecture estim\u00e9e":"2 minutes"},"schema":{"@context":"https:\/\/schema.org","@graph":[{"@type":"WebPage","@id":"https:\/\/nacor.ca\/fr\/quest-ce-que-la-ra\/","url":"https:\/\/nacor.ca\/fr\/quest-ce-que-la-ra\/","name":"Qu'est-ce que la RA ? - NACOR","isPartOf":{"@id":"https:\/\/nacor.ca\/fr\/#website"},"datePublished":"2023-05-05T16:52:23+00:00","dateModified":"2026-01-20T18:49:56+00:00","description":"L'\u00e9valuation et la reconnaissance des acquis (ERA) est un processus qui permet aux personnes ayant de l'exp\u00e9rience de devenir opticiens sans avoir suivi de formation agr\u00e9\u00e9e.","breadcrumb":{"@id":"https:\/\/nacor.ca\/fr\/quest-ce-que-la-ra\/#breadcrumb"},"inLanguage":"fr-FR","potentialAction":[{"@type":"ReadAction","target":["https:\/\/nacor.ca\/fr\/quest-ce-que-la-ra\/"]}]},{"@type":"BreadcrumbList","@id":"https:\/\/nacor.ca\/fr\/quest-ce-que-la-ra\/#breadcrumb","itemListElement":[{"@type":"ListItem","position":1,"name":"Home","item":"https:\/\/nacor.ca\/fr\/page-daccueil\/"},{"@type":"ListItem","position":2,"name":"Qu&#8217;est-ce que la RA ?"}]},{"@type":"WebSite","@id":"https:\/\/nacor.ca\/fr\/#website","url":"https:\/\/nacor.ca\/fr\/","name":"NACOR","description":"Alliance nationale des opticiens de r\u00e9glementation du Canada","publisher":{"@id":"https:\/\/nacor.ca\/fr\/#organization"},"potentialAction":[{"@type":"SearchAction","target":{"@type":"EntryPoint","urlTemplate":"https:\/\/nacor.ca\/fr\/?s={search_term_string}"},"query-input":{"@type":"PropertyValueSpecification","valueRequired":true,"valueName":"search_term_string"}}],"inLanguage":"fr-FR"},{"@type":"Organization","@id":"https:\/\/nacor.ca\/fr\/#organization","name":"NACOR (National Alliance of Canadian Optician Regulators)","url":"https:\/\/nacor.ca\/fr\/","logo":{"@type":"ImageObject","inLanguage":"fr-FR","@id":"https:\/\/nacor.ca\/fr\/#\/schema\/logo\/image\/","url":"https:\/\/nacor.ca\/wp-content\/uploads\/2020\/03\/NACOR-icon.png","contentUrl":"https:\/\/nacor.ca\/wp-content\/uploads\/2020\/03\/NACOR-icon.png","width":300,"height":300,"caption":"NACOR (National Alliance of Canadian Optician Regulators)"},"image":{"@id":"https:\/\/nacor.ca\/fr\/#\/schema\/logo\/image\/"}}]}},"_links":{"self":[{"href":"https:\/\/nacor.ca\/fr\/wp-json\/wp\/v2\/pages\/1466","targetHints":{"allow":["GET"]}}],"collection":[{"href":"https:\/\/nacor.ca\/fr\/wp-json\/wp\/v2\/pages"}],"about":[{"href":"https:\/\/nacor.ca\/fr\/wp-json\/wp\/v2\/types\/page"}],"author":[{"embeddable":true,"href":"https:\/\/nacor.ca\/fr\/wp-json\/wp\/v2\/users\/2"}],"replies":[{"embeddable":true,"href":"https:\/\/nacor.ca\/fr\/wp-json\/wp\/v2\/comments?post=1466"}],"version-history":[{"count":2,"href":"https:\/\/nacor.ca\/fr\/wp-json\/wp\/v2\/pages\/1466\/revisions"}],"predecessor-version":[{"id":2409,"href":"https:\/\/nacor.ca\/fr\/wp-json\/wp\/v2\/pages\/1466\/revisions\/2409"}],"wp:attachment":[{"href":"https:\/\/nacor.ca\/fr\/wp-json\/wp\/v2\/media?parent=1466"}],"curies":[{"name":"wp","href":"https:\/\/api.w.org\/{rel}","templated":true}]}}