{"id":2024,"date":"2025-02-27T15:56:11","date_gmt":"2025-02-27T21:56:11","guid":{"rendered":"https:\/\/nacor.ca\/examen-national\/securite-des-examens\/"},"modified":"2025-03-07T16:56:27","modified_gmt":"2025-03-07T22:56:27","slug":"securite-des-examens","status":"publish","type":"page","link":"https:\/\/nacor.ca\/fr\/examen-national\/securite-des-examens\/","title":{"rendered":"S\u00e9curit\u00e9 des examens"},"content":{"rendered":"<div id=\"cs-content\" class=\"cs-content\"><\/div>\n","protected":false},"excerpt":{"rendered":"<p>Sur cette page : Aper\u00e7u de la s\u00e9curit\u00e9 des examens R\u00e8gles de conduite des candidats Accord de s\u00e9curit\u00e9 pour l&rsquo;examen Vue d&rsquo;ensemble Le contenu des examens nationaux pour les opticiens canadiens est confidentiel et exclusif. Les examens et leur contenu sont la propri\u00e9t\u00e9 exclusive de l&rsquo;Alliance nationale des organismes de r\u00e9glementation des opticiens du Canada (ANORC) et sont mis \u00e0 &#8230; <a href=\"https:\/\/nacor.ca\/fr\/examen-national\/securite-des-examens\/\" class=\"more-link\">Read More<\/a><\/p>\n","protected":false},"author":5,"featured_media":0,"parent":785,"menu_order":0,"comment_status":"closed","ping_status":"closed","template":"","meta":{"footnotes":""},"class_list":["post-2024","page","type-page","status-publish","hentry","no-post-thumbnail"],"yoast_head":"<!-- This site is optimized with the Yoast SEO plugin v27.4 - https:\/\/yoast.com\/product\/yoast-seo-wordpress\/ -->\n<title>S\u00e9curit\u00e9 des examens - NACOR<\/title>\n<meta name=\"robots\" content=\"index, follow, max-snippet:-1, max-image-preview:large, max-video-preview:-1\" \/>\n<link rel=\"canonical\" href=\"https:\/\/nacor.ca\/fr\/examen-national\/securite-des-examens\/\" \/>\n<meta property=\"og:locale\" content=\"fr_FR\" \/>\n<meta property=\"og:type\" content=\"article\" \/>\n<meta property=\"og:title\" content=\"S\u00e9curit\u00e9 des examens - NACOR\" \/>\n<meta property=\"og:description\" content=\"Sur cette page : Aper\u00e7u de la s\u00e9curit\u00e9 des examens R\u00e8gles de conduite des candidats Accord de s\u00e9curit\u00e9 pour l&#039;examen Vue d&#039;ensemble Le contenu des examens nationaux pour les opticiens canadiens est confidentiel et exclusif. Les examens et leur contenu sont la propri\u00e9t\u00e9 exclusive de l&#039;Alliance nationale des organismes de r\u00e9glementation des opticiens du Canada (ANORC) et sont mis \u00e0 ... Read More\" \/>\n<meta property=\"og:url\" content=\"https:\/\/nacor.ca\/fr\/examen-national\/securite-des-examens\/\" \/>\n<meta property=\"og:site_name\" content=\"NACOR\" \/>\n<meta property=\"article:modified_time\" content=\"2025-03-07T22:56:27+00:00\" \/>\n<meta name=\"twitter:card\" content=\"summary_large_image\" \/>\n<meta name=\"twitter:label1\" content=\"Dur\u00e9e de lecture estim\u00e9e\" \/>\n\t<meta name=\"twitter:data1\" content=\"4 minutes\" \/>\n<script type=\"application\/ld+json\" class=\"yoast-schema-graph\">{\"@context\":\"https:\\\/\\\/schema.org\",\"@graph\":[{\"@type\":\"WebPage\",\"@id\":\"https:\\\/\\\/nacor.ca\\\/fr\\\/examen-national\\\/securite-des-examens\\\/\",\"url\":\"https:\\\/\\\/nacor.ca\\\/fr\\\/examen-national\\\/securite-des-examens\\\/\",\"name\":\"S\u00e9curit\u00e9 des examens - NACOR\",\"isPartOf\":{\"@id\":\"https:\\\/\\\/nacor.ca\\\/fr\\\/#website\"},\"datePublished\":\"2025-02-27T21:56:11+00:00\",\"dateModified\":\"2025-03-07T22:56:27+00:00\",\"breadcrumb\":{\"@id\":\"https:\\\/\\\/nacor.ca\\\/fr\\\/examen-national\\\/securite-des-examens\\\/#breadcrumb\"},\"inLanguage\":\"fr-FR\",\"potentialAction\":[{\"@type\":\"ReadAction\",\"target\":[\"https:\\\/\\\/nacor.ca\\\/fr\\\/examen-national\\\/securite-des-examens\\\/\"]}]},{\"@type\":\"BreadcrumbList\",\"@id\":\"https:\\\/\\\/nacor.ca\\\/fr\\\/examen-national\\\/securite-des-examens\\\/#breadcrumb\",\"itemListElement\":[{\"@type\":\"ListItem\",\"position\":1,\"name\":\"Home\",\"item\":\"https:\\\/\\\/nacor.ca\\\/fr\\\/page-daccueil\\\/\"},{\"@type\":\"ListItem\",\"position\":2,\"name\":\"Examens nationaux\",\"item\":\"https:\\\/\\\/nacor.ca\\\/fr\\\/examen-national\\\/\"},{\"@type\":\"ListItem\",\"position\":3,\"name\":\"S\u00e9curit\u00e9 des examens\"}]},{\"@type\":\"WebSite\",\"@id\":\"https:\\\/\\\/nacor.ca\\\/fr\\\/#website\",\"url\":\"https:\\\/\\\/nacor.ca\\\/fr\\\/\",\"name\":\"NACOR\",\"description\":\"Alliance nationale des opticiens de r\u00e9glementation du Canada\",\"publisher\":{\"@id\":\"https:\\\/\\\/nacor.ca\\\/fr\\\/#organization\"},\"potentialAction\":[{\"@type\":\"SearchAction\",\"target\":{\"@type\":\"EntryPoint\",\"urlTemplate\":\"https:\\\/\\\/nacor.ca\\\/fr\\\/?s={search_term_string}\"},\"query-input\":{\"@type\":\"PropertyValueSpecification\",\"valueRequired\":true,\"valueName\":\"search_term_string\"}}],\"inLanguage\":\"fr-FR\"},{\"@type\":\"Organization\",\"@id\":\"https:\\\/\\\/nacor.ca\\\/fr\\\/#organization\",\"name\":\"NACOR (National Alliance of Canadian Optician Regulators)\",\"url\":\"https:\\\/\\\/nacor.ca\\\/fr\\\/\",\"logo\":{\"@type\":\"ImageObject\",\"inLanguage\":\"fr-FR\",\"@id\":\"https:\\\/\\\/nacor.ca\\\/fr\\\/#\\\/schema\\\/logo\\\/image\\\/\",\"url\":\"https:\\\/\\\/nacor.ca\\\/wp-content\\\/uploads\\\/2020\\\/03\\\/NACOR-icon.png\",\"contentUrl\":\"https:\\\/\\\/nacor.ca\\\/wp-content\\\/uploads\\\/2020\\\/03\\\/NACOR-icon.png\",\"width\":300,\"height\":300,\"caption\":\"NACOR (National Alliance of Canadian Optician Regulators)\"},\"image\":{\"@id\":\"https:\\\/\\\/nacor.ca\\\/fr\\\/#\\\/schema\\\/logo\\\/image\\\/\"}}]}<\/script>\n<!-- \/ Yoast SEO plugin. -->","yoast_head_json":{"title":"S\u00e9curit\u00e9 des examens - NACOR","robots":{"index":"index","follow":"follow","max-snippet":"max-snippet:-1","max-image-preview":"max-image-preview:large","max-video-preview":"max-video-preview:-1"},"canonical":"https:\/\/nacor.ca\/fr\/examen-national\/securite-des-examens\/","og_locale":"fr_FR","og_type":"article","og_title":"S\u00e9curit\u00e9 des examens - NACOR","og_description":"Sur cette page : Aper\u00e7u de la s\u00e9curit\u00e9 des examens R\u00e8gles de conduite des candidats Accord de s\u00e9curit\u00e9 pour l'examen Vue d'ensemble Le contenu des examens nationaux pour les opticiens canadiens est confidentiel et exclusif. Les examens et leur contenu sont la propri\u00e9t\u00e9 exclusive de l'Alliance nationale des organismes de r\u00e9glementation des opticiens du Canada (ANORC) et sont mis \u00e0 ... Read More","og_url":"https:\/\/nacor.ca\/fr\/examen-national\/securite-des-examens\/","og_site_name":"NACOR","article_modified_time":"2025-03-07T22:56:27+00:00","twitter_card":"summary_large_image","twitter_misc":{"Dur\u00e9e de lecture estim\u00e9e":"4 minutes"},"schema":{"@context":"https:\/\/schema.org","@graph":[{"@type":"WebPage","@id":"https:\/\/nacor.ca\/fr\/examen-national\/securite-des-examens\/","url":"https:\/\/nacor.ca\/fr\/examen-national\/securite-des-examens\/","name":"S\u00e9curit\u00e9 des examens - NACOR","isPartOf":{"@id":"https:\/\/nacor.ca\/fr\/#website"},"datePublished":"2025-02-27T21:56:11+00:00","dateModified":"2025-03-07T22:56:27+00:00","breadcrumb":{"@id":"https:\/\/nacor.ca\/fr\/examen-national\/securite-des-examens\/#breadcrumb"},"inLanguage":"fr-FR","potentialAction":[{"@type":"ReadAction","target":["https:\/\/nacor.ca\/fr\/examen-national\/securite-des-examens\/"]}]},{"@type":"BreadcrumbList","@id":"https:\/\/nacor.ca\/fr\/examen-national\/securite-des-examens\/#breadcrumb","itemListElement":[{"@type":"ListItem","position":1,"name":"Home","item":"https:\/\/nacor.ca\/fr\/page-daccueil\/"},{"@type":"ListItem","position":2,"name":"Examens nationaux","item":"https:\/\/nacor.ca\/fr\/examen-national\/"},{"@type":"ListItem","position":3,"name":"S\u00e9curit\u00e9 des examens"}]},{"@type":"WebSite","@id":"https:\/\/nacor.ca\/fr\/#website","url":"https:\/\/nacor.ca\/fr\/","name":"NACOR","description":"Alliance nationale des opticiens de r\u00e9glementation du Canada","publisher":{"@id":"https:\/\/nacor.ca\/fr\/#organization"},"potentialAction":[{"@type":"SearchAction","target":{"@type":"EntryPoint","urlTemplate":"https:\/\/nacor.ca\/fr\/?s={search_term_string}"},"query-input":{"@type":"PropertyValueSpecification","valueRequired":true,"valueName":"search_term_string"}}],"inLanguage":"fr-FR"},{"@type":"Organization","@id":"https:\/\/nacor.ca\/fr\/#organization","name":"NACOR (National Alliance of Canadian Optician Regulators)","url":"https:\/\/nacor.ca\/fr\/","logo":{"@type":"ImageObject","inLanguage":"fr-FR","@id":"https:\/\/nacor.ca\/fr\/#\/schema\/logo\/image\/","url":"https:\/\/nacor.ca\/wp-content\/uploads\/2020\/03\/NACOR-icon.png","contentUrl":"https:\/\/nacor.ca\/wp-content\/uploads\/2020\/03\/NACOR-icon.png","width":300,"height":300,"caption":"NACOR (National Alliance of Canadian Optician Regulators)"},"image":{"@id":"https:\/\/nacor.ca\/fr\/#\/schema\/logo\/image\/"}}]}},"_links":{"self":[{"href":"https:\/\/nacor.ca\/fr\/wp-json\/wp\/v2\/pages\/2024","targetHints":{"allow":["GET"]}}],"collection":[{"href":"https:\/\/nacor.ca\/fr\/wp-json\/wp\/v2\/pages"}],"about":[{"href":"https:\/\/nacor.ca\/fr\/wp-json\/wp\/v2\/types\/page"}],"author":[{"embeddable":true,"href":"https:\/\/nacor.ca\/fr\/wp-json\/wp\/v2\/users\/5"}],"replies":[{"embeddable":true,"href":"https:\/\/nacor.ca\/fr\/wp-json\/wp\/v2\/comments?post=2024"}],"version-history":[{"count":6,"href":"https:\/\/nacor.ca\/fr\/wp-json\/wp\/v2\/pages\/2024\/revisions"}],"predecessor-version":[{"id":2215,"href":"https:\/\/nacor.ca\/fr\/wp-json\/wp\/v2\/pages\/2024\/revisions\/2215"}],"up":[{"embeddable":true,"href":"https:\/\/nacor.ca\/fr\/wp-json\/wp\/v2\/pages\/785"}],"wp:attachment":[{"href":"https:\/\/nacor.ca\/fr\/wp-json\/wp\/v2\/media?parent=2024"}],"curies":[{"name":"wp","href":"https:\/\/api.w.org\/{rel}","templated":true}]}}