{"id":2028,"date":"2025-02-27T15:58:02","date_gmt":"2025-02-27T21:58:02","guid":{"rendered":"https:\/\/nacor.ca\/admissibilite-a-lexamen\/"},"modified":"2025-03-05T15:52:37","modified_gmt":"2025-03-05T21:52:37","slug":"admissibilite-a-lexamen","status":"publish","type":"page","link":"https:\/\/nacor.ca\/fr\/examen-national\/admissibilite-a-lexamen\/","title":{"rendered":"Admissibilit\u00e9 \u00e0 l&rsquo;examen"},"content":{"rendered":"<div id=\"cs-content\" class=\"cs-content\"><\/div>\n","protected":false},"excerpt":{"rendered":"<p>Sur cette page : Candidats form\u00e9s au Canada Candidats ayant suivi une formation internationale ou alternative Conditions d&rsquo;\u00e9ligibilit\u00e9 de l&rsquo;autorit\u00e9 r\u00e9glementaire provinciale \u00c9chec \u00e0 un examen &#8211; Admissibilit\u00e9 future Candidats form\u00e9s au Canada Les candidats form\u00e9s au Canada qui souhaitent se pr\u00e9senter \u00e0 l&rsquo;un ou l&rsquo;autre des examens nationaux doivent \u00eatre dipl\u00f4m\u00e9s d&rsquo;un programme appropri\u00e9 d&rsquo;acc\u00e8s \u00e0 la profession d&rsquo;opticien &#8230; <a href=\"https:\/\/nacor.ca\/fr\/examen-national\/admissibilite-a-lexamen\/\" class=\"more-link\">Read More<\/a><\/p>\n","protected":false},"author":5,"featured_media":0,"parent":785,"menu_order":0,"comment_status":"closed","ping_status":"closed","template":"","meta":{"footnotes":""},"class_list":["post-2028","page","type-page","status-publish","hentry","no-post-thumbnail"],"yoast_head":"<!-- This site is optimized with the Yoast SEO plugin v27.5 - https:\/\/yoast.com\/product\/yoast-seo-wordpress\/ -->\n<title>Admissibilit\u00e9 \u00e0 l&#039;examen - NACOR<\/title>\n<meta name=\"robots\" content=\"index, follow, max-snippet:-1, max-image-preview:large, max-video-preview:-1\" \/>\n<link rel=\"canonical\" href=\"https:\/\/nacor.ca\/fr\/examen-national\/admissibilite-a-lexamen\/\" \/>\n<meta property=\"og:locale\" content=\"fr_FR\" \/>\n<meta property=\"og:type\" content=\"article\" \/>\n<meta property=\"og:title\" content=\"Admissibilit\u00e9 \u00e0 l&#039;examen - NACOR\" \/>\n<meta property=\"og:description\" content=\"Sur cette page : Candidats form\u00e9s au Canada Candidats ayant suivi une formation internationale ou alternative Conditions d&#039;\u00e9ligibilit\u00e9 de l&#039;autorit\u00e9 r\u00e9glementaire provinciale \u00c9chec \u00e0 un examen - Admissibilit\u00e9 future Candidats form\u00e9s au Canada Les candidats form\u00e9s au Canada qui souhaitent se pr\u00e9senter \u00e0 l&#039;un ou l&#039;autre des examens nationaux doivent \u00eatre dipl\u00f4m\u00e9s d&#039;un programme appropri\u00e9 d&#039;acc\u00e8s \u00e0 la profession d&#039;opticien ... Read More\" \/>\n<meta property=\"og:url\" content=\"https:\/\/nacor.ca\/fr\/examen-national\/admissibilite-a-lexamen\/\" \/>\n<meta property=\"og:site_name\" content=\"NACOR\" \/>\n<meta property=\"article:modified_time\" content=\"2025-03-05T21:52:37+00:00\" \/>\n<meta name=\"twitter:card\" content=\"summary_large_image\" \/>\n<meta name=\"twitter:label1\" content=\"Dur\u00e9e de lecture estim\u00e9e\" \/>\n\t<meta name=\"twitter:data1\" content=\"2 minutes\" \/>\n<script type=\"application\/ld+json\" class=\"yoast-schema-graph\">{\"@context\":\"https:\\\/\\\/schema.org\",\"@graph\":[{\"@type\":\"WebPage\",\"@id\":\"https:\\\/\\\/nacor.ca\\\/fr\\\/examen-national\\\/admissibilite-a-lexamen\\\/\",\"url\":\"https:\\\/\\\/nacor.ca\\\/fr\\\/examen-national\\\/admissibilite-a-lexamen\\\/\",\"name\":\"Admissibilit\u00e9 \u00e0 l'examen - NACOR\",\"isPartOf\":{\"@id\":\"https:\\\/\\\/nacor.ca\\\/fr\\\/#website\"},\"datePublished\":\"2025-02-27T21:58:02+00:00\",\"dateModified\":\"2025-03-05T21:52:37+00:00\",\"breadcrumb\":{\"@id\":\"https:\\\/\\\/nacor.ca\\\/fr\\\/examen-national\\\/admissibilite-a-lexamen\\\/#breadcrumb\"},\"inLanguage\":\"fr-FR\",\"potentialAction\":[{\"@type\":\"ReadAction\",\"target\":[\"https:\\\/\\\/nacor.ca\\\/fr\\\/examen-national\\\/admissibilite-a-lexamen\\\/\"]}]},{\"@type\":\"BreadcrumbList\",\"@id\":\"https:\\\/\\\/nacor.ca\\\/fr\\\/examen-national\\\/admissibilite-a-lexamen\\\/#breadcrumb\",\"itemListElement\":[{\"@type\":\"ListItem\",\"position\":1,\"name\":\"Home\",\"item\":\"https:\\\/\\\/nacor.ca\\\/fr\\\/page-daccueil\\\/\"},{\"@type\":\"ListItem\",\"position\":2,\"name\":\"Examens nationaux\",\"item\":\"https:\\\/\\\/nacor.ca\\\/fr\\\/examen-national\\\/\"},{\"@type\":\"ListItem\",\"position\":3,\"name\":\"Admissibilit\u00e9 \u00e0 l&#8217;examen\"}]},{\"@type\":\"WebSite\",\"@id\":\"https:\\\/\\\/nacor.ca\\\/fr\\\/#website\",\"url\":\"https:\\\/\\\/nacor.ca\\\/fr\\\/\",\"name\":\"NACOR\",\"description\":\"Alliance nationale des opticiens de r\u00e9glementation du Canada\",\"publisher\":{\"@id\":\"https:\\\/\\\/nacor.ca\\\/fr\\\/#organization\"},\"potentialAction\":[{\"@type\":\"SearchAction\",\"target\":{\"@type\":\"EntryPoint\",\"urlTemplate\":\"https:\\\/\\\/nacor.ca\\\/fr\\\/?s={search_term_string}\"},\"query-input\":{\"@type\":\"PropertyValueSpecification\",\"valueRequired\":true,\"valueName\":\"search_term_string\"}}],\"inLanguage\":\"fr-FR\"},{\"@type\":\"Organization\",\"@id\":\"https:\\\/\\\/nacor.ca\\\/fr\\\/#organization\",\"name\":\"NACOR (National Alliance of Canadian Optician Regulators)\",\"url\":\"https:\\\/\\\/nacor.ca\\\/fr\\\/\",\"logo\":{\"@type\":\"ImageObject\",\"inLanguage\":\"fr-FR\",\"@id\":\"https:\\\/\\\/nacor.ca\\\/fr\\\/#\\\/schema\\\/logo\\\/image\\\/\",\"url\":\"https:\\\/\\\/nacor.ca\\\/wp-content\\\/uploads\\\/2020\\\/03\\\/NACOR-icon.png\",\"contentUrl\":\"https:\\\/\\\/nacor.ca\\\/wp-content\\\/uploads\\\/2020\\\/03\\\/NACOR-icon.png\",\"width\":300,\"height\":300,\"caption\":\"NACOR (National Alliance of Canadian Optician Regulators)\"},\"image\":{\"@id\":\"https:\\\/\\\/nacor.ca\\\/fr\\\/#\\\/schema\\\/logo\\\/image\\\/\"}}]}<\/script>\n<!-- \/ Yoast SEO plugin. -->","yoast_head_json":{"title":"Admissibilit\u00e9 \u00e0 l'examen - NACOR","robots":{"index":"index","follow":"follow","max-snippet":"max-snippet:-1","max-image-preview":"max-image-preview:large","max-video-preview":"max-video-preview:-1"},"canonical":"https:\/\/nacor.ca\/fr\/examen-national\/admissibilite-a-lexamen\/","og_locale":"fr_FR","og_type":"article","og_title":"Admissibilit\u00e9 \u00e0 l'examen - NACOR","og_description":"Sur cette page : Candidats form\u00e9s au Canada Candidats ayant suivi une formation internationale ou alternative Conditions d'\u00e9ligibilit\u00e9 de l'autorit\u00e9 r\u00e9glementaire provinciale \u00c9chec \u00e0 un examen - Admissibilit\u00e9 future Candidats form\u00e9s au Canada Les candidats form\u00e9s au Canada qui souhaitent se pr\u00e9senter \u00e0 l'un ou l'autre des examens nationaux doivent \u00eatre dipl\u00f4m\u00e9s d'un programme appropri\u00e9 d'acc\u00e8s \u00e0 la profession d'opticien ... Read More","og_url":"https:\/\/nacor.ca\/fr\/examen-national\/admissibilite-a-lexamen\/","og_site_name":"NACOR","article_modified_time":"2025-03-05T21:52:37+00:00","twitter_card":"summary_large_image","twitter_misc":{"Dur\u00e9e de lecture estim\u00e9e":"2 minutes"},"schema":{"@context":"https:\/\/schema.org","@graph":[{"@type":"WebPage","@id":"https:\/\/nacor.ca\/fr\/examen-national\/admissibilite-a-lexamen\/","url":"https:\/\/nacor.ca\/fr\/examen-national\/admissibilite-a-lexamen\/","name":"Admissibilit\u00e9 \u00e0 l'examen - NACOR","isPartOf":{"@id":"https:\/\/nacor.ca\/fr\/#website"},"datePublished":"2025-02-27T21:58:02+00:00","dateModified":"2025-03-05T21:52:37+00:00","breadcrumb":{"@id":"https:\/\/nacor.ca\/fr\/examen-national\/admissibilite-a-lexamen\/#breadcrumb"},"inLanguage":"fr-FR","potentialAction":[{"@type":"ReadAction","target":["https:\/\/nacor.ca\/fr\/examen-national\/admissibilite-a-lexamen\/"]}]},{"@type":"BreadcrumbList","@id":"https:\/\/nacor.ca\/fr\/examen-national\/admissibilite-a-lexamen\/#breadcrumb","itemListElement":[{"@type":"ListItem","position":1,"name":"Home","item":"https:\/\/nacor.ca\/fr\/page-daccueil\/"},{"@type":"ListItem","position":2,"name":"Examens nationaux","item":"https:\/\/nacor.ca\/fr\/examen-national\/"},{"@type":"ListItem","position":3,"name":"Admissibilit\u00e9 \u00e0 l&#8217;examen"}]},{"@type":"WebSite","@id":"https:\/\/nacor.ca\/fr\/#website","url":"https:\/\/nacor.ca\/fr\/","name":"NACOR","description":"Alliance nationale des opticiens de r\u00e9glementation du Canada","publisher":{"@id":"https:\/\/nacor.ca\/fr\/#organization"},"potentialAction":[{"@type":"SearchAction","target":{"@type":"EntryPoint","urlTemplate":"https:\/\/nacor.ca\/fr\/?s={search_term_string}"},"query-input":{"@type":"PropertyValueSpecification","valueRequired":true,"valueName":"search_term_string"}}],"inLanguage":"fr-FR"},{"@type":"Organization","@id":"https:\/\/nacor.ca\/fr\/#organization","name":"NACOR (National Alliance of Canadian Optician Regulators)","url":"https:\/\/nacor.ca\/fr\/","logo":{"@type":"ImageObject","inLanguage":"fr-FR","@id":"https:\/\/nacor.ca\/fr\/#\/schema\/logo\/image\/","url":"https:\/\/nacor.ca\/wp-content\/uploads\/2020\/03\/NACOR-icon.png","contentUrl":"https:\/\/nacor.ca\/wp-content\/uploads\/2020\/03\/NACOR-icon.png","width":300,"height":300,"caption":"NACOR (National Alliance of Canadian Optician Regulators)"},"image":{"@id":"https:\/\/nacor.ca\/fr\/#\/schema\/logo\/image\/"}}]}},"_links":{"self":[{"href":"https:\/\/nacor.ca\/fr\/wp-json\/wp\/v2\/pages\/2028","targetHints":{"allow":["GET"]}}],"collection":[{"href":"https:\/\/nacor.ca\/fr\/wp-json\/wp\/v2\/pages"}],"about":[{"href":"https:\/\/nacor.ca\/fr\/wp-json\/wp\/v2\/types\/page"}],"author":[{"embeddable":true,"href":"https:\/\/nacor.ca\/fr\/wp-json\/wp\/v2\/users\/5"}],"replies":[{"embeddable":true,"href":"https:\/\/nacor.ca\/fr\/wp-json\/wp\/v2\/comments?post=2028"}],"version-history":[{"count":4,"href":"https:\/\/nacor.ca\/fr\/wp-json\/wp\/v2\/pages\/2028\/revisions"}],"predecessor-version":[{"id":2160,"href":"https:\/\/nacor.ca\/fr\/wp-json\/wp\/v2\/pages\/2028\/revisions\/2160"}],"up":[{"embeddable":true,"href":"https:\/\/nacor.ca\/fr\/wp-json\/wp\/v2\/pages\/785"}],"wp:attachment":[{"href":"https:\/\/nacor.ca\/fr\/wp-json\/wp\/v2\/media?parent=2028"}],"curies":[{"name":"wp","href":"https:\/\/api.w.org\/{rel}","templated":true}]}}