{"id":2100,"date":"2025-02-28T13:58:25","date_gmt":"2025-02-28T19:58:25","guid":{"rendered":"https:\/\/nacor.ca\/apercu-de-lexamen\/"},"modified":"2025-10-02T11:04:20","modified_gmt":"2025-10-02T16:04:20","slug":"apercu-de-lexamen","status":"publish","type":"page","link":"https:\/\/nacor.ca\/fr\/examen-national\/apercu-de-lexamen\/","title":{"rendered":"Aper\u00e7u de l&rsquo;examen"},"content":{"rendered":"<div id=\"cs-content\" class=\"cs-content\"><\/div>\n","protected":false},"excerpt":{"rendered":"<p>AVIS \u00c0 compter du 1er mars 2025, les examens pour les lunettes et les lentilles de contact ont \u00e9t\u00e9 mis \u00e0 jour. Bien que les comp\u00e9tences nationales \u00e9valu\u00e9es dans les examens restent inchang\u00e9es, des ajustements seront apport\u00e9s \u00e0 certaines sections des examens. sections de l&rsquo;examen . Examen des lunettes L&rsquo;examen national pour les opticiens canadiens &#8211; lunettes est divis\u00e9 en &#8230; <a href=\"https:\/\/nacor.ca\/fr\/examen-national\/apercu-de-lexamen\/\" class=\"more-link\">Read More<\/a><\/p>\n","protected":false},"author":5,"featured_media":0,"parent":785,"menu_order":0,"comment_status":"closed","ping_status":"closed","template":"","meta":{"footnotes":""},"class_list":["post-2100","page","type-page","status-publish","hentry","no-post-thumbnail"],"yoast_head":"<!-- This site is optimized with the Yoast SEO plugin v27.5 - https:\/\/yoast.com\/product\/yoast-seo-wordpress\/ -->\n<title>Aper\u00e7u de l&#039;examen - NACOR<\/title>\n<meta name=\"robots\" content=\"index, follow, max-snippet:-1, max-image-preview:large, max-video-preview:-1\" \/>\n<link rel=\"canonical\" href=\"https:\/\/nacor.ca\/fr\/examen-national\/apercu-de-lexamen\/\" \/>\n<meta property=\"og:locale\" content=\"fr_FR\" \/>\n<meta property=\"og:type\" content=\"article\" \/>\n<meta property=\"og:title\" content=\"Aper\u00e7u de l&#039;examen - NACOR\" \/>\n<meta property=\"og:description\" content=\"AVIS \u00c0 compter du 1er mars 2025, les examens pour les lunettes et les lentilles de contact ont \u00e9t\u00e9 mis \u00e0 jour. Bien que les comp\u00e9tences nationales \u00e9valu\u00e9es dans les examens restent inchang\u00e9es, des ajustements seront apport\u00e9s \u00e0 certaines sections des examens. sections de l&#039;examen . Examen des lunettes L&#039;examen national pour les opticiens canadiens - lunettes est divis\u00e9 en ... Read More\" \/>\n<meta property=\"og:url\" content=\"https:\/\/nacor.ca\/fr\/examen-national\/apercu-de-lexamen\/\" \/>\n<meta property=\"og:site_name\" content=\"NACOR\" \/>\n<meta property=\"article:modified_time\" content=\"2025-10-02T16:04:20+00:00\" \/>\n<meta name=\"twitter:card\" content=\"summary_large_image\" \/>\n<meta name=\"twitter:label1\" content=\"Dur\u00e9e de lecture estim\u00e9e\" \/>\n\t<meta name=\"twitter:data1\" content=\"1 minute\" \/>\n<script type=\"application\/ld+json\" class=\"yoast-schema-graph\">{\"@context\":\"https:\\\/\\\/schema.org\",\"@graph\":[{\"@type\":\"WebPage\",\"@id\":\"https:\\\/\\\/nacor.ca\\\/fr\\\/examen-national\\\/apercu-de-lexamen\\\/\",\"url\":\"https:\\\/\\\/nacor.ca\\\/fr\\\/examen-national\\\/apercu-de-lexamen\\\/\",\"name\":\"Aper\u00e7u de l'examen - NACOR\",\"isPartOf\":{\"@id\":\"https:\\\/\\\/nacor.ca\\\/fr\\\/#website\"},\"datePublished\":\"2025-02-28T19:58:25+00:00\",\"dateModified\":\"2025-10-02T16:04:20+00:00\",\"breadcrumb\":{\"@id\":\"https:\\\/\\\/nacor.ca\\\/fr\\\/examen-national\\\/apercu-de-lexamen\\\/#breadcrumb\"},\"inLanguage\":\"fr-FR\",\"potentialAction\":[{\"@type\":\"ReadAction\",\"target\":[\"https:\\\/\\\/nacor.ca\\\/fr\\\/examen-national\\\/apercu-de-lexamen\\\/\"]}]},{\"@type\":\"BreadcrumbList\",\"@id\":\"https:\\\/\\\/nacor.ca\\\/fr\\\/examen-national\\\/apercu-de-lexamen\\\/#breadcrumb\",\"itemListElement\":[{\"@type\":\"ListItem\",\"position\":1,\"name\":\"Home\",\"item\":\"https:\\\/\\\/nacor.ca\\\/fr\\\/page-daccueil\\\/\"},{\"@type\":\"ListItem\",\"position\":2,\"name\":\"Examens nationaux\",\"item\":\"https:\\\/\\\/nacor.ca\\\/fr\\\/examen-national\\\/\"},{\"@type\":\"ListItem\",\"position\":3,\"name\":\"Aper\u00e7u de l&#8217;examen\"}]},{\"@type\":\"WebSite\",\"@id\":\"https:\\\/\\\/nacor.ca\\\/fr\\\/#website\",\"url\":\"https:\\\/\\\/nacor.ca\\\/fr\\\/\",\"name\":\"NACOR\",\"description\":\"Alliance nationale des opticiens de r\u00e9glementation du Canada\",\"publisher\":{\"@id\":\"https:\\\/\\\/nacor.ca\\\/fr\\\/#organization\"},\"potentialAction\":[{\"@type\":\"SearchAction\",\"target\":{\"@type\":\"EntryPoint\",\"urlTemplate\":\"https:\\\/\\\/nacor.ca\\\/fr\\\/?s={search_term_string}\"},\"query-input\":{\"@type\":\"PropertyValueSpecification\",\"valueRequired\":true,\"valueName\":\"search_term_string\"}}],\"inLanguage\":\"fr-FR\"},{\"@type\":\"Organization\",\"@id\":\"https:\\\/\\\/nacor.ca\\\/fr\\\/#organization\",\"name\":\"NACOR (National Alliance of Canadian Optician Regulators)\",\"url\":\"https:\\\/\\\/nacor.ca\\\/fr\\\/\",\"logo\":{\"@type\":\"ImageObject\",\"inLanguage\":\"fr-FR\",\"@id\":\"https:\\\/\\\/nacor.ca\\\/fr\\\/#\\\/schema\\\/logo\\\/image\\\/\",\"url\":\"https:\\\/\\\/nacor.ca\\\/wp-content\\\/uploads\\\/2020\\\/03\\\/NACOR-icon.png\",\"contentUrl\":\"https:\\\/\\\/nacor.ca\\\/wp-content\\\/uploads\\\/2020\\\/03\\\/NACOR-icon.png\",\"width\":300,\"height\":300,\"caption\":\"NACOR (National Alliance of Canadian Optician Regulators)\"},\"image\":{\"@id\":\"https:\\\/\\\/nacor.ca\\\/fr\\\/#\\\/schema\\\/logo\\\/image\\\/\"}}]}<\/script>\n<!-- \/ Yoast SEO plugin. -->","yoast_head_json":{"title":"Aper\u00e7u de l'examen - NACOR","robots":{"index":"index","follow":"follow","max-snippet":"max-snippet:-1","max-image-preview":"max-image-preview:large","max-video-preview":"max-video-preview:-1"},"canonical":"https:\/\/nacor.ca\/fr\/examen-national\/apercu-de-lexamen\/","og_locale":"fr_FR","og_type":"article","og_title":"Aper\u00e7u de l'examen - NACOR","og_description":"AVIS \u00c0 compter du 1er mars 2025, les examens pour les lunettes et les lentilles de contact ont \u00e9t\u00e9 mis \u00e0 jour. Bien que les comp\u00e9tences nationales \u00e9valu\u00e9es dans les examens restent inchang\u00e9es, des ajustements seront apport\u00e9s \u00e0 certaines sections des examens. sections de l'examen . Examen des lunettes L'examen national pour les opticiens canadiens - lunettes est divis\u00e9 en ... Read More","og_url":"https:\/\/nacor.ca\/fr\/examen-national\/apercu-de-lexamen\/","og_site_name":"NACOR","article_modified_time":"2025-10-02T16:04:20+00:00","twitter_card":"summary_large_image","twitter_misc":{"Dur\u00e9e de lecture estim\u00e9e":"1 minute"},"schema":{"@context":"https:\/\/schema.org","@graph":[{"@type":"WebPage","@id":"https:\/\/nacor.ca\/fr\/examen-national\/apercu-de-lexamen\/","url":"https:\/\/nacor.ca\/fr\/examen-national\/apercu-de-lexamen\/","name":"Aper\u00e7u de l'examen - NACOR","isPartOf":{"@id":"https:\/\/nacor.ca\/fr\/#website"},"datePublished":"2025-02-28T19:58:25+00:00","dateModified":"2025-10-02T16:04:20+00:00","breadcrumb":{"@id":"https:\/\/nacor.ca\/fr\/examen-national\/apercu-de-lexamen\/#breadcrumb"},"inLanguage":"fr-FR","potentialAction":[{"@type":"ReadAction","target":["https:\/\/nacor.ca\/fr\/examen-national\/apercu-de-lexamen\/"]}]},{"@type":"BreadcrumbList","@id":"https:\/\/nacor.ca\/fr\/examen-national\/apercu-de-lexamen\/#breadcrumb","itemListElement":[{"@type":"ListItem","position":1,"name":"Home","item":"https:\/\/nacor.ca\/fr\/page-daccueil\/"},{"@type":"ListItem","position":2,"name":"Examens nationaux","item":"https:\/\/nacor.ca\/fr\/examen-national\/"},{"@type":"ListItem","position":3,"name":"Aper\u00e7u de l&#8217;examen"}]},{"@type":"WebSite","@id":"https:\/\/nacor.ca\/fr\/#website","url":"https:\/\/nacor.ca\/fr\/","name":"NACOR","description":"Alliance nationale des opticiens de r\u00e9glementation du Canada","publisher":{"@id":"https:\/\/nacor.ca\/fr\/#organization"},"potentialAction":[{"@type":"SearchAction","target":{"@type":"EntryPoint","urlTemplate":"https:\/\/nacor.ca\/fr\/?s={search_term_string}"},"query-input":{"@type":"PropertyValueSpecification","valueRequired":true,"valueName":"search_term_string"}}],"inLanguage":"fr-FR"},{"@type":"Organization","@id":"https:\/\/nacor.ca\/fr\/#organization","name":"NACOR (National Alliance of Canadian Optician Regulators)","url":"https:\/\/nacor.ca\/fr\/","logo":{"@type":"ImageObject","inLanguage":"fr-FR","@id":"https:\/\/nacor.ca\/fr\/#\/schema\/logo\/image\/","url":"https:\/\/nacor.ca\/wp-content\/uploads\/2020\/03\/NACOR-icon.png","contentUrl":"https:\/\/nacor.ca\/wp-content\/uploads\/2020\/03\/NACOR-icon.png","width":300,"height":300,"caption":"NACOR (National Alliance of Canadian Optician Regulators)"},"image":{"@id":"https:\/\/nacor.ca\/fr\/#\/schema\/logo\/image\/"}}]}},"_links":{"self":[{"href":"https:\/\/nacor.ca\/fr\/wp-json\/wp\/v2\/pages\/2100","targetHints":{"allow":["GET"]}}],"collection":[{"href":"https:\/\/nacor.ca\/fr\/wp-json\/wp\/v2\/pages"}],"about":[{"href":"https:\/\/nacor.ca\/fr\/wp-json\/wp\/v2\/types\/page"}],"author":[{"embeddable":true,"href":"https:\/\/nacor.ca\/fr\/wp-json\/wp\/v2\/users\/5"}],"replies":[{"embeddable":true,"href":"https:\/\/nacor.ca\/fr\/wp-json\/wp\/v2\/comments?post=2100"}],"version-history":[{"count":7,"href":"https:\/\/nacor.ca\/fr\/wp-json\/wp\/v2\/pages\/2100\/revisions"}],"predecessor-version":[{"id":2250,"href":"https:\/\/nacor.ca\/fr\/wp-json\/wp\/v2\/pages\/2100\/revisions\/2250"}],"up":[{"embeddable":true,"href":"https:\/\/nacor.ca\/fr\/wp-json\/wp\/v2\/pages\/785"}],"wp:attachment":[{"href":"https:\/\/nacor.ca\/fr\/wp-json\/wp\/v2\/media?parent=2100"}],"curies":[{"name":"wp","href":"https:\/\/api.w.org\/{rel}","templated":true}]}}