{"id":2113,"date":"2025-02-28T14:13:56","date_gmt":"2025-02-28T20:13:56","guid":{"rendered":"https:\/\/nacor.ca\/services-post-examen\/"},"modified":"2025-12-18T10:14:57","modified_gmt":"2025-12-18T16:14:57","slug":"services-post-examen","status":"publish","type":"page","link":"https:\/\/nacor.ca\/fr\/examen-national\/services-post-examen\/","title":{"rendered":"Notation et r\u00e9sultats"},"content":{"rendered":"<div id=\"cs-content\" class=\"cs-content\"><\/div>\n","protected":false},"excerpt":{"rendered":"<p>Sur cette page : Notation des examens Notation des examens\/notes \u00e9chelonn\u00e9es Fourniture des r\u00e9sultats Notation des examens La correction des examens sera effectu\u00e9e dans les huit (8) semaines suivant la date de l&rsquo;examen. Tous les examens sont corrig\u00e9s \u00e0 la main par le personnel du NACOR. Les examens dont la note est inf\u00e9rieure \u00e0 la note de passage sont revus &#8230; <a href=\"https:\/\/nacor.ca\/fr\/examen-national\/services-post-examen\/\" class=\"more-link\">Read More<\/a><\/p>\n","protected":false},"author":5,"featured_media":0,"parent":785,"menu_order":0,"comment_status":"closed","ping_status":"closed","template":"","meta":{"footnotes":""},"class_list":["post-2113","page","type-page","status-publish","hentry","no-post-thumbnail"],"yoast_head":"<!-- This site is optimized with the Yoast SEO plugin v27.5 - https:\/\/yoast.com\/product\/yoast-seo-wordpress\/ -->\n<title>Notation et r\u00e9sultats - NACOR<\/title>\n<meta name=\"robots\" content=\"index, follow, max-snippet:-1, max-image-preview:large, max-video-preview:-1\" \/>\n<link rel=\"canonical\" href=\"https:\/\/nacor.ca\/fr\/examen-national\/services-post-examen\/\" \/>\n<meta property=\"og:locale\" content=\"fr_FR\" \/>\n<meta property=\"og:type\" content=\"article\" \/>\n<meta property=\"og:title\" content=\"Notation et r\u00e9sultats - NACOR\" \/>\n<meta property=\"og:description\" content=\"Sur cette page : Notation des examens Notation des examens\/notes \u00e9chelonn\u00e9es Fourniture des r\u00e9sultats Notation des examens La correction des examens sera effectu\u00e9e dans les huit (8) semaines suivant la date de l&#039;examen. Tous les examens sont corrig\u00e9s \u00e0 la main par le personnel du NACOR. Les examens dont la note est inf\u00e9rieure \u00e0 la note de passage sont revus ... Read More\" \/>\n<meta property=\"og:url\" content=\"https:\/\/nacor.ca\/fr\/examen-national\/services-post-examen\/\" \/>\n<meta property=\"og:site_name\" content=\"NACOR\" \/>\n<meta property=\"article:modified_time\" content=\"2025-12-18T16:14:57+00:00\" \/>\n<meta name=\"twitter:card\" content=\"summary_large_image\" \/>\n<meta name=\"twitter:label1\" content=\"Dur\u00e9e de lecture estim\u00e9e\" \/>\n\t<meta name=\"twitter:data1\" content=\"3 minutes\" \/>\n<script type=\"application\/ld+json\" class=\"yoast-schema-graph\">{\"@context\":\"https:\\\/\\\/schema.org\",\"@graph\":[{\"@type\":\"WebPage\",\"@id\":\"https:\\\/\\\/nacor.ca\\\/fr\\\/examen-national\\\/services-post-examen\\\/\",\"url\":\"https:\\\/\\\/nacor.ca\\\/fr\\\/examen-national\\\/services-post-examen\\\/\",\"name\":\"Notation et r\u00e9sultats - NACOR\",\"isPartOf\":{\"@id\":\"https:\\\/\\\/nacor.ca\\\/fr\\\/#website\"},\"datePublished\":\"2025-02-28T20:13:56+00:00\",\"dateModified\":\"2025-12-18T16:14:57+00:00\",\"breadcrumb\":{\"@id\":\"https:\\\/\\\/nacor.ca\\\/fr\\\/examen-national\\\/services-post-examen\\\/#breadcrumb\"},\"inLanguage\":\"fr-FR\",\"potentialAction\":[{\"@type\":\"ReadAction\",\"target\":[\"https:\\\/\\\/nacor.ca\\\/fr\\\/examen-national\\\/services-post-examen\\\/\"]}]},{\"@type\":\"BreadcrumbList\",\"@id\":\"https:\\\/\\\/nacor.ca\\\/fr\\\/examen-national\\\/services-post-examen\\\/#breadcrumb\",\"itemListElement\":[{\"@type\":\"ListItem\",\"position\":1,\"name\":\"Home\",\"item\":\"https:\\\/\\\/nacor.ca\\\/fr\\\/page-daccueil\\\/\"},{\"@type\":\"ListItem\",\"position\":2,\"name\":\"Examens nationaux\",\"item\":\"https:\\\/\\\/nacor.ca\\\/fr\\\/examen-national\\\/\"},{\"@type\":\"ListItem\",\"position\":3,\"name\":\"Notation et r\u00e9sultats\"}]},{\"@type\":\"WebSite\",\"@id\":\"https:\\\/\\\/nacor.ca\\\/fr\\\/#website\",\"url\":\"https:\\\/\\\/nacor.ca\\\/fr\\\/\",\"name\":\"NACOR\",\"description\":\"Alliance nationale des opticiens de r\u00e9glementation du Canada\",\"publisher\":{\"@id\":\"https:\\\/\\\/nacor.ca\\\/fr\\\/#organization\"},\"potentialAction\":[{\"@type\":\"SearchAction\",\"target\":{\"@type\":\"EntryPoint\",\"urlTemplate\":\"https:\\\/\\\/nacor.ca\\\/fr\\\/?s={search_term_string}\"},\"query-input\":{\"@type\":\"PropertyValueSpecification\",\"valueRequired\":true,\"valueName\":\"search_term_string\"}}],\"inLanguage\":\"fr-FR\"},{\"@type\":\"Organization\",\"@id\":\"https:\\\/\\\/nacor.ca\\\/fr\\\/#organization\",\"name\":\"NACOR (National Alliance of Canadian Optician Regulators)\",\"url\":\"https:\\\/\\\/nacor.ca\\\/fr\\\/\",\"logo\":{\"@type\":\"ImageObject\",\"inLanguage\":\"fr-FR\",\"@id\":\"https:\\\/\\\/nacor.ca\\\/fr\\\/#\\\/schema\\\/logo\\\/image\\\/\",\"url\":\"https:\\\/\\\/nacor.ca\\\/wp-content\\\/uploads\\\/2020\\\/03\\\/NACOR-icon.png\",\"contentUrl\":\"https:\\\/\\\/nacor.ca\\\/wp-content\\\/uploads\\\/2020\\\/03\\\/NACOR-icon.png\",\"width\":300,\"height\":300,\"caption\":\"NACOR (National Alliance of Canadian Optician Regulators)\"},\"image\":{\"@id\":\"https:\\\/\\\/nacor.ca\\\/fr\\\/#\\\/schema\\\/logo\\\/image\\\/\"}}]}<\/script>\n<!-- \/ Yoast SEO plugin. -->","yoast_head_json":{"title":"Notation et r\u00e9sultats - NACOR","robots":{"index":"index","follow":"follow","max-snippet":"max-snippet:-1","max-image-preview":"max-image-preview:large","max-video-preview":"max-video-preview:-1"},"canonical":"https:\/\/nacor.ca\/fr\/examen-national\/services-post-examen\/","og_locale":"fr_FR","og_type":"article","og_title":"Notation et r\u00e9sultats - NACOR","og_description":"Sur cette page : Notation des examens Notation des examens\/notes \u00e9chelonn\u00e9es Fourniture des r\u00e9sultats Notation des examens La correction des examens sera effectu\u00e9e dans les huit (8) semaines suivant la date de l'examen. Tous les examens sont corrig\u00e9s \u00e0 la main par le personnel du NACOR. Les examens dont la note est inf\u00e9rieure \u00e0 la note de passage sont revus ... Read More","og_url":"https:\/\/nacor.ca\/fr\/examen-national\/services-post-examen\/","og_site_name":"NACOR","article_modified_time":"2025-12-18T16:14:57+00:00","twitter_card":"summary_large_image","twitter_misc":{"Dur\u00e9e de lecture estim\u00e9e":"3 minutes"},"schema":{"@context":"https:\/\/schema.org","@graph":[{"@type":"WebPage","@id":"https:\/\/nacor.ca\/fr\/examen-national\/services-post-examen\/","url":"https:\/\/nacor.ca\/fr\/examen-national\/services-post-examen\/","name":"Notation et r\u00e9sultats - NACOR","isPartOf":{"@id":"https:\/\/nacor.ca\/fr\/#website"},"datePublished":"2025-02-28T20:13:56+00:00","dateModified":"2025-12-18T16:14:57+00:00","breadcrumb":{"@id":"https:\/\/nacor.ca\/fr\/examen-national\/services-post-examen\/#breadcrumb"},"inLanguage":"fr-FR","potentialAction":[{"@type":"ReadAction","target":["https:\/\/nacor.ca\/fr\/examen-national\/services-post-examen\/"]}]},{"@type":"BreadcrumbList","@id":"https:\/\/nacor.ca\/fr\/examen-national\/services-post-examen\/#breadcrumb","itemListElement":[{"@type":"ListItem","position":1,"name":"Home","item":"https:\/\/nacor.ca\/fr\/page-daccueil\/"},{"@type":"ListItem","position":2,"name":"Examens nationaux","item":"https:\/\/nacor.ca\/fr\/examen-national\/"},{"@type":"ListItem","position":3,"name":"Notation et r\u00e9sultats"}]},{"@type":"WebSite","@id":"https:\/\/nacor.ca\/fr\/#website","url":"https:\/\/nacor.ca\/fr\/","name":"NACOR","description":"Alliance nationale des opticiens de r\u00e9glementation du Canada","publisher":{"@id":"https:\/\/nacor.ca\/fr\/#organization"},"potentialAction":[{"@type":"SearchAction","target":{"@type":"EntryPoint","urlTemplate":"https:\/\/nacor.ca\/fr\/?s={search_term_string}"},"query-input":{"@type":"PropertyValueSpecification","valueRequired":true,"valueName":"search_term_string"}}],"inLanguage":"fr-FR"},{"@type":"Organization","@id":"https:\/\/nacor.ca\/fr\/#organization","name":"NACOR (National Alliance of Canadian Optician Regulators)","url":"https:\/\/nacor.ca\/fr\/","logo":{"@type":"ImageObject","inLanguage":"fr-FR","@id":"https:\/\/nacor.ca\/fr\/#\/schema\/logo\/image\/","url":"https:\/\/nacor.ca\/wp-content\/uploads\/2020\/03\/NACOR-icon.png","contentUrl":"https:\/\/nacor.ca\/wp-content\/uploads\/2020\/03\/NACOR-icon.png","width":300,"height":300,"caption":"NACOR (National Alliance of Canadian Optician Regulators)"},"image":{"@id":"https:\/\/nacor.ca\/fr\/#\/schema\/logo\/image\/"}}]}},"_links":{"self":[{"href":"https:\/\/nacor.ca\/fr\/wp-json\/wp\/v2\/pages\/2113","targetHints":{"allow":["GET"]}}],"collection":[{"href":"https:\/\/nacor.ca\/fr\/wp-json\/wp\/v2\/pages"}],"about":[{"href":"https:\/\/nacor.ca\/fr\/wp-json\/wp\/v2\/types\/page"}],"author":[{"embeddable":true,"href":"https:\/\/nacor.ca\/fr\/wp-json\/wp\/v2\/users\/5"}],"replies":[{"embeddable":true,"href":"https:\/\/nacor.ca\/fr\/wp-json\/wp\/v2\/comments?post=2113"}],"version-history":[{"count":8,"href":"https:\/\/nacor.ca\/fr\/wp-json\/wp\/v2\/pages\/2113\/revisions"}],"predecessor-version":[{"id":2371,"href":"https:\/\/nacor.ca\/fr\/wp-json\/wp\/v2\/pages\/2113\/revisions\/2371"}],"up":[{"embeddable":true,"href":"https:\/\/nacor.ca\/fr\/wp-json\/wp\/v2\/pages\/785"}],"wp:attachment":[{"href":"https:\/\/nacor.ca\/fr\/wp-json\/wp\/v2\/media?parent=2113"}],"curies":[{"name":"wp","href":"https:\/\/api.w.org\/{rel}","templated":true}]}}