{"id":773,"date":"2022-01-06T15:39:44","date_gmt":"2022-01-06T15:39:44","guid":{"rendered":"https:\/\/nacor.ca\/page-daccueil\/"},"modified":"2026-03-18T18:07:25","modified_gmt":"2026-03-18T23:07:25","slug":"page-daccueil","status":"publish","type":"page","link":"https:\/\/nacor.ca\/fr\/","title":{"rendered":"page d&rsquo;accueil"},"content":{"rendered":"<div id=\"cs-content\" class=\"cs-content\"><\/div>\n","protected":false},"excerpt":{"rendered":"<p>AVIS SUR LE SITE WEB Notre site web est en cours de mise \u00e0 jour ; si vous remarquez des erreurs de traduction ou des informations contradictoires, c&rsquo;est probablement d\u00fb aux mises \u00e0 jour en cours. Veuillez contacter general@nacor.ca si vous avez des questions.MISE A JOUR DE L&rsquo;EVALUATION ET DE LA RECONNAISSANCE DES ACQUIS (PLAR) &nbsp; \u00c0 compter de mars &#8230; <a href=\"https:\/\/nacor.ca\/fr\/\" class=\"more-link\">Read More<\/a><\/p>\n","protected":false},"author":1,"featured_media":0,"parent":0,"menu_order":0,"comment_status":"closed","ping_status":"closed","template":"template-blank-4.php","meta":{"footnotes":""},"class_list":["post-773","page","type-page","status-publish","hentry","no-post-thumbnail"],"yoast_head":"<!-- This site is optimized with the Yoast SEO plugin v27.4 - https:\/\/yoast.com\/product\/yoast-seo-wordpress\/ -->\n<title>nom du Alliance nationale des opticiens de r\u00e9glementation du Canada - NACOR<\/title>\n<meta name=\"description\" content=\"NACOR travaille en collaboration dans le cadre d&#039;un forum national pour soutenir les organismes de r\u00e9glementation provinciaux canadiens dans des domaines tels que : Les comp\u00e9tences des opticiens, l&#039;accr\u00e9ditation de la formation continue, les examens professionnels, l&#039;\u00e9valuation et la reconnaissance des acquis (ERA).\" \/>\n<meta name=\"robots\" content=\"index, follow, max-snippet:-1, max-image-preview:large, max-video-preview:-1\" \/>\n<link rel=\"canonical\" href=\"https:\/\/nacor.ca\/fr\/\" \/>\n<meta property=\"og:locale\" content=\"fr_FR\" \/>\n<meta property=\"og:type\" content=\"article\" \/>\n<meta property=\"og:title\" content=\"nom du Alliance nationale des opticiens de r\u00e9glementation du Canada - NACOR\" \/>\n<meta property=\"og:description\" content=\"NACOR travaille en collaboration dans le cadre d&#039;un forum national pour soutenir les organismes de r\u00e9glementation provinciaux canadiens dans des domaines tels que : Les comp\u00e9tences des opticiens, l&#039;accr\u00e9ditation de la formation continue, les examens professionnels, l&#039;\u00e9valuation et la reconnaissance des acquis (ERA).\" \/>\n<meta property=\"og:url\" content=\"https:\/\/nacor.ca\/fr\/\" \/>\n<meta property=\"og:site_name\" content=\"NACOR\" \/>\n<meta property=\"article:modified_time\" content=\"2026-03-18T23:07:25+00:00\" \/>\n<meta name=\"twitter:card\" content=\"summary_large_image\" \/>\n<meta name=\"twitter:label1\" content=\"Dur\u00e9e de lecture estim\u00e9e\" \/>\n\t<meta name=\"twitter:data1\" content=\"2 minutes\" \/>\n<script type=\"application\/ld+json\" class=\"yoast-schema-graph\">{\"@context\":\"https:\\\/\\\/schema.org\",\"@graph\":[{\"@type\":\"WebPage\",\"@id\":\"https:\\\/\\\/nacor.ca\\\/fr\\\/\",\"url\":\"https:\\\/\\\/nacor.ca\\\/fr\\\/\",\"name\":\"nom du Alliance nationale des opticiens de r\u00e9glementation du Canada - NACOR\",\"isPartOf\":{\"@id\":\"https:\\\/\\\/nacor.ca\\\/fr\\\/#website\"},\"datePublished\":\"2022-01-06T15:39:44+00:00\",\"dateModified\":\"2026-03-18T23:07:25+00:00\",\"description\":\"NACOR travaille en collaboration dans le cadre d'un forum national pour soutenir les organismes de r\u00e9glementation provinciaux canadiens dans des domaines tels que : Les comp\u00e9tences des opticiens, l'accr\u00e9ditation de la formation continue, les examens professionnels, l'\u00e9valuation et la reconnaissance des acquis (ERA).\",\"breadcrumb\":{\"@id\":\"https:\\\/\\\/nacor.ca\\\/fr\\\/#breadcrumb\"},\"inLanguage\":\"fr-FR\",\"potentialAction\":[{\"@type\":\"ReadAction\",\"target\":[\"https:\\\/\\\/nacor.ca\\\/fr\\\/\"]}]},{\"@type\":\"BreadcrumbList\",\"@id\":\"https:\\\/\\\/nacor.ca\\\/fr\\\/#breadcrumb\",\"itemListElement\":[{\"@type\":\"ListItem\",\"position\":1,\"name\":\"Home\",\"item\":\"https:\\\/\\\/nacor.ca\\\/fr\\\/page-daccueil\\\/\"},{\"@type\":\"ListItem\",\"position\":2,\"name\":\"page d&#8217;accueil\"}]},{\"@type\":\"WebSite\",\"@id\":\"https:\\\/\\\/nacor.ca\\\/fr\\\/#website\",\"url\":\"https:\\\/\\\/nacor.ca\\\/fr\\\/\",\"name\":\"NACOR\",\"description\":\"Alliance nationale des opticiens de r\u00e9glementation du Canada\",\"publisher\":{\"@id\":\"https:\\\/\\\/nacor.ca\\\/fr\\\/#organization\"},\"potentialAction\":[{\"@type\":\"SearchAction\",\"target\":{\"@type\":\"EntryPoint\",\"urlTemplate\":\"https:\\\/\\\/nacor.ca\\\/fr\\\/?s={search_term_string}\"},\"query-input\":{\"@type\":\"PropertyValueSpecification\",\"valueRequired\":true,\"valueName\":\"search_term_string\"}}],\"inLanguage\":\"fr-FR\"},{\"@type\":\"Organization\",\"@id\":\"https:\\\/\\\/nacor.ca\\\/fr\\\/#organization\",\"name\":\"NACOR (National Alliance of Canadian Optician Regulators)\",\"url\":\"https:\\\/\\\/nacor.ca\\\/fr\\\/\",\"logo\":{\"@type\":\"ImageObject\",\"inLanguage\":\"fr-FR\",\"@id\":\"https:\\\/\\\/nacor.ca\\\/fr\\\/#\\\/schema\\\/logo\\\/image\\\/\",\"url\":\"https:\\\/\\\/nacor.ca\\\/wp-content\\\/uploads\\\/2020\\\/03\\\/NACOR-icon.png\",\"contentUrl\":\"https:\\\/\\\/nacor.ca\\\/wp-content\\\/uploads\\\/2020\\\/03\\\/NACOR-icon.png\",\"width\":300,\"height\":300,\"caption\":\"NACOR (National Alliance of Canadian Optician Regulators)\"},\"image\":{\"@id\":\"https:\\\/\\\/nacor.ca\\\/fr\\\/#\\\/schema\\\/logo\\\/image\\\/\"}}]}<\/script>\n<!-- \/ Yoast SEO plugin. -->","yoast_head_json":{"title":"nom du Alliance nationale des opticiens de r\u00e9glementation du Canada - NACOR","description":"NACOR travaille en collaboration dans le cadre d'un forum national pour soutenir les organismes de r\u00e9glementation provinciaux canadiens dans des domaines tels que : Les comp\u00e9tences des opticiens, l'accr\u00e9ditation de la formation continue, les examens professionnels, l'\u00e9valuation et la reconnaissance des acquis (ERA).","robots":{"index":"index","follow":"follow","max-snippet":"max-snippet:-1","max-image-preview":"max-image-preview:large","max-video-preview":"max-video-preview:-1"},"canonical":"https:\/\/nacor.ca\/fr\/","og_locale":"fr_FR","og_type":"article","og_title":"nom du Alliance nationale des opticiens de r\u00e9glementation du Canada - NACOR","og_description":"NACOR travaille en collaboration dans le cadre d'un forum national pour soutenir les organismes de r\u00e9glementation provinciaux canadiens dans des domaines tels que : Les comp\u00e9tences des opticiens, l'accr\u00e9ditation de la formation continue, les examens professionnels, l'\u00e9valuation et la reconnaissance des acquis (ERA).","og_url":"https:\/\/nacor.ca\/fr\/","og_site_name":"NACOR","article_modified_time":"2026-03-18T23:07:25+00:00","twitter_card":"summary_large_image","twitter_misc":{"Dur\u00e9e de lecture estim\u00e9e":"2 minutes"},"schema":{"@context":"https:\/\/schema.org","@graph":[{"@type":"WebPage","@id":"https:\/\/nacor.ca\/fr\/","url":"https:\/\/nacor.ca\/fr\/","name":"nom du Alliance nationale des opticiens de r\u00e9glementation du Canada - NACOR","isPartOf":{"@id":"https:\/\/nacor.ca\/fr\/#website"},"datePublished":"2022-01-06T15:39:44+00:00","dateModified":"2026-03-18T23:07:25+00:00","description":"NACOR travaille en collaboration dans le cadre d'un forum national pour soutenir les organismes de r\u00e9glementation provinciaux canadiens dans des domaines tels que : Les comp\u00e9tences des opticiens, l'accr\u00e9ditation de la formation continue, les examens professionnels, l'\u00e9valuation et la reconnaissance des acquis (ERA).","breadcrumb":{"@id":"https:\/\/nacor.ca\/fr\/#breadcrumb"},"inLanguage":"fr-FR","potentialAction":[{"@type":"ReadAction","target":["https:\/\/nacor.ca\/fr\/"]}]},{"@type":"BreadcrumbList","@id":"https:\/\/nacor.ca\/fr\/#breadcrumb","itemListElement":[{"@type":"ListItem","position":1,"name":"Home","item":"https:\/\/nacor.ca\/fr\/page-daccueil\/"},{"@type":"ListItem","position":2,"name":"page d&#8217;accueil"}]},{"@type":"WebSite","@id":"https:\/\/nacor.ca\/fr\/#website","url":"https:\/\/nacor.ca\/fr\/","name":"NACOR","description":"Alliance nationale des opticiens de r\u00e9glementation du Canada","publisher":{"@id":"https:\/\/nacor.ca\/fr\/#organization"},"potentialAction":[{"@type":"SearchAction","target":{"@type":"EntryPoint","urlTemplate":"https:\/\/nacor.ca\/fr\/?s={search_term_string}"},"query-input":{"@type":"PropertyValueSpecification","valueRequired":true,"valueName":"search_term_string"}}],"inLanguage":"fr-FR"},{"@type":"Organization","@id":"https:\/\/nacor.ca\/fr\/#organization","name":"NACOR (National Alliance of Canadian Optician Regulators)","url":"https:\/\/nacor.ca\/fr\/","logo":{"@type":"ImageObject","inLanguage":"fr-FR","@id":"https:\/\/nacor.ca\/fr\/#\/schema\/logo\/image\/","url":"https:\/\/nacor.ca\/wp-content\/uploads\/2020\/03\/NACOR-icon.png","contentUrl":"https:\/\/nacor.ca\/wp-content\/uploads\/2020\/03\/NACOR-icon.png","width":300,"height":300,"caption":"NACOR (National Alliance of Canadian Optician Regulators)"},"image":{"@id":"https:\/\/nacor.ca\/fr\/#\/schema\/logo\/image\/"}}]}},"_links":{"self":[{"href":"https:\/\/nacor.ca\/fr\/wp-json\/wp\/v2\/pages\/773","targetHints":{"allow":["GET"]}}],"collection":[{"href":"https:\/\/nacor.ca\/fr\/wp-json\/wp\/v2\/pages"}],"about":[{"href":"https:\/\/nacor.ca\/fr\/wp-json\/wp\/v2\/types\/page"}],"author":[{"embeddable":true,"href":"https:\/\/nacor.ca\/fr\/wp-json\/wp\/v2\/users\/1"}],"replies":[{"embeddable":true,"href":"https:\/\/nacor.ca\/fr\/wp-json\/wp\/v2\/comments?post=773"}],"version-history":[{"count":18,"href":"https:\/\/nacor.ca\/fr\/wp-json\/wp\/v2\/pages\/773\/revisions"}],"predecessor-version":[{"id":2464,"href":"https:\/\/nacor.ca\/fr\/wp-json\/wp\/v2\/pages\/773\/revisions\/2464"}],"wp:attachment":[{"href":"https:\/\/nacor.ca\/fr\/wp-json\/wp\/v2\/media?parent=773"}],"curies":[{"name":"wp","href":"https:\/\/api.w.org\/{rel}","templated":true}]}}