{"id":774,"date":"2022-01-06T15:39:44","date_gmt":"2022-01-06T15:39:44","guid":{"rendered":"https:\/\/nacor.ca\/contacter\/"},"modified":"2026-01-06T12:12:59","modified_gmt":"2026-01-06T18:12:59","slug":"contacter","status":"publish","type":"page","link":"https:\/\/nacor.ca\/fr\/a-propos\/nacor\/contacter\/","title":{"rendered":"Contacter"},"content":{"rendered":"<div id=\"cs-content\" class=\"cs-content\"><\/div>\n","protected":false},"excerpt":{"rendered":"<p>&#x25b8;Examens nationauxPour toute question concernant les examens nationaux, envoyez un courriel \u00e0 l&rsquo;adresse suivante exam@nacor.ca Ou appelez le 1-866-949-1950, poste 1&#x25b8;\u00c9valuation et reconnaissance des acquis (ERA)Si vous avez des questions sur l&rsquo;ERA ou sur la fa\u00e7on de devenir opticien au Canada, envoyez un courriel \u00e0 l&rsquo;adresse suivante general@nacor.ca Ou appelez le 1-866-949-1950, poste 2&#x25b8;Accr\u00e9ditation CEPour toute question concernant l&rsquo;accr\u00e9ditation de &#8230; <a href=\"https:\/\/nacor.ca\/fr\/a-propos\/nacor\/contacter\/\" class=\"more-link\">Read More<\/a><\/p>\n","protected":false},"author":1,"featured_media":0,"parent":800,"menu_order":0,"comment_status":"closed","ping_status":"closed","template":"","meta":{"footnotes":""},"class_list":["post-774","page","type-page","status-publish","hentry","no-post-thumbnail"],"yoast_head":"<!-- This site is optimized with the Yoast SEO plugin v27.5 - https:\/\/yoast.com\/product\/yoast-seo-wordpress\/ -->\n<title>Contacter - NACOR<\/title>\n<meta name=\"robots\" content=\"index, follow, max-snippet:-1, max-image-preview:large, max-video-preview:-1\" \/>\n<link rel=\"canonical\" href=\"https:\/\/nacor.ca\/fr\/a-propos\/nacor\/contacter\/\" \/>\n<meta property=\"og:locale\" content=\"fr_FR\" \/>\n<meta property=\"og:type\" content=\"article\" \/>\n<meta property=\"og:title\" content=\"Contacter - NACOR\" \/>\n<meta property=\"og:description\" content=\"&#x25b8;Examens nationauxPour toute question concernant les examens nationaux, envoyez un courriel \u00e0 l&#039;adresse suivante exam@nacor.ca Ou appelez le 1-866-949-1950, poste 1&#x25b8;\u00c9valuation et reconnaissance des acquis (ERA)Si vous avez des questions sur l&#039;ERA ou sur la fa\u00e7on de devenir opticien au Canada, envoyez un courriel \u00e0 l&#039;adresse suivante general@nacor.ca Ou appelez le 1-866-949-1950, poste 2&#x25b8;Accr\u00e9ditation CEPour toute question concernant l&#039;accr\u00e9ditation de ... Read More\" \/>\n<meta property=\"og:url\" content=\"https:\/\/nacor.ca\/fr\/a-propos\/nacor\/contacter\/\" \/>\n<meta property=\"og:site_name\" content=\"NACOR\" \/>\n<meta property=\"article:modified_time\" content=\"2026-01-06T18:12:59+00:00\" \/>\n<meta name=\"twitter:card\" content=\"summary_large_image\" \/>\n<meta name=\"twitter:label1\" content=\"Dur\u00e9e de lecture estim\u00e9e\" \/>\n\t<meta name=\"twitter:data1\" content=\"2 minutes\" \/>\n<script type=\"application\/ld+json\" class=\"yoast-schema-graph\">{\"@context\":\"https:\\\/\\\/schema.org\",\"@graph\":[{\"@type\":\"WebPage\",\"@id\":\"https:\\\/\\\/nacor.ca\\\/fr\\\/a-propos\\\/nacor\\\/contacter\\\/\",\"url\":\"https:\\\/\\\/nacor.ca\\\/fr\\\/a-propos\\\/nacor\\\/contacter\\\/\",\"name\":\"Contacter - NACOR\",\"isPartOf\":{\"@id\":\"https:\\\/\\\/nacor.ca\\\/fr\\\/#website\"},\"datePublished\":\"2022-01-06T15:39:44+00:00\",\"dateModified\":\"2026-01-06T18:12:59+00:00\",\"breadcrumb\":{\"@id\":\"https:\\\/\\\/nacor.ca\\\/fr\\\/a-propos\\\/nacor\\\/contacter\\\/#breadcrumb\"},\"inLanguage\":\"fr-FR\",\"potentialAction\":[{\"@type\":\"ReadAction\",\"target\":[\"https:\\\/\\\/nacor.ca\\\/fr\\\/a-propos\\\/nacor\\\/contacter\\\/\"]}]},{\"@type\":\"BreadcrumbList\",\"@id\":\"https:\\\/\\\/nacor.ca\\\/fr\\\/a-propos\\\/nacor\\\/contacter\\\/#breadcrumb\",\"itemListElement\":[{\"@type\":\"ListItem\",\"position\":1,\"name\":\"Home\",\"item\":\"https:\\\/\\\/nacor.ca\\\/fr\\\/page-daccueil\\\/\"},{\"@type\":\"ListItem\",\"position\":2,\"name\":\"\u00c0 propos\",\"item\":\"https:\\\/\\\/nacor.ca\\\/fr\\\/?page_id=767\"},{\"@type\":\"ListItem\",\"position\":3,\"name\":\"NACOR\",\"item\":\"https:\\\/\\\/nacor.ca\\\/fr\\\/a-propos\\\/nacor\\\/\"},{\"@type\":\"ListItem\",\"position\":4,\"name\":\"Contacter\"}]},{\"@type\":\"WebSite\",\"@id\":\"https:\\\/\\\/nacor.ca\\\/fr\\\/#website\",\"url\":\"https:\\\/\\\/nacor.ca\\\/fr\\\/\",\"name\":\"NACOR\",\"description\":\"Alliance nationale des opticiens de r\u00e9glementation du Canada\",\"publisher\":{\"@id\":\"https:\\\/\\\/nacor.ca\\\/fr\\\/#organization\"},\"potentialAction\":[{\"@type\":\"SearchAction\",\"target\":{\"@type\":\"EntryPoint\",\"urlTemplate\":\"https:\\\/\\\/nacor.ca\\\/fr\\\/?s={search_term_string}\"},\"query-input\":{\"@type\":\"PropertyValueSpecification\",\"valueRequired\":true,\"valueName\":\"search_term_string\"}}],\"inLanguage\":\"fr-FR\"},{\"@type\":\"Organization\",\"@id\":\"https:\\\/\\\/nacor.ca\\\/fr\\\/#organization\",\"name\":\"NACOR (National Alliance of Canadian Optician Regulators)\",\"url\":\"https:\\\/\\\/nacor.ca\\\/fr\\\/\",\"logo\":{\"@type\":\"ImageObject\",\"inLanguage\":\"fr-FR\",\"@id\":\"https:\\\/\\\/nacor.ca\\\/fr\\\/#\\\/schema\\\/logo\\\/image\\\/\",\"url\":\"https:\\\/\\\/nacor.ca\\\/wp-content\\\/uploads\\\/2020\\\/03\\\/NACOR-icon.png\",\"contentUrl\":\"https:\\\/\\\/nacor.ca\\\/wp-content\\\/uploads\\\/2020\\\/03\\\/NACOR-icon.png\",\"width\":300,\"height\":300,\"caption\":\"NACOR (National Alliance of Canadian Optician Regulators)\"},\"image\":{\"@id\":\"https:\\\/\\\/nacor.ca\\\/fr\\\/#\\\/schema\\\/logo\\\/image\\\/\"}}]}<\/script>\n<!-- \/ Yoast SEO plugin. -->","yoast_head_json":{"title":"Contacter - NACOR","robots":{"index":"index","follow":"follow","max-snippet":"max-snippet:-1","max-image-preview":"max-image-preview:large","max-video-preview":"max-video-preview:-1"},"canonical":"https:\/\/nacor.ca\/fr\/a-propos\/nacor\/contacter\/","og_locale":"fr_FR","og_type":"article","og_title":"Contacter - NACOR","og_description":"&#x25b8;Examens nationauxPour toute question concernant les examens nationaux, envoyez un courriel \u00e0 l'adresse suivante exam@nacor.ca Ou appelez le 1-866-949-1950, poste 1&#x25b8;\u00c9valuation et reconnaissance des acquis (ERA)Si vous avez des questions sur l'ERA ou sur la fa\u00e7on de devenir opticien au Canada, envoyez un courriel \u00e0 l'adresse suivante general@nacor.ca Ou appelez le 1-866-949-1950, poste 2&#x25b8;Accr\u00e9ditation CEPour toute question concernant l'accr\u00e9ditation de ... Read More","og_url":"https:\/\/nacor.ca\/fr\/a-propos\/nacor\/contacter\/","og_site_name":"NACOR","article_modified_time":"2026-01-06T18:12:59+00:00","twitter_card":"summary_large_image","twitter_misc":{"Dur\u00e9e de lecture estim\u00e9e":"2 minutes"},"schema":{"@context":"https:\/\/schema.org","@graph":[{"@type":"WebPage","@id":"https:\/\/nacor.ca\/fr\/a-propos\/nacor\/contacter\/","url":"https:\/\/nacor.ca\/fr\/a-propos\/nacor\/contacter\/","name":"Contacter - NACOR","isPartOf":{"@id":"https:\/\/nacor.ca\/fr\/#website"},"datePublished":"2022-01-06T15:39:44+00:00","dateModified":"2026-01-06T18:12:59+00:00","breadcrumb":{"@id":"https:\/\/nacor.ca\/fr\/a-propos\/nacor\/contacter\/#breadcrumb"},"inLanguage":"fr-FR","potentialAction":[{"@type":"ReadAction","target":["https:\/\/nacor.ca\/fr\/a-propos\/nacor\/contacter\/"]}]},{"@type":"BreadcrumbList","@id":"https:\/\/nacor.ca\/fr\/a-propos\/nacor\/contacter\/#breadcrumb","itemListElement":[{"@type":"ListItem","position":1,"name":"Home","item":"https:\/\/nacor.ca\/fr\/page-daccueil\/"},{"@type":"ListItem","position":2,"name":"\u00c0 propos","item":"https:\/\/nacor.ca\/fr\/?page_id=767"},{"@type":"ListItem","position":3,"name":"NACOR","item":"https:\/\/nacor.ca\/fr\/a-propos\/nacor\/"},{"@type":"ListItem","position":4,"name":"Contacter"}]},{"@type":"WebSite","@id":"https:\/\/nacor.ca\/fr\/#website","url":"https:\/\/nacor.ca\/fr\/","name":"NACOR","description":"Alliance nationale des opticiens de r\u00e9glementation du Canada","publisher":{"@id":"https:\/\/nacor.ca\/fr\/#organization"},"potentialAction":[{"@type":"SearchAction","target":{"@type":"EntryPoint","urlTemplate":"https:\/\/nacor.ca\/fr\/?s={search_term_string}"},"query-input":{"@type":"PropertyValueSpecification","valueRequired":true,"valueName":"search_term_string"}}],"inLanguage":"fr-FR"},{"@type":"Organization","@id":"https:\/\/nacor.ca\/fr\/#organization","name":"NACOR (National Alliance of Canadian Optician Regulators)","url":"https:\/\/nacor.ca\/fr\/","logo":{"@type":"ImageObject","inLanguage":"fr-FR","@id":"https:\/\/nacor.ca\/fr\/#\/schema\/logo\/image\/","url":"https:\/\/nacor.ca\/wp-content\/uploads\/2020\/03\/NACOR-icon.png","contentUrl":"https:\/\/nacor.ca\/wp-content\/uploads\/2020\/03\/NACOR-icon.png","width":300,"height":300,"caption":"NACOR (National Alliance of Canadian Optician Regulators)"},"image":{"@id":"https:\/\/nacor.ca\/fr\/#\/schema\/logo\/image\/"}}]}},"_links":{"self":[{"href":"https:\/\/nacor.ca\/fr\/wp-json\/wp\/v2\/pages\/774","targetHints":{"allow":["GET"]}}],"collection":[{"href":"https:\/\/nacor.ca\/fr\/wp-json\/wp\/v2\/pages"}],"about":[{"href":"https:\/\/nacor.ca\/fr\/wp-json\/wp\/v2\/types\/page"}],"author":[{"embeddable":true,"href":"https:\/\/nacor.ca\/fr\/wp-json\/wp\/v2\/users\/1"}],"replies":[{"embeddable":true,"href":"https:\/\/nacor.ca\/fr\/wp-json\/wp\/v2\/comments?post=774"}],"version-history":[{"count":13,"href":"https:\/\/nacor.ca\/fr\/wp-json\/wp\/v2\/pages\/774\/revisions"}],"predecessor-version":[{"id":2373,"href":"https:\/\/nacor.ca\/fr\/wp-json\/wp\/v2\/pages\/774\/revisions\/2373"}],"up":[{"embeddable":true,"href":"https:\/\/nacor.ca\/fr\/wp-json\/wp\/v2\/pages\/800"}],"wp:attachment":[{"href":"https:\/\/nacor.ca\/fr\/wp-json\/wp\/v2\/media?parent=774"}],"curies":[{"name":"wp","href":"https:\/\/api.w.org\/{rel}","templated":true}]}}