{"id":784,"date":"2022-01-06T15:39:45","date_gmt":"2022-01-06T15:39:45","guid":{"rendered":"https:\/\/nacor.ca\/cours-du-module-de-transition\/"},"modified":"2022-01-06T15:39:46","modified_gmt":"2022-01-06T15:39:46","slug":"cours-du-module-de-transition","status":"publish","type":"page","link":"https:\/\/nacor.ca\/fr\/ressources\/cours-du-module-de-transition\/","title":{"rendered":"Cours du module de transition"},"content":{"rendered":"<div id=\"cs-content\" class=\"cs-content\"><\/div>\n","protected":false},"excerpt":{"rendered":"<p>Cette s\u00e9rie de 13 modules de transition a \u00e9t\u00e9 d\u00e9velopp\u00e9e pour aider les opticiens form\u00e9s \u00e0 l&rsquo;\u00e9tranger \u00e0 se pr\u00e9parer \u00e0 l&rsquo;\u00c9RA. Les modules de transition sont bas\u00e9s sur les comp\u00e9tences nationales pour les opticiens qui sont \u00e9valu\u00e9es \u00e0 la fois dans l&rsquo;analyse des \u00e9carts de comp\u00e9tences (CGA) et l&rsquo;entrevue bas\u00e9e sur les cas (CBI). Chaque module de transition contient &#8230; <a href=\"https:\/\/nacor.ca\/fr\/ressources\/cours-du-module-de-transition\/\" class=\"more-link\">Read More<\/a><\/p>\n","protected":false},"author":1,"featured_media":0,"parent":834,"menu_order":0,"comment_status":"closed","ping_status":"closed","template":"","meta":{"footnotes":""},"class_list":["post-784","page","type-page","status-publish","hentry","no-post-thumbnail"],"yoast_head":"<!-- This site is optimized with the Yoast SEO plugin v27.4 - https:\/\/yoast.com\/product\/yoast-seo-wordpress\/ -->\n<title>Cours du module de transition - NACOR<\/title>\n<meta name=\"robots\" content=\"index, follow, max-snippet:-1, max-image-preview:large, max-video-preview:-1\" \/>\n<link rel=\"canonical\" href=\"https:\/\/nacor.ca\/fr\/ressources\/cours-du-module-de-transition\/\" \/>\n<meta property=\"og:locale\" content=\"fr_FR\" \/>\n<meta property=\"og:type\" content=\"article\" \/>\n<meta property=\"og:title\" content=\"Cours du module de transition - NACOR\" \/>\n<meta property=\"og:description\" content=\"Cette s\u00e9rie de 13 modules de transition a \u00e9t\u00e9 d\u00e9velopp\u00e9e pour aider les opticiens form\u00e9s \u00e0 l&#039;\u00e9tranger \u00e0 se pr\u00e9parer \u00e0 l&#039;\u00c9RA. Les modules de transition sont bas\u00e9s sur les comp\u00e9tences nationales pour les opticiens qui sont \u00e9valu\u00e9es \u00e0 la fois dans l&#039;analyse des \u00e9carts de comp\u00e9tences (CGA) et l&#039;entrevue bas\u00e9e sur les cas (CBI). Chaque module de transition contient ... Read More\" \/>\n<meta property=\"og:url\" content=\"https:\/\/nacor.ca\/fr\/ressources\/cours-du-module-de-transition\/\" \/>\n<meta property=\"og:site_name\" content=\"NACOR\" \/>\n<meta property=\"article:modified_time\" content=\"2022-01-06T15:39:46+00:00\" \/>\n<meta name=\"twitter:card\" content=\"summary_large_image\" \/>\n<meta name=\"twitter:label1\" content=\"Dur\u00e9e de lecture estim\u00e9e\" \/>\n\t<meta name=\"twitter:data1\" content=\"1 minute\" \/>\n<script type=\"application\/ld+json\" class=\"yoast-schema-graph\">{\"@context\":\"https:\\\/\\\/schema.org\",\"@graph\":[{\"@type\":\"WebPage\",\"@id\":\"https:\\\/\\\/nacor.ca\\\/fr\\\/ressources\\\/cours-du-module-de-transition\\\/\",\"url\":\"https:\\\/\\\/nacor.ca\\\/fr\\\/ressources\\\/cours-du-module-de-transition\\\/\",\"name\":\"Cours du module de transition - NACOR\",\"isPartOf\":{\"@id\":\"https:\\\/\\\/nacor.ca\\\/fr\\\/#website\"},\"datePublished\":\"2022-01-06T15:39:45+00:00\",\"dateModified\":\"2022-01-06T15:39:46+00:00\",\"breadcrumb\":{\"@id\":\"https:\\\/\\\/nacor.ca\\\/fr\\\/ressources\\\/cours-du-module-de-transition\\\/#breadcrumb\"},\"inLanguage\":\"fr-FR\",\"potentialAction\":[{\"@type\":\"ReadAction\",\"target\":[\"https:\\\/\\\/nacor.ca\\\/fr\\\/ressources\\\/cours-du-module-de-transition\\\/\"]}]},{\"@type\":\"BreadcrumbList\",\"@id\":\"https:\\\/\\\/nacor.ca\\\/fr\\\/ressources\\\/cours-du-module-de-transition\\\/#breadcrumb\",\"itemListElement\":[{\"@type\":\"ListItem\",\"position\":1,\"name\":\"Home\",\"item\":\"https:\\\/\\\/nacor.ca\\\/fr\\\/page-daccueil\\\/\"},{\"@type\":\"ListItem\",\"position\":2,\"name\":\"Cours du module de transition\"}]},{\"@type\":\"WebSite\",\"@id\":\"https:\\\/\\\/nacor.ca\\\/fr\\\/#website\",\"url\":\"https:\\\/\\\/nacor.ca\\\/fr\\\/\",\"name\":\"NACOR\",\"description\":\"Alliance nationale des opticiens de r\u00e9glementation du Canada\",\"publisher\":{\"@id\":\"https:\\\/\\\/nacor.ca\\\/fr\\\/#organization\"},\"potentialAction\":[{\"@type\":\"SearchAction\",\"target\":{\"@type\":\"EntryPoint\",\"urlTemplate\":\"https:\\\/\\\/nacor.ca\\\/fr\\\/?s={search_term_string}\"},\"query-input\":{\"@type\":\"PropertyValueSpecification\",\"valueRequired\":true,\"valueName\":\"search_term_string\"}}],\"inLanguage\":\"fr-FR\"},{\"@type\":\"Organization\",\"@id\":\"https:\\\/\\\/nacor.ca\\\/fr\\\/#organization\",\"name\":\"NACOR (National Alliance of Canadian Optician Regulators)\",\"url\":\"https:\\\/\\\/nacor.ca\\\/fr\\\/\",\"logo\":{\"@type\":\"ImageObject\",\"inLanguage\":\"fr-FR\",\"@id\":\"https:\\\/\\\/nacor.ca\\\/fr\\\/#\\\/schema\\\/logo\\\/image\\\/\",\"url\":\"https:\\\/\\\/nacor.ca\\\/wp-content\\\/uploads\\\/2020\\\/03\\\/NACOR-icon.png\",\"contentUrl\":\"https:\\\/\\\/nacor.ca\\\/wp-content\\\/uploads\\\/2020\\\/03\\\/NACOR-icon.png\",\"width\":300,\"height\":300,\"caption\":\"NACOR (National Alliance of Canadian Optician Regulators)\"},\"image\":{\"@id\":\"https:\\\/\\\/nacor.ca\\\/fr\\\/#\\\/schema\\\/logo\\\/image\\\/\"}}]}<\/script>\n<!-- \/ Yoast SEO plugin. -->","yoast_head_json":{"title":"Cours du module de transition - NACOR","robots":{"index":"index","follow":"follow","max-snippet":"max-snippet:-1","max-image-preview":"max-image-preview:large","max-video-preview":"max-video-preview:-1"},"canonical":"https:\/\/nacor.ca\/fr\/ressources\/cours-du-module-de-transition\/","og_locale":"fr_FR","og_type":"article","og_title":"Cours du module de transition - NACOR","og_description":"Cette s\u00e9rie de 13 modules de transition a \u00e9t\u00e9 d\u00e9velopp\u00e9e pour aider les opticiens form\u00e9s \u00e0 l'\u00e9tranger \u00e0 se pr\u00e9parer \u00e0 l'\u00c9RA. Les modules de transition sont bas\u00e9s sur les comp\u00e9tences nationales pour les opticiens qui sont \u00e9valu\u00e9es \u00e0 la fois dans l'analyse des \u00e9carts de comp\u00e9tences (CGA) et l'entrevue bas\u00e9e sur les cas (CBI). Chaque module de transition contient ... Read More","og_url":"https:\/\/nacor.ca\/fr\/ressources\/cours-du-module-de-transition\/","og_site_name":"NACOR","article_modified_time":"2022-01-06T15:39:46+00:00","twitter_card":"summary_large_image","twitter_misc":{"Dur\u00e9e de lecture estim\u00e9e":"1 minute"},"schema":{"@context":"https:\/\/schema.org","@graph":[{"@type":"WebPage","@id":"https:\/\/nacor.ca\/fr\/ressources\/cours-du-module-de-transition\/","url":"https:\/\/nacor.ca\/fr\/ressources\/cours-du-module-de-transition\/","name":"Cours du module de transition - NACOR","isPartOf":{"@id":"https:\/\/nacor.ca\/fr\/#website"},"datePublished":"2022-01-06T15:39:45+00:00","dateModified":"2022-01-06T15:39:46+00:00","breadcrumb":{"@id":"https:\/\/nacor.ca\/fr\/ressources\/cours-du-module-de-transition\/#breadcrumb"},"inLanguage":"fr-FR","potentialAction":[{"@type":"ReadAction","target":["https:\/\/nacor.ca\/fr\/ressources\/cours-du-module-de-transition\/"]}]},{"@type":"BreadcrumbList","@id":"https:\/\/nacor.ca\/fr\/ressources\/cours-du-module-de-transition\/#breadcrumb","itemListElement":[{"@type":"ListItem","position":1,"name":"Home","item":"https:\/\/nacor.ca\/fr\/page-daccueil\/"},{"@type":"ListItem","position":2,"name":"Cours du module de transition"}]},{"@type":"WebSite","@id":"https:\/\/nacor.ca\/fr\/#website","url":"https:\/\/nacor.ca\/fr\/","name":"NACOR","description":"Alliance nationale des opticiens de r\u00e9glementation du Canada","publisher":{"@id":"https:\/\/nacor.ca\/fr\/#organization"},"potentialAction":[{"@type":"SearchAction","target":{"@type":"EntryPoint","urlTemplate":"https:\/\/nacor.ca\/fr\/?s={search_term_string}"},"query-input":{"@type":"PropertyValueSpecification","valueRequired":true,"valueName":"search_term_string"}}],"inLanguage":"fr-FR"},{"@type":"Organization","@id":"https:\/\/nacor.ca\/fr\/#organization","name":"NACOR (National Alliance of Canadian Optician Regulators)","url":"https:\/\/nacor.ca\/fr\/","logo":{"@type":"ImageObject","inLanguage":"fr-FR","@id":"https:\/\/nacor.ca\/fr\/#\/schema\/logo\/image\/","url":"https:\/\/nacor.ca\/wp-content\/uploads\/2020\/03\/NACOR-icon.png","contentUrl":"https:\/\/nacor.ca\/wp-content\/uploads\/2020\/03\/NACOR-icon.png","width":300,"height":300,"caption":"NACOR (National Alliance of Canadian Optician Regulators)"},"image":{"@id":"https:\/\/nacor.ca\/fr\/#\/schema\/logo\/image\/"}}]}},"_links":{"self":[{"href":"https:\/\/nacor.ca\/fr\/wp-json\/wp\/v2\/pages\/784","targetHints":{"allow":["GET"]}}],"collection":[{"href":"https:\/\/nacor.ca\/fr\/wp-json\/wp\/v2\/pages"}],"about":[{"href":"https:\/\/nacor.ca\/fr\/wp-json\/wp\/v2\/types\/page"}],"author":[{"embeddable":true,"href":"https:\/\/nacor.ca\/fr\/wp-json\/wp\/v2\/users\/1"}],"replies":[{"embeddable":true,"href":"https:\/\/nacor.ca\/fr\/wp-json\/wp\/v2\/comments?post=784"}],"version-history":[{"count":2,"href":"https:\/\/nacor.ca\/fr\/wp-json\/wp\/v2\/pages\/784\/revisions"}],"predecessor-version":[{"id":795,"href":"https:\/\/nacor.ca\/fr\/wp-json\/wp\/v2\/pages\/784\/revisions\/795"}],"up":[{"embeddable":true,"href":"https:\/\/nacor.ca\/fr\/wp-json\/wp\/v2\/pages\/834"}],"wp:attachment":[{"href":"https:\/\/nacor.ca\/fr\/wp-json\/wp\/v2\/media?parent=784"}],"curies":[{"name":"wp","href":"https:\/\/api.w.org\/{rel}","templated":true}]}}