{"id":790,"date":"2022-01-06T15:39:46","date_gmt":"2022-01-06T15:39:46","guid":{"rendered":"https:\/\/nacor.ca\/accreditation-ce\/guide-pour-les-fournisseurs-de-fc\/"},"modified":"2025-03-07T16:58:22","modified_gmt":"2025-03-07T22:58:22","slug":"guide-pour-les-fournisseurs-de-fc","status":"publish","type":"page","link":"https:\/\/nacor.ca\/fr\/accreditation-ce\/guide-pour-les-fournisseurs-de-fc\/","title":{"rendered":"Guide pour les fournisseurs de FC"},"content":{"rendered":"<div id=\"cs-content\" class=\"cs-content\"><\/div>\n","protected":false},"excerpt":{"rendered":"<p>Guide imprimable pour les prestataires de formation continue CLIQUEZ ICI pour t\u00e9l\u00e9charger le Guide pour les prestataires de formation continue (mis \u00e0 jour pour refl\u00e9ter la grille tarifaire r\u00e9vis\u00e9e qui entrera en vigueur le 1er juillet 2024). introduction Ce document est une ligne directrice pour les fournisseurs de formation continue qui soumettent des activit\u00e9s \u00e0 l&rsquo;accr\u00e9ditation de l&rsquo;Alliance nationale des &#8230; <a href=\"https:\/\/nacor.ca\/fr\/accreditation-ce\/guide-pour-les-fournisseurs-de-fc\/\" class=\"more-link\">Read More<\/a><\/p>\n","protected":false},"author":1,"featured_media":0,"parent":777,"menu_order":0,"comment_status":"closed","ping_status":"closed","template":"","meta":{"footnotes":""},"class_list":["post-790","page","type-page","status-publish","hentry","no-post-thumbnail"],"yoast_head":"<!-- This site is optimized with the Yoast SEO plugin v27.5 - https:\/\/yoast.com\/product\/yoast-seo-wordpress\/ -->\n<title>Guide pour les fournisseurs de FC - NACOR<\/title>\n<meta name=\"robots\" content=\"index, follow, max-snippet:-1, max-image-preview:large, max-video-preview:-1\" \/>\n<link rel=\"canonical\" href=\"https:\/\/nacor.ca\/fr\/accreditation-ce\/guide-pour-les-fournisseurs-de-fc\/\" \/>\n<meta property=\"og:locale\" content=\"fr_FR\" \/>\n<meta property=\"og:type\" content=\"article\" \/>\n<meta property=\"og:title\" content=\"Guide pour les fournisseurs de FC - NACOR\" \/>\n<meta property=\"og:description\" content=\"Guide imprimable pour les prestataires de formation continue CLIQUEZ ICI pour t\u00e9l\u00e9charger le Guide pour les prestataires de formation continue (mis \u00e0 jour pour refl\u00e9ter la grille tarifaire r\u00e9vis\u00e9e qui entrera en vigueur le 1er juillet 2024). introduction Ce document est une ligne directrice pour les fournisseurs de formation continue qui soumettent des activit\u00e9s \u00e0 l&#039;accr\u00e9ditation de l&#039;Alliance nationale des ... Read More\" \/>\n<meta property=\"og:url\" content=\"https:\/\/nacor.ca\/fr\/accreditation-ce\/guide-pour-les-fournisseurs-de-fc\/\" \/>\n<meta property=\"og:site_name\" content=\"NACOR\" \/>\n<meta property=\"article:modified_time\" content=\"2025-03-07T22:58:22+00:00\" \/>\n<meta name=\"twitter:card\" content=\"summary_large_image\" \/>\n<meta name=\"twitter:label1\" content=\"Dur\u00e9e de lecture estim\u00e9e\" \/>\n\t<meta name=\"twitter:data1\" content=\"13 minutes\" \/>\n<script type=\"application\/ld+json\" class=\"yoast-schema-graph\">{\"@context\":\"https:\\\/\\\/schema.org\",\"@graph\":[{\"@type\":\"WebPage\",\"@id\":\"https:\\\/\\\/nacor.ca\\\/fr\\\/accreditation-ce\\\/guide-pour-les-fournisseurs-de-fc\\\/\",\"url\":\"https:\\\/\\\/nacor.ca\\\/fr\\\/accreditation-ce\\\/guide-pour-les-fournisseurs-de-fc\\\/\",\"name\":\"Guide pour les fournisseurs de FC - NACOR\",\"isPartOf\":{\"@id\":\"https:\\\/\\\/nacor.ca\\\/fr\\\/#website\"},\"datePublished\":\"2022-01-06T15:39:46+00:00\",\"dateModified\":\"2025-03-07T22:58:22+00:00\",\"breadcrumb\":{\"@id\":\"https:\\\/\\\/nacor.ca\\\/fr\\\/accreditation-ce\\\/guide-pour-les-fournisseurs-de-fc\\\/#breadcrumb\"},\"inLanguage\":\"fr-FR\",\"potentialAction\":[{\"@type\":\"ReadAction\",\"target\":[\"https:\\\/\\\/nacor.ca\\\/fr\\\/accreditation-ce\\\/guide-pour-les-fournisseurs-de-fc\\\/\"]}]},{\"@type\":\"BreadcrumbList\",\"@id\":\"https:\\\/\\\/nacor.ca\\\/fr\\\/accreditation-ce\\\/guide-pour-les-fournisseurs-de-fc\\\/#breadcrumb\",\"itemListElement\":[{\"@type\":\"ListItem\",\"position\":1,\"name\":\"Home\",\"item\":\"https:\\\/\\\/nacor.ca\\\/fr\\\/page-daccueil\\\/\"},{\"@type\":\"ListItem\",\"position\":2,\"name\":\"Accr\u00e9ditation CE\",\"item\":\"https:\\\/\\\/nacor.ca\\\/fr\\\/accreditation-ce\\\/\"},{\"@type\":\"ListItem\",\"position\":3,\"name\":\"Guide pour les fournisseurs de FC\"}]},{\"@type\":\"WebSite\",\"@id\":\"https:\\\/\\\/nacor.ca\\\/fr\\\/#website\",\"url\":\"https:\\\/\\\/nacor.ca\\\/fr\\\/\",\"name\":\"NACOR\",\"description\":\"Alliance nationale des opticiens de r\u00e9glementation du Canada\",\"publisher\":{\"@id\":\"https:\\\/\\\/nacor.ca\\\/fr\\\/#organization\"},\"potentialAction\":[{\"@type\":\"SearchAction\",\"target\":{\"@type\":\"EntryPoint\",\"urlTemplate\":\"https:\\\/\\\/nacor.ca\\\/fr\\\/?s={search_term_string}\"},\"query-input\":{\"@type\":\"PropertyValueSpecification\",\"valueRequired\":true,\"valueName\":\"search_term_string\"}}],\"inLanguage\":\"fr-FR\"},{\"@type\":\"Organization\",\"@id\":\"https:\\\/\\\/nacor.ca\\\/fr\\\/#organization\",\"name\":\"NACOR (National Alliance of Canadian Optician Regulators)\",\"url\":\"https:\\\/\\\/nacor.ca\\\/fr\\\/\",\"logo\":{\"@type\":\"ImageObject\",\"inLanguage\":\"fr-FR\",\"@id\":\"https:\\\/\\\/nacor.ca\\\/fr\\\/#\\\/schema\\\/logo\\\/image\\\/\",\"url\":\"https:\\\/\\\/nacor.ca\\\/wp-content\\\/uploads\\\/2020\\\/03\\\/NACOR-icon.png\",\"contentUrl\":\"https:\\\/\\\/nacor.ca\\\/wp-content\\\/uploads\\\/2020\\\/03\\\/NACOR-icon.png\",\"width\":300,\"height\":300,\"caption\":\"NACOR (National Alliance of Canadian Optician Regulators)\"},\"image\":{\"@id\":\"https:\\\/\\\/nacor.ca\\\/fr\\\/#\\\/schema\\\/logo\\\/image\\\/\"}}]}<\/script>\n<!-- \/ Yoast SEO plugin. -->","yoast_head_json":{"title":"Guide pour les fournisseurs de FC - NACOR","robots":{"index":"index","follow":"follow","max-snippet":"max-snippet:-1","max-image-preview":"max-image-preview:large","max-video-preview":"max-video-preview:-1"},"canonical":"https:\/\/nacor.ca\/fr\/accreditation-ce\/guide-pour-les-fournisseurs-de-fc\/","og_locale":"fr_FR","og_type":"article","og_title":"Guide pour les fournisseurs de FC - NACOR","og_description":"Guide imprimable pour les prestataires de formation continue CLIQUEZ ICI pour t\u00e9l\u00e9charger le Guide pour les prestataires de formation continue (mis \u00e0 jour pour refl\u00e9ter la grille tarifaire r\u00e9vis\u00e9e qui entrera en vigueur le 1er juillet 2024). introduction Ce document est une ligne directrice pour les fournisseurs de formation continue qui soumettent des activit\u00e9s \u00e0 l'accr\u00e9ditation de l'Alliance nationale des ... Read More","og_url":"https:\/\/nacor.ca\/fr\/accreditation-ce\/guide-pour-les-fournisseurs-de-fc\/","og_site_name":"NACOR","article_modified_time":"2025-03-07T22:58:22+00:00","twitter_card":"summary_large_image","twitter_misc":{"Dur\u00e9e de lecture estim\u00e9e":"13 minutes"},"schema":{"@context":"https:\/\/schema.org","@graph":[{"@type":"WebPage","@id":"https:\/\/nacor.ca\/fr\/accreditation-ce\/guide-pour-les-fournisseurs-de-fc\/","url":"https:\/\/nacor.ca\/fr\/accreditation-ce\/guide-pour-les-fournisseurs-de-fc\/","name":"Guide pour les fournisseurs de FC - NACOR","isPartOf":{"@id":"https:\/\/nacor.ca\/fr\/#website"},"datePublished":"2022-01-06T15:39:46+00:00","dateModified":"2025-03-07T22:58:22+00:00","breadcrumb":{"@id":"https:\/\/nacor.ca\/fr\/accreditation-ce\/guide-pour-les-fournisseurs-de-fc\/#breadcrumb"},"inLanguage":"fr-FR","potentialAction":[{"@type":"ReadAction","target":["https:\/\/nacor.ca\/fr\/accreditation-ce\/guide-pour-les-fournisseurs-de-fc\/"]}]},{"@type":"BreadcrumbList","@id":"https:\/\/nacor.ca\/fr\/accreditation-ce\/guide-pour-les-fournisseurs-de-fc\/#breadcrumb","itemListElement":[{"@type":"ListItem","position":1,"name":"Home","item":"https:\/\/nacor.ca\/fr\/page-daccueil\/"},{"@type":"ListItem","position":2,"name":"Accr\u00e9ditation CE","item":"https:\/\/nacor.ca\/fr\/accreditation-ce\/"},{"@type":"ListItem","position":3,"name":"Guide pour les fournisseurs de FC"}]},{"@type":"WebSite","@id":"https:\/\/nacor.ca\/fr\/#website","url":"https:\/\/nacor.ca\/fr\/","name":"NACOR","description":"Alliance nationale des opticiens de r\u00e9glementation du Canada","publisher":{"@id":"https:\/\/nacor.ca\/fr\/#organization"},"potentialAction":[{"@type":"SearchAction","target":{"@type":"EntryPoint","urlTemplate":"https:\/\/nacor.ca\/fr\/?s={search_term_string}"},"query-input":{"@type":"PropertyValueSpecification","valueRequired":true,"valueName":"search_term_string"}}],"inLanguage":"fr-FR"},{"@type":"Organization","@id":"https:\/\/nacor.ca\/fr\/#organization","name":"NACOR (National Alliance of Canadian Optician Regulators)","url":"https:\/\/nacor.ca\/fr\/","logo":{"@type":"ImageObject","inLanguage":"fr-FR","@id":"https:\/\/nacor.ca\/fr\/#\/schema\/logo\/image\/","url":"https:\/\/nacor.ca\/wp-content\/uploads\/2020\/03\/NACOR-icon.png","contentUrl":"https:\/\/nacor.ca\/wp-content\/uploads\/2020\/03\/NACOR-icon.png","width":300,"height":300,"caption":"NACOR (National Alliance of Canadian Optician Regulators)"},"image":{"@id":"https:\/\/nacor.ca\/fr\/#\/schema\/logo\/image\/"}}]}},"_links":{"self":[{"href":"https:\/\/nacor.ca\/fr\/wp-json\/wp\/v2\/pages\/790","targetHints":{"allow":["GET"]}}],"collection":[{"href":"https:\/\/nacor.ca\/fr\/wp-json\/wp\/v2\/pages"}],"about":[{"href":"https:\/\/nacor.ca\/fr\/wp-json\/wp\/v2\/types\/page"}],"author":[{"embeddable":true,"href":"https:\/\/nacor.ca\/fr\/wp-json\/wp\/v2\/users\/1"}],"replies":[{"embeddable":true,"href":"https:\/\/nacor.ca\/fr\/wp-json\/wp\/v2\/comments?post=790"}],"version-history":[{"count":8,"href":"https:\/\/nacor.ca\/fr\/wp-json\/wp\/v2\/pages\/790\/revisions"}],"predecessor-version":[{"id":2219,"href":"https:\/\/nacor.ca\/fr\/wp-json\/wp\/v2\/pages\/790\/revisions\/2219"}],"up":[{"embeddable":true,"href":"https:\/\/nacor.ca\/fr\/wp-json\/wp\/v2\/pages\/777"}],"wp:attachment":[{"href":"https:\/\/nacor.ca\/fr\/wp-json\/wp\/v2\/media?parent=790"}],"curies":[{"name":"wp","href":"https:\/\/api.w.org\/{rel}","templated":true}]}}