{"id":800,"date":"2022-01-06T15:39:46","date_gmt":"2022-01-06T15:39:46","guid":{"rendered":"https:\/\/nacor.ca\/a-propos\/nacor\/"},"modified":"2025-02-27T13:38:27","modified_gmt":"2025-02-27T19:38:27","slug":"nacor","status":"publish","type":"page","link":"https:\/\/nacor.ca\/fr\/a-propos\/nacor\/","title":{"rendered":"NACOR"},"content":{"rendered":"<div id=\"cs-content\" class=\"cs-content\"><\/div>\n","protected":false},"excerpt":{"rendered":"<p>L&rsquo;Alliance nationale des r\u00e9gulateurs d&rsquo;opticiens canadiens (ANORC) est un organisme constitu\u00e9 en soci\u00e9t\u00e9 en vertu de la loi sur les soci\u00e9t\u00e9s anonymes. compos\u00e9e de dix autorit\u00e9s r\u00e9glementaires provinciales de tout le Canada. L&rsquo;adh\u00e9sion \u00e0 NACOR est volontaire. Pour plus d&rsquo;informations sur les membres de NACOR, visitez notre site web. Page des membres de NACOR.<\/p>\n","protected":false},"author":1,"featured_media":0,"parent":767,"menu_order":0,"comment_status":"closed","ping_status":"closed","template":"","meta":{"footnotes":""},"class_list":["post-800","page","type-page","status-publish","hentry","no-post-thumbnail"],"yoast_head":"<!-- This site is optimized with the Yoast SEO plugin v27.4 - https:\/\/yoast.com\/product\/yoast-seo-wordpress\/ -->\n<title>NACOR - NACOR<\/title>\n<meta name=\"robots\" content=\"index, follow, max-snippet:-1, max-image-preview:large, max-video-preview:-1\" \/>\n<link rel=\"canonical\" href=\"https:\/\/nacor.ca\/fr\/a-propos\/nacor\/\" \/>\n<meta property=\"og:locale\" content=\"fr_FR\" \/>\n<meta property=\"og:type\" content=\"article\" \/>\n<meta property=\"og:title\" content=\"NACOR - NACOR\" \/>\n<meta property=\"og:description\" content=\"L&#039;Alliance nationale des r\u00e9gulateurs d&#039;opticiens canadiens (ANORC) est un organisme constitu\u00e9 en soci\u00e9t\u00e9 en vertu de la loi sur les soci\u00e9t\u00e9s anonymes. compos\u00e9e de dix autorit\u00e9s r\u00e9glementaires provinciales de tout le Canada. L&#039;adh\u00e9sion \u00e0 NACOR est volontaire. Pour plus d&#039;informations sur les membres de NACOR, visitez notre site web. Page des membres de NACOR.\" \/>\n<meta property=\"og:url\" content=\"https:\/\/nacor.ca\/fr\/a-propos\/nacor\/\" \/>\n<meta property=\"og:site_name\" content=\"NACOR\" \/>\n<meta property=\"article:modified_time\" content=\"2025-02-27T19:38:27+00:00\" \/>\n<meta name=\"twitter:card\" content=\"summary_large_image\" \/>\n<script type=\"application\/ld+json\" class=\"yoast-schema-graph\">{\"@context\":\"https:\\\/\\\/schema.org\",\"@graph\":[{\"@type\":\"WebPage\",\"@id\":\"https:\\\/\\\/nacor.ca\\\/fr\\\/a-propos\\\/nacor\\\/\",\"url\":\"https:\\\/\\\/nacor.ca\\\/fr\\\/a-propos\\\/nacor\\\/\",\"name\":\"NACOR - NACOR\",\"isPartOf\":{\"@id\":\"https:\\\/\\\/nacor.ca\\\/fr\\\/#website\"},\"datePublished\":\"2022-01-06T15:39:46+00:00\",\"dateModified\":\"2025-02-27T19:38:27+00:00\",\"breadcrumb\":{\"@id\":\"https:\\\/\\\/nacor.ca\\\/fr\\\/a-propos\\\/nacor\\\/#breadcrumb\"},\"inLanguage\":\"fr-FR\",\"potentialAction\":[{\"@type\":\"ReadAction\",\"target\":[\"https:\\\/\\\/nacor.ca\\\/fr\\\/a-propos\\\/nacor\\\/\"]}]},{\"@type\":\"BreadcrumbList\",\"@id\":\"https:\\\/\\\/nacor.ca\\\/fr\\\/a-propos\\\/nacor\\\/#breadcrumb\",\"itemListElement\":[{\"@type\":\"ListItem\",\"position\":1,\"name\":\"Home\",\"item\":\"https:\\\/\\\/nacor.ca\\\/fr\\\/page-daccueil\\\/\"},{\"@type\":\"ListItem\",\"position\":2,\"name\":\"\u00c0 propos\",\"item\":\"https:\\\/\\\/nacor.ca\\\/fr\\\/?page_id=767\"},{\"@type\":\"ListItem\",\"position\":3,\"name\":\"NACOR\"}]},{\"@type\":\"WebSite\",\"@id\":\"https:\\\/\\\/nacor.ca\\\/fr\\\/#website\",\"url\":\"https:\\\/\\\/nacor.ca\\\/fr\\\/\",\"name\":\"NACOR\",\"description\":\"Alliance nationale des opticiens de r\u00e9glementation du Canada\",\"publisher\":{\"@id\":\"https:\\\/\\\/nacor.ca\\\/fr\\\/#organization\"},\"potentialAction\":[{\"@type\":\"SearchAction\",\"target\":{\"@type\":\"EntryPoint\",\"urlTemplate\":\"https:\\\/\\\/nacor.ca\\\/fr\\\/?s={search_term_string}\"},\"query-input\":{\"@type\":\"PropertyValueSpecification\",\"valueRequired\":true,\"valueName\":\"search_term_string\"}}],\"inLanguage\":\"fr-FR\"},{\"@type\":\"Organization\",\"@id\":\"https:\\\/\\\/nacor.ca\\\/fr\\\/#organization\",\"name\":\"NACOR (National Alliance of Canadian Optician Regulators)\",\"url\":\"https:\\\/\\\/nacor.ca\\\/fr\\\/\",\"logo\":{\"@type\":\"ImageObject\",\"inLanguage\":\"fr-FR\",\"@id\":\"https:\\\/\\\/nacor.ca\\\/fr\\\/#\\\/schema\\\/logo\\\/image\\\/\",\"url\":\"https:\\\/\\\/nacor.ca\\\/wp-content\\\/uploads\\\/2020\\\/03\\\/NACOR-icon.png\",\"contentUrl\":\"https:\\\/\\\/nacor.ca\\\/wp-content\\\/uploads\\\/2020\\\/03\\\/NACOR-icon.png\",\"width\":300,\"height\":300,\"caption\":\"NACOR (National Alliance of Canadian Optician Regulators)\"},\"image\":{\"@id\":\"https:\\\/\\\/nacor.ca\\\/fr\\\/#\\\/schema\\\/logo\\\/image\\\/\"}}]}<\/script>\n<!-- \/ Yoast SEO plugin. -->","yoast_head_json":{"title":"NACOR - NACOR","robots":{"index":"index","follow":"follow","max-snippet":"max-snippet:-1","max-image-preview":"max-image-preview:large","max-video-preview":"max-video-preview:-1"},"canonical":"https:\/\/nacor.ca\/fr\/a-propos\/nacor\/","og_locale":"fr_FR","og_type":"article","og_title":"NACOR - NACOR","og_description":"L'Alliance nationale des r\u00e9gulateurs d'opticiens canadiens (ANORC) est un organisme constitu\u00e9 en soci\u00e9t\u00e9 en vertu de la loi sur les soci\u00e9t\u00e9s anonymes. compos\u00e9e de dix autorit\u00e9s r\u00e9glementaires provinciales de tout le Canada. L'adh\u00e9sion \u00e0 NACOR est volontaire. Pour plus d'informations sur les membres de NACOR, visitez notre site web. Page des membres de NACOR.","og_url":"https:\/\/nacor.ca\/fr\/a-propos\/nacor\/","og_site_name":"NACOR","article_modified_time":"2025-02-27T19:38:27+00:00","twitter_card":"summary_large_image","schema":{"@context":"https:\/\/schema.org","@graph":[{"@type":"WebPage","@id":"https:\/\/nacor.ca\/fr\/a-propos\/nacor\/","url":"https:\/\/nacor.ca\/fr\/a-propos\/nacor\/","name":"NACOR - NACOR","isPartOf":{"@id":"https:\/\/nacor.ca\/fr\/#website"},"datePublished":"2022-01-06T15:39:46+00:00","dateModified":"2025-02-27T19:38:27+00:00","breadcrumb":{"@id":"https:\/\/nacor.ca\/fr\/a-propos\/nacor\/#breadcrumb"},"inLanguage":"fr-FR","potentialAction":[{"@type":"ReadAction","target":["https:\/\/nacor.ca\/fr\/a-propos\/nacor\/"]}]},{"@type":"BreadcrumbList","@id":"https:\/\/nacor.ca\/fr\/a-propos\/nacor\/#breadcrumb","itemListElement":[{"@type":"ListItem","position":1,"name":"Home","item":"https:\/\/nacor.ca\/fr\/page-daccueil\/"},{"@type":"ListItem","position":2,"name":"\u00c0 propos","item":"https:\/\/nacor.ca\/fr\/?page_id=767"},{"@type":"ListItem","position":3,"name":"NACOR"}]},{"@type":"WebSite","@id":"https:\/\/nacor.ca\/fr\/#website","url":"https:\/\/nacor.ca\/fr\/","name":"NACOR","description":"Alliance nationale des opticiens de r\u00e9glementation du Canada","publisher":{"@id":"https:\/\/nacor.ca\/fr\/#organization"},"potentialAction":[{"@type":"SearchAction","target":{"@type":"EntryPoint","urlTemplate":"https:\/\/nacor.ca\/fr\/?s={search_term_string}"},"query-input":{"@type":"PropertyValueSpecification","valueRequired":true,"valueName":"search_term_string"}}],"inLanguage":"fr-FR"},{"@type":"Organization","@id":"https:\/\/nacor.ca\/fr\/#organization","name":"NACOR (National Alliance of Canadian Optician Regulators)","url":"https:\/\/nacor.ca\/fr\/","logo":{"@type":"ImageObject","inLanguage":"fr-FR","@id":"https:\/\/nacor.ca\/fr\/#\/schema\/logo\/image\/","url":"https:\/\/nacor.ca\/wp-content\/uploads\/2020\/03\/NACOR-icon.png","contentUrl":"https:\/\/nacor.ca\/wp-content\/uploads\/2020\/03\/NACOR-icon.png","width":300,"height":300,"caption":"NACOR (National Alliance of Canadian Optician Regulators)"},"image":{"@id":"https:\/\/nacor.ca\/fr\/#\/schema\/logo\/image\/"}}]}},"_links":{"self":[{"href":"https:\/\/nacor.ca\/fr\/wp-json\/wp\/v2\/pages\/800","targetHints":{"allow":["GET"]}}],"collection":[{"href":"https:\/\/nacor.ca\/fr\/wp-json\/wp\/v2\/pages"}],"about":[{"href":"https:\/\/nacor.ca\/fr\/wp-json\/wp\/v2\/types\/page"}],"author":[{"embeddable":true,"href":"https:\/\/nacor.ca\/fr\/wp-json\/wp\/v2\/users\/1"}],"replies":[{"embeddable":true,"href":"https:\/\/nacor.ca\/fr\/wp-json\/wp\/v2\/comments?post=800"}],"version-history":[{"count":4,"href":"https:\/\/nacor.ca\/fr\/wp-json\/wp\/v2\/pages\/800\/revisions"}],"predecessor-version":[{"id":1947,"href":"https:\/\/nacor.ca\/fr\/wp-json\/wp\/v2\/pages\/800\/revisions\/1947"}],"up":[{"embeddable":true,"href":"https:\/\/nacor.ca\/fr\/wp-json\/wp\/v2\/pages\/767"}],"wp:attachment":[{"href":"https:\/\/nacor.ca\/fr\/wp-json\/wp\/v2\/media?parent=800"}],"curies":[{"name":"wp","href":"https:\/\/api.w.org\/{rel}","templated":true}]}}