{"id":809,"date":"2022-01-06T15:39:46","date_gmt":"2022-01-06T15:39:46","guid":{"rendered":"https:\/\/nacor.ca\/a-propos\/opticiens\/"},"modified":"2025-02-27T14:05:16","modified_gmt":"2025-02-27T20:05:16","slug":"opticiens","status":"publish","type":"page","link":"https:\/\/nacor.ca\/fr\/a-propos\/opticiens\/","title":{"rendered":"Opticiens"},"content":{"rendered":"<div id=\"cs-content\" class=\"cs-content\"><\/div>\n","protected":false},"excerpt":{"rendered":"<p>Pour exercer la profession d&rsquo;opticien au Canada, les praticiens doivent \u00eatre enregistr\u00e9s aupr\u00e8s de l&rsquo;organisme de r\u00e9glementation provincial comp\u00e9tent. Tous les opticiens agr\u00e9\u00e9s au Canada doivent satisfaire \u00e0 des exigences de formation et passer des examens de comp\u00e9tence relatifs \u00e0 la d\u00e9livrance de lunettes et \u00e0 l&rsquo;adaptation de lentilles de contact afin de r\u00e9pondre aux exigences d&rsquo;enregistrement de l&rsquo;organisme de &#8230; <a href=\"https:\/\/nacor.ca\/fr\/a-propos\/opticiens\/\" class=\"more-link\">Read More<\/a><\/p>\n","protected":false},"author":1,"featured_media":0,"parent":767,"menu_order":0,"comment_status":"closed","ping_status":"closed","template":"","meta":{"footnotes":""},"class_list":["post-809","page","type-page","status-publish","hentry","no-post-thumbnail"],"yoast_head":"<!-- This site is optimized with the Yoast SEO plugin v27.4 - https:\/\/yoast.com\/product\/yoast-seo-wordpress\/ -->\n<title>Opticiens - NACOR<\/title>\n<meta name=\"robots\" content=\"index, follow, max-snippet:-1, max-image-preview:large, max-video-preview:-1\" \/>\n<link rel=\"canonical\" href=\"https:\/\/nacor.ca\/fr\/a-propos\/opticiens\/\" \/>\n<meta property=\"og:locale\" content=\"fr_FR\" \/>\n<meta property=\"og:type\" content=\"article\" \/>\n<meta property=\"og:title\" content=\"Opticiens - NACOR\" \/>\n<meta property=\"og:description\" content=\"Pour exercer la profession d&#039;opticien au Canada, les praticiens doivent \u00eatre enregistr\u00e9s aupr\u00e8s de l&#039;organisme de r\u00e9glementation provincial comp\u00e9tent. Tous les opticiens agr\u00e9\u00e9s au Canada doivent satisfaire \u00e0 des exigences de formation et passer des examens de comp\u00e9tence relatifs \u00e0 la d\u00e9livrance de lunettes et \u00e0 l&#039;adaptation de lentilles de contact afin de r\u00e9pondre aux exigences d&#039;enregistrement de l&#039;organisme de ... Read More\" \/>\n<meta property=\"og:url\" content=\"https:\/\/nacor.ca\/fr\/a-propos\/opticiens\/\" \/>\n<meta property=\"og:site_name\" content=\"NACOR\" \/>\n<meta property=\"article:modified_time\" content=\"2025-02-27T20:05:16+00:00\" \/>\n<meta name=\"twitter:card\" content=\"summary_large_image\" \/>\n<meta name=\"twitter:label1\" content=\"Dur\u00e9e de lecture estim\u00e9e\" \/>\n\t<meta name=\"twitter:data1\" content=\"1 minute\" \/>\n<script type=\"application\/ld+json\" class=\"yoast-schema-graph\">{\"@context\":\"https:\\\/\\\/schema.org\",\"@graph\":[{\"@type\":\"WebPage\",\"@id\":\"https:\\\/\\\/nacor.ca\\\/fr\\\/a-propos\\\/opticiens\\\/\",\"url\":\"https:\\\/\\\/nacor.ca\\\/fr\\\/a-propos\\\/opticiens\\\/\",\"name\":\"Opticiens - NACOR\",\"isPartOf\":{\"@id\":\"https:\\\/\\\/nacor.ca\\\/fr\\\/#website\"},\"datePublished\":\"2022-01-06T15:39:46+00:00\",\"dateModified\":\"2025-02-27T20:05:16+00:00\",\"breadcrumb\":{\"@id\":\"https:\\\/\\\/nacor.ca\\\/fr\\\/a-propos\\\/opticiens\\\/#breadcrumb\"},\"inLanguage\":\"fr-FR\",\"potentialAction\":[{\"@type\":\"ReadAction\",\"target\":[\"https:\\\/\\\/nacor.ca\\\/fr\\\/a-propos\\\/opticiens\\\/\"]}]},{\"@type\":\"BreadcrumbList\",\"@id\":\"https:\\\/\\\/nacor.ca\\\/fr\\\/a-propos\\\/opticiens\\\/#breadcrumb\",\"itemListElement\":[{\"@type\":\"ListItem\",\"position\":1,\"name\":\"Home\",\"item\":\"https:\\\/\\\/nacor.ca\\\/fr\\\/page-daccueil\\\/\"},{\"@type\":\"ListItem\",\"position\":2,\"name\":\"\u00c0 propos\",\"item\":\"https:\\\/\\\/nacor.ca\\\/fr\\\/?page_id=767\"},{\"@type\":\"ListItem\",\"position\":3,\"name\":\"Opticiens\"}]},{\"@type\":\"WebSite\",\"@id\":\"https:\\\/\\\/nacor.ca\\\/fr\\\/#website\",\"url\":\"https:\\\/\\\/nacor.ca\\\/fr\\\/\",\"name\":\"NACOR\",\"description\":\"Alliance nationale des opticiens de r\u00e9glementation du Canada\",\"publisher\":{\"@id\":\"https:\\\/\\\/nacor.ca\\\/fr\\\/#organization\"},\"potentialAction\":[{\"@type\":\"SearchAction\",\"target\":{\"@type\":\"EntryPoint\",\"urlTemplate\":\"https:\\\/\\\/nacor.ca\\\/fr\\\/?s={search_term_string}\"},\"query-input\":{\"@type\":\"PropertyValueSpecification\",\"valueRequired\":true,\"valueName\":\"search_term_string\"}}],\"inLanguage\":\"fr-FR\"},{\"@type\":\"Organization\",\"@id\":\"https:\\\/\\\/nacor.ca\\\/fr\\\/#organization\",\"name\":\"NACOR (National Alliance of Canadian Optician Regulators)\",\"url\":\"https:\\\/\\\/nacor.ca\\\/fr\\\/\",\"logo\":{\"@type\":\"ImageObject\",\"inLanguage\":\"fr-FR\",\"@id\":\"https:\\\/\\\/nacor.ca\\\/fr\\\/#\\\/schema\\\/logo\\\/image\\\/\",\"url\":\"https:\\\/\\\/nacor.ca\\\/wp-content\\\/uploads\\\/2020\\\/03\\\/NACOR-icon.png\",\"contentUrl\":\"https:\\\/\\\/nacor.ca\\\/wp-content\\\/uploads\\\/2020\\\/03\\\/NACOR-icon.png\",\"width\":300,\"height\":300,\"caption\":\"NACOR (National Alliance of Canadian Optician Regulators)\"},\"image\":{\"@id\":\"https:\\\/\\\/nacor.ca\\\/fr\\\/#\\\/schema\\\/logo\\\/image\\\/\"}}]}<\/script>\n<!-- \/ Yoast SEO plugin. -->","yoast_head_json":{"title":"Opticiens - NACOR","robots":{"index":"index","follow":"follow","max-snippet":"max-snippet:-1","max-image-preview":"max-image-preview:large","max-video-preview":"max-video-preview:-1"},"canonical":"https:\/\/nacor.ca\/fr\/a-propos\/opticiens\/","og_locale":"fr_FR","og_type":"article","og_title":"Opticiens - NACOR","og_description":"Pour exercer la profession d'opticien au Canada, les praticiens doivent \u00eatre enregistr\u00e9s aupr\u00e8s de l'organisme de r\u00e9glementation provincial comp\u00e9tent. Tous les opticiens agr\u00e9\u00e9s au Canada doivent satisfaire \u00e0 des exigences de formation et passer des examens de comp\u00e9tence relatifs \u00e0 la d\u00e9livrance de lunettes et \u00e0 l'adaptation de lentilles de contact afin de r\u00e9pondre aux exigences d'enregistrement de l'organisme de ... Read More","og_url":"https:\/\/nacor.ca\/fr\/a-propos\/opticiens\/","og_site_name":"NACOR","article_modified_time":"2025-02-27T20:05:16+00:00","twitter_card":"summary_large_image","twitter_misc":{"Dur\u00e9e de lecture estim\u00e9e":"1 minute"},"schema":{"@context":"https:\/\/schema.org","@graph":[{"@type":"WebPage","@id":"https:\/\/nacor.ca\/fr\/a-propos\/opticiens\/","url":"https:\/\/nacor.ca\/fr\/a-propos\/opticiens\/","name":"Opticiens - NACOR","isPartOf":{"@id":"https:\/\/nacor.ca\/fr\/#website"},"datePublished":"2022-01-06T15:39:46+00:00","dateModified":"2025-02-27T20:05:16+00:00","breadcrumb":{"@id":"https:\/\/nacor.ca\/fr\/a-propos\/opticiens\/#breadcrumb"},"inLanguage":"fr-FR","potentialAction":[{"@type":"ReadAction","target":["https:\/\/nacor.ca\/fr\/a-propos\/opticiens\/"]}]},{"@type":"BreadcrumbList","@id":"https:\/\/nacor.ca\/fr\/a-propos\/opticiens\/#breadcrumb","itemListElement":[{"@type":"ListItem","position":1,"name":"Home","item":"https:\/\/nacor.ca\/fr\/page-daccueil\/"},{"@type":"ListItem","position":2,"name":"\u00c0 propos","item":"https:\/\/nacor.ca\/fr\/?page_id=767"},{"@type":"ListItem","position":3,"name":"Opticiens"}]},{"@type":"WebSite","@id":"https:\/\/nacor.ca\/fr\/#website","url":"https:\/\/nacor.ca\/fr\/","name":"NACOR","description":"Alliance nationale des opticiens de r\u00e9glementation du Canada","publisher":{"@id":"https:\/\/nacor.ca\/fr\/#organization"},"potentialAction":[{"@type":"SearchAction","target":{"@type":"EntryPoint","urlTemplate":"https:\/\/nacor.ca\/fr\/?s={search_term_string}"},"query-input":{"@type":"PropertyValueSpecification","valueRequired":true,"valueName":"search_term_string"}}],"inLanguage":"fr-FR"},{"@type":"Organization","@id":"https:\/\/nacor.ca\/fr\/#organization","name":"NACOR (National Alliance of Canadian Optician Regulators)","url":"https:\/\/nacor.ca\/fr\/","logo":{"@type":"ImageObject","inLanguage":"fr-FR","@id":"https:\/\/nacor.ca\/fr\/#\/schema\/logo\/image\/","url":"https:\/\/nacor.ca\/wp-content\/uploads\/2020\/03\/NACOR-icon.png","contentUrl":"https:\/\/nacor.ca\/wp-content\/uploads\/2020\/03\/NACOR-icon.png","width":300,"height":300,"caption":"NACOR (National Alliance of Canadian Optician Regulators)"},"image":{"@id":"https:\/\/nacor.ca\/fr\/#\/schema\/logo\/image\/"}}]}},"_links":{"self":[{"href":"https:\/\/nacor.ca\/fr\/wp-json\/wp\/v2\/pages\/809","targetHints":{"allow":["GET"]}}],"collection":[{"href":"https:\/\/nacor.ca\/fr\/wp-json\/wp\/v2\/pages"}],"about":[{"href":"https:\/\/nacor.ca\/fr\/wp-json\/wp\/v2\/types\/page"}],"author":[{"embeddable":true,"href":"https:\/\/nacor.ca\/fr\/wp-json\/wp\/v2\/users\/1"}],"replies":[{"embeddable":true,"href":"https:\/\/nacor.ca\/fr\/wp-json\/wp\/v2\/comments?post=809"}],"version-history":[{"count":3,"href":"https:\/\/nacor.ca\/fr\/wp-json\/wp\/v2\/pages\/809\/revisions"}],"predecessor-version":[{"id":1955,"href":"https:\/\/nacor.ca\/fr\/wp-json\/wp\/v2\/pages\/809\/revisions\/1955"}],"up":[{"embeddable":true,"href":"https:\/\/nacor.ca\/fr\/wp-json\/wp\/v2\/pages\/767"}],"wp:attachment":[{"href":"https:\/\/nacor.ca\/fr\/wp-json\/wp\/v2\/media?parent=809"}],"curies":[{"name":"wp","href":"https:\/\/api.w.org\/{rel}","templated":true}]}}