{"id":844,"date":"2022-01-06T15:39:47","date_gmt":"2022-01-06T15:39:47","guid":{"rendered":"https:\/\/nacor.ca\/ressources\/rapport-devenement-indesirable\/"},"modified":"2022-01-06T15:39:48","modified_gmt":"2022-01-06T15:39:48","slug":"rapport-devenement-indesirable","status":"publish","type":"page","link":"https:\/\/nacor.ca\/fr\/ressources\/rapport-devenement-indesirable\/","title":{"rendered":"Rapport d&rsquo;\u00e9v\u00e9nement ind\u00e9sirable"},"content":{"rendered":"<div id=\"cs-content\" class=\"cs-content\"><\/div>\n","protected":false},"excerpt":{"rendered":"<p>Les organismes canadiens de r\u00e9glementation des soins oculaires recueillent des donn\u00e9es pour une \u00e9tude qui examine le nombre d&rsquo;incidences ind\u00e9sirables pour les patients qui utilisent les services d&rsquo;un professionnel de la vue r\u00e9glement\u00e9 ainsi que pour les patients qui ont cherch\u00e9 leurs lunettes aupr\u00e8s de sources non r\u00e9glement\u00e9es. Ce rapport n&rsquo;est pas un exercice punitif mais plut\u00f4t une tentative de &#8230; <a href=\"https:\/\/nacor.ca\/fr\/ressources\/rapport-devenement-indesirable\/\" class=\"more-link\">Read More<\/a><\/p>\n","protected":false},"author":1,"featured_media":0,"parent":834,"menu_order":0,"comment_status":"closed","ping_status":"closed","template":"","meta":{"footnotes":""},"class_list":["post-844","page","type-page","status-publish","hentry","no-post-thumbnail"],"yoast_head":"<!-- This site is optimized with the Yoast SEO plugin v27.5 - https:\/\/yoast.com\/product\/yoast-seo-wordpress\/ -->\n<title>Rapport d&#039;\u00e9v\u00e9nement ind\u00e9sirable - NACOR<\/title>\n<meta name=\"robots\" content=\"index, follow, max-snippet:-1, max-image-preview:large, max-video-preview:-1\" \/>\n<link rel=\"canonical\" href=\"https:\/\/nacor.ca\/fr\/ressources\/rapport-devenement-indesirable\/\" \/>\n<meta property=\"og:locale\" content=\"fr_FR\" \/>\n<meta property=\"og:type\" content=\"article\" \/>\n<meta property=\"og:title\" content=\"Rapport d&#039;\u00e9v\u00e9nement ind\u00e9sirable - NACOR\" \/>\n<meta property=\"og:description\" content=\"Les organismes canadiens de r\u00e9glementation des soins oculaires recueillent des donn\u00e9es pour une \u00e9tude qui examine le nombre d&#039;incidences ind\u00e9sirables pour les patients qui utilisent les services d&#039;un professionnel de la vue r\u00e9glement\u00e9 ainsi que pour les patients qui ont cherch\u00e9 leurs lunettes aupr\u00e8s de sources non r\u00e9glement\u00e9es. Ce rapport n&#039;est pas un exercice punitif mais plut\u00f4t une tentative de ... Read More\" \/>\n<meta property=\"og:url\" content=\"https:\/\/nacor.ca\/fr\/ressources\/rapport-devenement-indesirable\/\" \/>\n<meta property=\"og:site_name\" content=\"NACOR\" \/>\n<meta property=\"article:modified_time\" content=\"2022-01-06T15:39:48+00:00\" \/>\n<meta name=\"twitter:card\" content=\"summary_large_image\" \/>\n<meta name=\"twitter:label1\" content=\"Dur\u00e9e de lecture estim\u00e9e\" \/>\n\t<meta name=\"twitter:data1\" content=\"1 minute\" \/>\n<script type=\"application\/ld+json\" class=\"yoast-schema-graph\">{\"@context\":\"https:\\\/\\\/schema.org\",\"@graph\":[{\"@type\":\"WebPage\",\"@id\":\"https:\\\/\\\/nacor.ca\\\/fr\\\/ressources\\\/rapport-devenement-indesirable\\\/\",\"url\":\"https:\\\/\\\/nacor.ca\\\/fr\\\/ressources\\\/rapport-devenement-indesirable\\\/\",\"name\":\"Rapport d'\u00e9v\u00e9nement ind\u00e9sirable - NACOR\",\"isPartOf\":{\"@id\":\"https:\\\/\\\/nacor.ca\\\/fr\\\/#website\"},\"datePublished\":\"2022-01-06T15:39:47+00:00\",\"dateModified\":\"2022-01-06T15:39:48+00:00\",\"breadcrumb\":{\"@id\":\"https:\\\/\\\/nacor.ca\\\/fr\\\/ressources\\\/rapport-devenement-indesirable\\\/#breadcrumb\"},\"inLanguage\":\"fr-FR\",\"potentialAction\":[{\"@type\":\"ReadAction\",\"target\":[\"https:\\\/\\\/nacor.ca\\\/fr\\\/ressources\\\/rapport-devenement-indesirable\\\/\"]}]},{\"@type\":\"BreadcrumbList\",\"@id\":\"https:\\\/\\\/nacor.ca\\\/fr\\\/ressources\\\/rapport-devenement-indesirable\\\/#breadcrumb\",\"itemListElement\":[{\"@type\":\"ListItem\",\"position\":1,\"name\":\"Home\",\"item\":\"https:\\\/\\\/nacor.ca\\\/fr\\\/page-daccueil\\\/\"},{\"@type\":\"ListItem\",\"position\":2,\"name\":\"Ressources\",\"item\":\"https:\\\/\\\/nacor.ca\\\/fr\\\/?page_id=834\"},{\"@type\":\"ListItem\",\"position\":3,\"name\":\"Rapport d&rsquo;\u00e9v\u00e9nement ind\u00e9sirable\"}]},{\"@type\":\"WebSite\",\"@id\":\"https:\\\/\\\/nacor.ca\\\/fr\\\/#website\",\"url\":\"https:\\\/\\\/nacor.ca\\\/fr\\\/\",\"name\":\"NACOR\",\"description\":\"Alliance nationale des opticiens de r\u00e9glementation du Canada\",\"publisher\":{\"@id\":\"https:\\\/\\\/nacor.ca\\\/fr\\\/#organization\"},\"potentialAction\":[{\"@type\":\"SearchAction\",\"target\":{\"@type\":\"EntryPoint\",\"urlTemplate\":\"https:\\\/\\\/nacor.ca\\\/fr\\\/?s={search_term_string}\"},\"query-input\":{\"@type\":\"PropertyValueSpecification\",\"valueRequired\":true,\"valueName\":\"search_term_string\"}}],\"inLanguage\":\"fr-FR\"},{\"@type\":\"Organization\",\"@id\":\"https:\\\/\\\/nacor.ca\\\/fr\\\/#organization\",\"name\":\"NACOR (National Alliance of Canadian Optician Regulators)\",\"url\":\"https:\\\/\\\/nacor.ca\\\/fr\\\/\",\"logo\":{\"@type\":\"ImageObject\",\"inLanguage\":\"fr-FR\",\"@id\":\"https:\\\/\\\/nacor.ca\\\/fr\\\/#\\\/schema\\\/logo\\\/image\\\/\",\"url\":\"https:\\\/\\\/nacor.ca\\\/wp-content\\\/uploads\\\/2020\\\/03\\\/NACOR-icon.png\",\"contentUrl\":\"https:\\\/\\\/nacor.ca\\\/wp-content\\\/uploads\\\/2020\\\/03\\\/NACOR-icon.png\",\"width\":300,\"height\":300,\"caption\":\"NACOR (National Alliance of Canadian Optician Regulators)\"},\"image\":{\"@id\":\"https:\\\/\\\/nacor.ca\\\/fr\\\/#\\\/schema\\\/logo\\\/image\\\/\"}}]}<\/script>\n<!-- \/ Yoast SEO plugin. -->","yoast_head_json":{"title":"Rapport d'\u00e9v\u00e9nement ind\u00e9sirable - NACOR","robots":{"index":"index","follow":"follow","max-snippet":"max-snippet:-1","max-image-preview":"max-image-preview:large","max-video-preview":"max-video-preview:-1"},"canonical":"https:\/\/nacor.ca\/fr\/ressources\/rapport-devenement-indesirable\/","og_locale":"fr_FR","og_type":"article","og_title":"Rapport d'\u00e9v\u00e9nement ind\u00e9sirable - NACOR","og_description":"Les organismes canadiens de r\u00e9glementation des soins oculaires recueillent des donn\u00e9es pour une \u00e9tude qui examine le nombre d'incidences ind\u00e9sirables pour les patients qui utilisent les services d'un professionnel de la vue r\u00e9glement\u00e9 ainsi que pour les patients qui ont cherch\u00e9 leurs lunettes aupr\u00e8s de sources non r\u00e9glement\u00e9es. Ce rapport n'est pas un exercice punitif mais plut\u00f4t une tentative de ... Read More","og_url":"https:\/\/nacor.ca\/fr\/ressources\/rapport-devenement-indesirable\/","og_site_name":"NACOR","article_modified_time":"2022-01-06T15:39:48+00:00","twitter_card":"summary_large_image","twitter_misc":{"Dur\u00e9e de lecture estim\u00e9e":"1 minute"},"schema":{"@context":"https:\/\/schema.org","@graph":[{"@type":"WebPage","@id":"https:\/\/nacor.ca\/fr\/ressources\/rapport-devenement-indesirable\/","url":"https:\/\/nacor.ca\/fr\/ressources\/rapport-devenement-indesirable\/","name":"Rapport d'\u00e9v\u00e9nement ind\u00e9sirable - NACOR","isPartOf":{"@id":"https:\/\/nacor.ca\/fr\/#website"},"datePublished":"2022-01-06T15:39:47+00:00","dateModified":"2022-01-06T15:39:48+00:00","breadcrumb":{"@id":"https:\/\/nacor.ca\/fr\/ressources\/rapport-devenement-indesirable\/#breadcrumb"},"inLanguage":"fr-FR","potentialAction":[{"@type":"ReadAction","target":["https:\/\/nacor.ca\/fr\/ressources\/rapport-devenement-indesirable\/"]}]},{"@type":"BreadcrumbList","@id":"https:\/\/nacor.ca\/fr\/ressources\/rapport-devenement-indesirable\/#breadcrumb","itemListElement":[{"@type":"ListItem","position":1,"name":"Home","item":"https:\/\/nacor.ca\/fr\/page-daccueil\/"},{"@type":"ListItem","position":2,"name":"Ressources","item":"https:\/\/nacor.ca\/fr\/?page_id=834"},{"@type":"ListItem","position":3,"name":"Rapport d&rsquo;\u00e9v\u00e9nement ind\u00e9sirable"}]},{"@type":"WebSite","@id":"https:\/\/nacor.ca\/fr\/#website","url":"https:\/\/nacor.ca\/fr\/","name":"NACOR","description":"Alliance nationale des opticiens de r\u00e9glementation du Canada","publisher":{"@id":"https:\/\/nacor.ca\/fr\/#organization"},"potentialAction":[{"@type":"SearchAction","target":{"@type":"EntryPoint","urlTemplate":"https:\/\/nacor.ca\/fr\/?s={search_term_string}"},"query-input":{"@type":"PropertyValueSpecification","valueRequired":true,"valueName":"search_term_string"}}],"inLanguage":"fr-FR"},{"@type":"Organization","@id":"https:\/\/nacor.ca\/fr\/#organization","name":"NACOR (National Alliance of Canadian Optician Regulators)","url":"https:\/\/nacor.ca\/fr\/","logo":{"@type":"ImageObject","inLanguage":"fr-FR","@id":"https:\/\/nacor.ca\/fr\/#\/schema\/logo\/image\/","url":"https:\/\/nacor.ca\/wp-content\/uploads\/2020\/03\/NACOR-icon.png","contentUrl":"https:\/\/nacor.ca\/wp-content\/uploads\/2020\/03\/NACOR-icon.png","width":300,"height":300,"caption":"NACOR (National Alliance of Canadian Optician Regulators)"},"image":{"@id":"https:\/\/nacor.ca\/fr\/#\/schema\/logo\/image\/"}}]}},"_links":{"self":[{"href":"https:\/\/nacor.ca\/fr\/wp-json\/wp\/v2\/pages\/844","targetHints":{"allow":["GET"]}}],"collection":[{"href":"https:\/\/nacor.ca\/fr\/wp-json\/wp\/v2\/pages"}],"about":[{"href":"https:\/\/nacor.ca\/fr\/wp-json\/wp\/v2\/types\/page"}],"author":[{"embeddable":true,"href":"https:\/\/nacor.ca\/fr\/wp-json\/wp\/v2\/users\/1"}],"replies":[{"embeddable":true,"href":"https:\/\/nacor.ca\/fr\/wp-json\/wp\/v2\/comments?post=844"}],"version-history":[{"count":2,"href":"https:\/\/nacor.ca\/fr\/wp-json\/wp\/v2\/pages\/844\/revisions"}],"predecessor-version":[{"id":847,"href":"https:\/\/nacor.ca\/fr\/wp-json\/wp\/v2\/pages\/844\/revisions\/847"}],"up":[{"embeddable":true,"href":"https:\/\/nacor.ca\/fr\/wp-json\/wp\/v2\/pages\/834"}],"wp:attachment":[{"href":"https:\/\/nacor.ca\/fr\/wp-json\/wp\/v2\/media?parent=844"}],"curies":[{"name":"wp","href":"https:\/\/api.w.org\/{rel}","templated":true}]}}