{"id":848,"date":"2022-01-06T15:39:48","date_gmt":"2022-01-06T15:39:48","guid":{"rendered":"https:\/\/nacor.ca\/examen-national\/formulaire-de-demande\/"},"modified":"2023-04-27T15:13:34","modified_gmt":"2023-04-27T15:13:34","slug":"formulaire-de-demande","status":"publish","type":"page","link":"https:\/\/nacor.ca\/fr\/examen-national\/formulaire-de-demande\/","title":{"rendered":"Formulaire de demande"},"content":{"rendered":"<div id=\"cs-content\" class=\"cs-content\"><\/div>\n","protected":false},"excerpt":{"rendered":"<p>Cliquez ici pour le nouveau formulaire de demandeVEUILLEZ VOUS ASSURER DE SOUMETTRE VOTRE CANDIDATURE AVANT LA DATE LIMITE DE CANDIDATURE. Vous n&rsquo;avez pas \u00e0 attendre de recevoir la confirmation de votre \u00e9cole que vous avez obtenu votre dipl\u00f4me, ni la confirmation de votre bureau de r\u00e9glementation provincial que vous avez satisfait \u00e0 leurs exigences d&rsquo;admissibilit\u00e9.LE SEUL MOYEN D&rsquo;\u00caTRE CERTAIN QUE &#8230; <a href=\"https:\/\/nacor.ca\/fr\/examen-national\/formulaire-de-demande\/\" class=\"more-link\">Read More<\/a><\/p>\n","protected":false},"author":1,"featured_media":0,"parent":785,"menu_order":0,"comment_status":"closed","ping_status":"closed","template":"","meta":{"footnotes":""},"class_list":["post-848","page","type-page","status-publish","hentry","no-post-thumbnail"],"yoast_head":"<!-- This site is optimized with the Yoast SEO plugin v27.4 - https:\/\/yoast.com\/product\/yoast-seo-wordpress\/ -->\n<title>Formulaire de demande - NACOR<\/title>\n<meta name=\"robots\" content=\"index, follow, max-snippet:-1, max-image-preview:large, max-video-preview:-1\" \/>\n<link rel=\"canonical\" href=\"https:\/\/nacor.ca\/fr\/examen-national\/formulaire-de-demande\/\" \/>\n<meta property=\"og:locale\" content=\"fr_FR\" \/>\n<meta property=\"og:type\" content=\"article\" \/>\n<meta property=\"og:title\" content=\"Formulaire de demande - NACOR\" \/>\n<meta property=\"og:description\" content=\"Cliquez ici pour le nouveau formulaire de demandeVEUILLEZ VOUS ASSURER DE SOUMETTRE VOTRE CANDIDATURE AVANT LA DATE LIMITE DE CANDIDATURE. Vous n&#039;avez pas \u00e0 attendre de recevoir la confirmation de votre \u00e9cole que vous avez obtenu votre dipl\u00f4me, ni la confirmation de votre bureau de r\u00e9glementation provincial que vous avez satisfait \u00e0 leurs exigences d&#039;admissibilit\u00e9.LE SEUL MOYEN D&#039;\u00caTRE CERTAIN QUE ... Read More\" \/>\n<meta property=\"og:url\" content=\"https:\/\/nacor.ca\/fr\/examen-national\/formulaire-de-demande\/\" \/>\n<meta property=\"og:site_name\" content=\"NACOR\" \/>\n<meta property=\"article:modified_time\" content=\"2023-04-27T15:13:34+00:00\" \/>\n<meta name=\"twitter:card\" content=\"summary_large_image\" \/>\n<meta name=\"twitter:label1\" content=\"Dur\u00e9e de lecture estim\u00e9e\" \/>\n\t<meta name=\"twitter:data1\" content=\"1 minute\" \/>\n<script type=\"application\/ld+json\" class=\"yoast-schema-graph\">{\"@context\":\"https:\\\/\\\/schema.org\",\"@graph\":[{\"@type\":\"WebPage\",\"@id\":\"https:\\\/\\\/nacor.ca\\\/fr\\\/examen-national\\\/formulaire-de-demande\\\/\",\"url\":\"https:\\\/\\\/nacor.ca\\\/fr\\\/examen-national\\\/formulaire-de-demande\\\/\",\"name\":\"Formulaire de demande - NACOR\",\"isPartOf\":{\"@id\":\"https:\\\/\\\/nacor.ca\\\/fr\\\/#website\"},\"datePublished\":\"2022-01-06T15:39:48+00:00\",\"dateModified\":\"2023-04-27T15:13:34+00:00\",\"breadcrumb\":{\"@id\":\"https:\\\/\\\/nacor.ca\\\/fr\\\/examen-national\\\/formulaire-de-demande\\\/#breadcrumb\"},\"inLanguage\":\"fr-FR\",\"potentialAction\":[{\"@type\":\"ReadAction\",\"target\":[\"https:\\\/\\\/nacor.ca\\\/fr\\\/examen-national\\\/formulaire-de-demande\\\/\"]}]},{\"@type\":\"BreadcrumbList\",\"@id\":\"https:\\\/\\\/nacor.ca\\\/fr\\\/examen-national\\\/formulaire-de-demande\\\/#breadcrumb\",\"itemListElement\":[{\"@type\":\"ListItem\",\"position\":1,\"name\":\"Home\",\"item\":\"https:\\\/\\\/nacor.ca\\\/fr\\\/page-daccueil\\\/\"},{\"@type\":\"ListItem\",\"position\":2,\"name\":\"Examens nationaux\",\"item\":\"https:\\\/\\\/nacor.ca\\\/fr\\\/examen-national\\\/\"},{\"@type\":\"ListItem\",\"position\":3,\"name\":\"Formulaire de demande\"}]},{\"@type\":\"WebSite\",\"@id\":\"https:\\\/\\\/nacor.ca\\\/fr\\\/#website\",\"url\":\"https:\\\/\\\/nacor.ca\\\/fr\\\/\",\"name\":\"NACOR\",\"description\":\"Alliance nationale des opticiens de r\u00e9glementation du Canada\",\"publisher\":{\"@id\":\"https:\\\/\\\/nacor.ca\\\/fr\\\/#organization\"},\"potentialAction\":[{\"@type\":\"SearchAction\",\"target\":{\"@type\":\"EntryPoint\",\"urlTemplate\":\"https:\\\/\\\/nacor.ca\\\/fr\\\/?s={search_term_string}\"},\"query-input\":{\"@type\":\"PropertyValueSpecification\",\"valueRequired\":true,\"valueName\":\"search_term_string\"}}],\"inLanguage\":\"fr-FR\"},{\"@type\":\"Organization\",\"@id\":\"https:\\\/\\\/nacor.ca\\\/fr\\\/#organization\",\"name\":\"NACOR (National Alliance of Canadian Optician Regulators)\",\"url\":\"https:\\\/\\\/nacor.ca\\\/fr\\\/\",\"logo\":{\"@type\":\"ImageObject\",\"inLanguage\":\"fr-FR\",\"@id\":\"https:\\\/\\\/nacor.ca\\\/fr\\\/#\\\/schema\\\/logo\\\/image\\\/\",\"url\":\"https:\\\/\\\/nacor.ca\\\/wp-content\\\/uploads\\\/2020\\\/03\\\/NACOR-icon.png\",\"contentUrl\":\"https:\\\/\\\/nacor.ca\\\/wp-content\\\/uploads\\\/2020\\\/03\\\/NACOR-icon.png\",\"width\":300,\"height\":300,\"caption\":\"NACOR (National Alliance of Canadian Optician Regulators)\"},\"image\":{\"@id\":\"https:\\\/\\\/nacor.ca\\\/fr\\\/#\\\/schema\\\/logo\\\/image\\\/\"}}]}<\/script>\n<!-- \/ Yoast SEO plugin. -->","yoast_head_json":{"title":"Formulaire de demande - NACOR","robots":{"index":"index","follow":"follow","max-snippet":"max-snippet:-1","max-image-preview":"max-image-preview:large","max-video-preview":"max-video-preview:-1"},"canonical":"https:\/\/nacor.ca\/fr\/examen-national\/formulaire-de-demande\/","og_locale":"fr_FR","og_type":"article","og_title":"Formulaire de demande - NACOR","og_description":"Cliquez ici pour le nouveau formulaire de demandeVEUILLEZ VOUS ASSURER DE SOUMETTRE VOTRE CANDIDATURE AVANT LA DATE LIMITE DE CANDIDATURE. Vous n'avez pas \u00e0 attendre de recevoir la confirmation de votre \u00e9cole que vous avez obtenu votre dipl\u00f4me, ni la confirmation de votre bureau de r\u00e9glementation provincial que vous avez satisfait \u00e0 leurs exigences d'admissibilit\u00e9.LE SEUL MOYEN D'\u00caTRE CERTAIN QUE ... Read More","og_url":"https:\/\/nacor.ca\/fr\/examen-national\/formulaire-de-demande\/","og_site_name":"NACOR","article_modified_time":"2023-04-27T15:13:34+00:00","twitter_card":"summary_large_image","twitter_misc":{"Dur\u00e9e de lecture estim\u00e9e":"1 minute"},"schema":{"@context":"https:\/\/schema.org","@graph":[{"@type":"WebPage","@id":"https:\/\/nacor.ca\/fr\/examen-national\/formulaire-de-demande\/","url":"https:\/\/nacor.ca\/fr\/examen-national\/formulaire-de-demande\/","name":"Formulaire de demande - NACOR","isPartOf":{"@id":"https:\/\/nacor.ca\/fr\/#website"},"datePublished":"2022-01-06T15:39:48+00:00","dateModified":"2023-04-27T15:13:34+00:00","breadcrumb":{"@id":"https:\/\/nacor.ca\/fr\/examen-national\/formulaire-de-demande\/#breadcrumb"},"inLanguage":"fr-FR","potentialAction":[{"@type":"ReadAction","target":["https:\/\/nacor.ca\/fr\/examen-national\/formulaire-de-demande\/"]}]},{"@type":"BreadcrumbList","@id":"https:\/\/nacor.ca\/fr\/examen-national\/formulaire-de-demande\/#breadcrumb","itemListElement":[{"@type":"ListItem","position":1,"name":"Home","item":"https:\/\/nacor.ca\/fr\/page-daccueil\/"},{"@type":"ListItem","position":2,"name":"Examens nationaux","item":"https:\/\/nacor.ca\/fr\/examen-national\/"},{"@type":"ListItem","position":3,"name":"Formulaire de demande"}]},{"@type":"WebSite","@id":"https:\/\/nacor.ca\/fr\/#website","url":"https:\/\/nacor.ca\/fr\/","name":"NACOR","description":"Alliance nationale des opticiens de r\u00e9glementation du Canada","publisher":{"@id":"https:\/\/nacor.ca\/fr\/#organization"},"potentialAction":[{"@type":"SearchAction","target":{"@type":"EntryPoint","urlTemplate":"https:\/\/nacor.ca\/fr\/?s={search_term_string}"},"query-input":{"@type":"PropertyValueSpecification","valueRequired":true,"valueName":"search_term_string"}}],"inLanguage":"fr-FR"},{"@type":"Organization","@id":"https:\/\/nacor.ca\/fr\/#organization","name":"NACOR (National Alliance of Canadian Optician Regulators)","url":"https:\/\/nacor.ca\/fr\/","logo":{"@type":"ImageObject","inLanguage":"fr-FR","@id":"https:\/\/nacor.ca\/fr\/#\/schema\/logo\/image\/","url":"https:\/\/nacor.ca\/wp-content\/uploads\/2020\/03\/NACOR-icon.png","contentUrl":"https:\/\/nacor.ca\/wp-content\/uploads\/2020\/03\/NACOR-icon.png","width":300,"height":300,"caption":"NACOR (National Alliance of Canadian Optician Regulators)"},"image":{"@id":"https:\/\/nacor.ca\/fr\/#\/schema\/logo\/image\/"}}]}},"_links":{"self":[{"href":"https:\/\/nacor.ca\/fr\/wp-json\/wp\/v2\/pages\/848","targetHints":{"allow":["GET"]}}],"collection":[{"href":"https:\/\/nacor.ca\/fr\/wp-json\/wp\/v2\/pages"}],"about":[{"href":"https:\/\/nacor.ca\/fr\/wp-json\/wp\/v2\/types\/page"}],"author":[{"embeddable":true,"href":"https:\/\/nacor.ca\/fr\/wp-json\/wp\/v2\/users\/1"}],"replies":[{"embeddable":true,"href":"https:\/\/nacor.ca\/fr\/wp-json\/wp\/v2\/comments?post=848"}],"version-history":[{"count":4,"href":"https:\/\/nacor.ca\/fr\/wp-json\/wp\/v2\/pages\/848\/revisions"}],"predecessor-version":[{"id":1431,"href":"https:\/\/nacor.ca\/fr\/wp-json\/wp\/v2\/pages\/848\/revisions\/1431"}],"up":[{"embeddable":true,"href":"https:\/\/nacor.ca\/fr\/wp-json\/wp\/v2\/pages\/785"}],"wp:attachment":[{"href":"https:\/\/nacor.ca\/fr\/wp-json\/wp\/v2\/media?parent=848"}],"curies":[{"name":"wp","href":"https:\/\/api.w.org\/{rel}","templated":true}]}}