{"id":851,"date":"2022-01-06T15:39:48","date_gmt":"2022-01-06T15:39:48","guid":{"rendered":"https:\/\/nacor.ca\/examen-national\/notification-des-resultats\/"},"modified":"2025-12-18T10:14:54","modified_gmt":"2025-12-18T16:14:54","slug":"notification-des-resultats","status":"publish","type":"page","link":"https:\/\/nacor.ca\/fr\/examen-national\/notification-des-resultats\/","title":{"rendered":"Notification des r\u00e9sultats"},"content":{"rendered":"<div id=\"cs-content\" class=\"cs-content\"><\/div>\n","protected":false},"excerpt":{"rendered":"<p>AVIS \u00c0 partir du 1er mai 2025, les r\u00e9sultats des examens seront envoy\u00e9s directement aux candidats par courrier \u00e9lectronique. Les r\u00e9sultats individuels ne seront plus affich\u00e9s sur le site web du NACOR. Dates de publication Les r\u00e9sultats des examens seront publi\u00e9s dans les huit (8) semaines suivant chaque session d&rsquo;examen. Les r\u00e9sultats seront envoy\u00e9s directement aux candidats par courrier \u00e9lectronique. &#8230; <a href=\"https:\/\/nacor.ca\/fr\/examen-national\/notification-des-resultats\/\" class=\"more-link\">Read More<\/a><\/p>\n","protected":false},"author":1,"featured_media":0,"parent":785,"menu_order":0,"comment_status":"closed","ping_status":"closed","template":"","meta":{"footnotes":""},"class_list":["post-851","page","type-page","status-publish","hentry","no-post-thumbnail"],"yoast_head":"<!-- This site is optimized with the Yoast SEO plugin v27.4 - https:\/\/yoast.com\/product\/yoast-seo-wordpress\/ -->\n<title>Notification des r\u00e9sultats - NACOR<\/title>\n<meta name=\"robots\" content=\"index, follow, max-snippet:-1, max-image-preview:large, max-video-preview:-1\" \/>\n<link rel=\"canonical\" href=\"https:\/\/nacor.ca\/fr\/examen-national\/notification-des-resultats\/\" \/>\n<meta property=\"og:locale\" content=\"fr_FR\" \/>\n<meta property=\"og:type\" content=\"article\" \/>\n<meta property=\"og:title\" content=\"Notification des r\u00e9sultats - NACOR\" \/>\n<meta property=\"og:description\" content=\"AVIS \u00c0 partir du 1er mai 2025, les r\u00e9sultats des examens seront envoy\u00e9s directement aux candidats par courrier \u00e9lectronique. Les r\u00e9sultats individuels ne seront plus affich\u00e9s sur le site web du NACOR. Dates de publication Les r\u00e9sultats des examens seront publi\u00e9s dans les huit (8) semaines suivant chaque session d&#039;examen. Les r\u00e9sultats seront envoy\u00e9s directement aux candidats par courrier \u00e9lectronique. ... Read More\" \/>\n<meta property=\"og:url\" content=\"https:\/\/nacor.ca\/fr\/examen-national\/notification-des-resultats\/\" \/>\n<meta property=\"og:site_name\" content=\"NACOR\" \/>\n<meta property=\"article:modified_time\" content=\"2025-12-18T16:14:54+00:00\" \/>\n<meta name=\"twitter:card\" content=\"summary_large_image\" \/>\n<meta name=\"twitter:label1\" content=\"Dur\u00e9e de lecture estim\u00e9e\" \/>\n\t<meta name=\"twitter:data1\" content=\"2 minutes\" \/>\n<script type=\"application\/ld+json\" class=\"yoast-schema-graph\">{\"@context\":\"https:\\\/\\\/schema.org\",\"@graph\":[{\"@type\":\"WebPage\",\"@id\":\"https:\\\/\\\/nacor.ca\\\/fr\\\/examen-national\\\/notification-des-resultats\\\/\",\"url\":\"https:\\\/\\\/nacor.ca\\\/fr\\\/examen-national\\\/notification-des-resultats\\\/\",\"name\":\"Notification des r\u00e9sultats - NACOR\",\"isPartOf\":{\"@id\":\"https:\\\/\\\/nacor.ca\\\/fr\\\/#website\"},\"datePublished\":\"2022-01-06T15:39:48+00:00\",\"dateModified\":\"2025-12-18T16:14:54+00:00\",\"breadcrumb\":{\"@id\":\"https:\\\/\\\/nacor.ca\\\/fr\\\/examen-national\\\/notification-des-resultats\\\/#breadcrumb\"},\"inLanguage\":\"fr-FR\",\"potentialAction\":[{\"@type\":\"ReadAction\",\"target\":[\"https:\\\/\\\/nacor.ca\\\/fr\\\/examen-national\\\/notification-des-resultats\\\/\"]}]},{\"@type\":\"BreadcrumbList\",\"@id\":\"https:\\\/\\\/nacor.ca\\\/fr\\\/examen-national\\\/notification-des-resultats\\\/#breadcrumb\",\"itemListElement\":[{\"@type\":\"ListItem\",\"position\":1,\"name\":\"Home\",\"item\":\"https:\\\/\\\/nacor.ca\\\/fr\\\/page-daccueil\\\/\"},{\"@type\":\"ListItem\",\"position\":2,\"name\":\"Examens nationaux\",\"item\":\"https:\\\/\\\/nacor.ca\\\/fr\\\/examen-national\\\/\"},{\"@type\":\"ListItem\",\"position\":3,\"name\":\"Notification des r\u00e9sultats\"}]},{\"@type\":\"WebSite\",\"@id\":\"https:\\\/\\\/nacor.ca\\\/fr\\\/#website\",\"url\":\"https:\\\/\\\/nacor.ca\\\/fr\\\/\",\"name\":\"NACOR\",\"description\":\"Alliance nationale des opticiens de r\u00e9glementation du Canada\",\"publisher\":{\"@id\":\"https:\\\/\\\/nacor.ca\\\/fr\\\/#organization\"},\"potentialAction\":[{\"@type\":\"SearchAction\",\"target\":{\"@type\":\"EntryPoint\",\"urlTemplate\":\"https:\\\/\\\/nacor.ca\\\/fr\\\/?s={search_term_string}\"},\"query-input\":{\"@type\":\"PropertyValueSpecification\",\"valueRequired\":true,\"valueName\":\"search_term_string\"}}],\"inLanguage\":\"fr-FR\"},{\"@type\":\"Organization\",\"@id\":\"https:\\\/\\\/nacor.ca\\\/fr\\\/#organization\",\"name\":\"NACOR (National Alliance of Canadian Optician Regulators)\",\"url\":\"https:\\\/\\\/nacor.ca\\\/fr\\\/\",\"logo\":{\"@type\":\"ImageObject\",\"inLanguage\":\"fr-FR\",\"@id\":\"https:\\\/\\\/nacor.ca\\\/fr\\\/#\\\/schema\\\/logo\\\/image\\\/\",\"url\":\"https:\\\/\\\/nacor.ca\\\/wp-content\\\/uploads\\\/2020\\\/03\\\/NACOR-icon.png\",\"contentUrl\":\"https:\\\/\\\/nacor.ca\\\/wp-content\\\/uploads\\\/2020\\\/03\\\/NACOR-icon.png\",\"width\":300,\"height\":300,\"caption\":\"NACOR (National Alliance of Canadian Optician Regulators)\"},\"image\":{\"@id\":\"https:\\\/\\\/nacor.ca\\\/fr\\\/#\\\/schema\\\/logo\\\/image\\\/\"}}]}<\/script>\n<!-- \/ Yoast SEO plugin. -->","yoast_head_json":{"title":"Notification des r\u00e9sultats - NACOR","robots":{"index":"index","follow":"follow","max-snippet":"max-snippet:-1","max-image-preview":"max-image-preview:large","max-video-preview":"max-video-preview:-1"},"canonical":"https:\/\/nacor.ca\/fr\/examen-national\/notification-des-resultats\/","og_locale":"fr_FR","og_type":"article","og_title":"Notification des r\u00e9sultats - NACOR","og_description":"AVIS \u00c0 partir du 1er mai 2025, les r\u00e9sultats des examens seront envoy\u00e9s directement aux candidats par courrier \u00e9lectronique. Les r\u00e9sultats individuels ne seront plus affich\u00e9s sur le site web du NACOR. Dates de publication Les r\u00e9sultats des examens seront publi\u00e9s dans les huit (8) semaines suivant chaque session d'examen. Les r\u00e9sultats seront envoy\u00e9s directement aux candidats par courrier \u00e9lectronique. ... Read More","og_url":"https:\/\/nacor.ca\/fr\/examen-national\/notification-des-resultats\/","og_site_name":"NACOR","article_modified_time":"2025-12-18T16:14:54+00:00","twitter_card":"summary_large_image","twitter_misc":{"Dur\u00e9e de lecture estim\u00e9e":"2 minutes"},"schema":{"@context":"https:\/\/schema.org","@graph":[{"@type":"WebPage","@id":"https:\/\/nacor.ca\/fr\/examen-national\/notification-des-resultats\/","url":"https:\/\/nacor.ca\/fr\/examen-national\/notification-des-resultats\/","name":"Notification des r\u00e9sultats - NACOR","isPartOf":{"@id":"https:\/\/nacor.ca\/fr\/#website"},"datePublished":"2022-01-06T15:39:48+00:00","dateModified":"2025-12-18T16:14:54+00:00","breadcrumb":{"@id":"https:\/\/nacor.ca\/fr\/examen-national\/notification-des-resultats\/#breadcrumb"},"inLanguage":"fr-FR","potentialAction":[{"@type":"ReadAction","target":["https:\/\/nacor.ca\/fr\/examen-national\/notification-des-resultats\/"]}]},{"@type":"BreadcrumbList","@id":"https:\/\/nacor.ca\/fr\/examen-national\/notification-des-resultats\/#breadcrumb","itemListElement":[{"@type":"ListItem","position":1,"name":"Home","item":"https:\/\/nacor.ca\/fr\/page-daccueil\/"},{"@type":"ListItem","position":2,"name":"Examens nationaux","item":"https:\/\/nacor.ca\/fr\/examen-national\/"},{"@type":"ListItem","position":3,"name":"Notification des r\u00e9sultats"}]},{"@type":"WebSite","@id":"https:\/\/nacor.ca\/fr\/#website","url":"https:\/\/nacor.ca\/fr\/","name":"NACOR","description":"Alliance nationale des opticiens de r\u00e9glementation du Canada","publisher":{"@id":"https:\/\/nacor.ca\/fr\/#organization"},"potentialAction":[{"@type":"SearchAction","target":{"@type":"EntryPoint","urlTemplate":"https:\/\/nacor.ca\/fr\/?s={search_term_string}"},"query-input":{"@type":"PropertyValueSpecification","valueRequired":true,"valueName":"search_term_string"}}],"inLanguage":"fr-FR"},{"@type":"Organization","@id":"https:\/\/nacor.ca\/fr\/#organization","name":"NACOR (National Alliance of Canadian Optician Regulators)","url":"https:\/\/nacor.ca\/fr\/","logo":{"@type":"ImageObject","inLanguage":"fr-FR","@id":"https:\/\/nacor.ca\/fr\/#\/schema\/logo\/image\/","url":"https:\/\/nacor.ca\/wp-content\/uploads\/2020\/03\/NACOR-icon.png","contentUrl":"https:\/\/nacor.ca\/wp-content\/uploads\/2020\/03\/NACOR-icon.png","width":300,"height":300,"caption":"NACOR (National Alliance of Canadian Optician Regulators)"},"image":{"@id":"https:\/\/nacor.ca\/fr\/#\/schema\/logo\/image\/"}}]}},"_links":{"self":[{"href":"https:\/\/nacor.ca\/fr\/wp-json\/wp\/v2\/pages\/851","targetHints":{"allow":["GET"]}}],"collection":[{"href":"https:\/\/nacor.ca\/fr\/wp-json\/wp\/v2\/pages"}],"about":[{"href":"https:\/\/nacor.ca\/fr\/wp-json\/wp\/v2\/types\/page"}],"author":[{"embeddable":true,"href":"https:\/\/nacor.ca\/fr\/wp-json\/wp\/v2\/users\/1"}],"replies":[{"embeddable":true,"href":"https:\/\/nacor.ca\/fr\/wp-json\/wp\/v2\/comments?post=851"}],"version-history":[{"count":36,"href":"https:\/\/nacor.ca\/fr\/wp-json\/wp\/v2\/pages\/851\/revisions"}],"predecessor-version":[{"id":2365,"href":"https:\/\/nacor.ca\/fr\/wp-json\/wp\/v2\/pages\/851\/revisions\/2365"}],"up":[{"embeddable":true,"href":"https:\/\/nacor.ca\/fr\/wp-json\/wp\/v2\/pages\/785"}],"wp:attachment":[{"href":"https:\/\/nacor.ca\/fr\/wp-json\/wp\/v2\/media?parent=851"}],"curies":[{"name":"wp","href":"https:\/\/api.w.org\/{rel}","templated":true}]}}